 {"id":40,"date":"2021-03-12T19:02:52","date_gmt":"2021-03-12T18:02:52","guid":{"rendered":"https:\/\/blogs.univ-tlse2.fr\/colloque-du-taur\/?page_id=40"},"modified":"2021-03-19T15:19:58","modified_gmt":"2021-03-19T14:19:58","slug":"intervenants","status":"publish","type":"page","link":"https:\/\/blogs.univ-tlse2.fr\/colloque-du-taur\/intervenants\/","title":{"rendered":"Intervenants"},"content":{"rendered":"\n<p class=\"has-text-align-center\"><strong> <\/strong><\/p>\n\n\n\n<p style=\"font-size:21px\"><strong><span class=\"has-inline-color has-black-color\">Avant propos<\/span><\/strong><\/p>\n\n\n\n<p><strong><a href=\"https:\/\/blogs.univ-tlse2.fr\/colloque-du-taur\/laurent-creton\/\" data-type=\"URL\" data-id=\"https:\/\/blogs.univ-tlse2.fr\/colloque-du-taur\/laurent-creton\/\" target=\"_blank\" rel=\"noreferrer noopener\"><span style=\"color:#4f5cbf\" class=\"has-inline-color\">Laurent Creton<\/span><\/a><\/strong><\/p>\n\n\n\n<p><\/p>\n\n\n\n<p style=\"font-size:21px\"><strong><span class=\"has-inline-color has-black-color\">Communications<\/span><\/strong><\/p>\n\n\n\n<p><a href=\"https:\/\/blogs.univ-tlse2.fr\/colloque-du-taur\/anne-sophie-beliard\/\"><strong><span style=\"color:#4f5cbf\" class=\"has-inline-color\">Anne-Sophie B\u00e9liard<\/span><\/strong><\/a>&nbsp; &amp; <strong><a rel=\"noreferrer noopener\" href=\"https:\/\/blogs.univ-tlse2.fr\/colloque-du-taur\/sarah-lecossais\/\" data-type=\"URL\" data-id=\"https:\/\/blogs.univ-tlse2.fr\/colloque-du-taur\/sarah-lecossais\/\" target=\"_blank\"><span style=\"color:#4f5cbf\" class=\"has-inline-color\">Sarah L\u00e9cossais<\/span><\/a><\/strong><br><strong><a rel=\"noreferrer noopener\" href=\"https:\/\/blogs.univ-tlse2.fr\/colloque-du-taur\/kira-kitsopanidou\/\" data-type=\"URL\" data-id=\"https:\/\/blogs.univ-tlse2.fr\/colloque-du-taur\/kira-kitsopanidou\/\" target=\"_blank\"><span style=\"color:#4f5cbf\" class=\"has-inline-color\">Kira Kitsopanidou<\/span><\/a><\/strong> &amp; <strong><a rel=\"noreferrer noopener\" href=\"https:\/\/blogs.univ-tlse2.fr\/colloque-du-taur\/olivier-thevenin\/\" data-type=\"URL\" data-id=\"https:\/\/blogs.univ-tlse2.fr\/colloque-du-taur\/olivier-thevenin\/\" target=\"_blank\"><span style=\"color:#4f5cbf\" class=\"has-inline-color\">Olivier Th\u00e9venin<\/span><\/a><\/strong><span style=\"color:#4f5cbf\" class=\"has-inline-color\"><br><\/span><a rel=\"noreferrer noopener\" href=\"https:\/\/blogs.univ-tlse2.fr\/colloque-du-taur\/ana-vinuela\/\" data-type=\"URL\" data-id=\"https:\/\/blogs.univ-tlse2.fr\/colloque-du-taur\/ana-vinuela\/\" target=\"_blank\"><strong><span style=\"color:#4f5cbf\" class=\"has-inline-color\">Ana Vinuela<\/span><\/strong><\/a><br><a rel=\"noreferrer noopener\" href=\"https:\/\/blogs.univ-tlse2.fr\/colloque-du-taur\/amanda-rueda\/\" data-type=\"URL\" data-id=\"https:\/\/blogs.univ-tlse2.fr\/colloque-du-taur\/amanda-rueda\/\" target=\"_blank\"><strong><span style=\"color:#4f5cbf\" class=\"has-inline-color\">Amanda Rueda<\/span><\/strong><\/a><br><a rel=\"noreferrer noopener\" href=\"https:\/\/blogs.univ-tlse2.fr\/colloque-du-taur\/antonio-costa-valente\/\" data-type=\"URL\" data-id=\"https:\/\/blogs.univ-tlse2.fr\/colloque-du-taur\/antonio-costa-valente\/\" target=\"_blank\"><strong><span style=\"color:#4f5cbf\" class=\"has-inline-color\">Ant\u00f3nio Costa Valente<\/span><\/strong><\/a> &amp; <a rel=\"noreferrer noopener\" href=\"https:\/\/blogs.univ-tlse2.fr\/colloque-du-taur\/claudia-ferreira\/\" data-type=\"URL\" data-id=\"https:\/\/blogs.univ-tlse2.fr\/colloque-du-taur\/claudia-ferreira\/\" target=\"_blank\"><strong><span style=\"color:#4f5cbf\" class=\"has-inline-color\">Claudia Ferreira<\/span><\/strong><\/a><br><a rel=\"noreferrer noopener\" href=\"https:\/\/blogs.univ-tlse2.fr\/colloque-du-taur\/cesaro-pascal\/\" data-type=\"URL\" data-id=\"https:\/\/blogs.univ-tlse2.fr\/colloque-du-taur\/cesaro-pascal\/\" target=\"_blank\"><strong><span style=\"color:#4f5cbf\" class=\"has-inline-color\">Cesaro Pascal<\/span><\/strong><\/a><br><a rel=\"noreferrer noopener\" href=\"https:\/\/blogs.univ-tlse2.fr\/colloque-du-taur\/daniel-virguez\/\" data-type=\"URL\" data-id=\"https:\/\/blogs.univ-tlse2.fr\/colloque-du-taur\/daniel-virguez\/\" target=\"_blank\"><strong><span style=\"color:#4f5cbf\" class=\"has-inline-color\">Daniel Virguez<\/span><\/strong><\/a><\/p>\n\n\n\n<p><\/p>\n\n\n\n<p style=\"font-size:21px\"><strong><span class=\"has-inline-color has-black-color\">Table ronde<\/span><\/strong><\/p>\n\n\n\n<p><a rel=\"noreferrer noopener\" href=\"https:\/\/blogs.univ-tlse2.fr\/colloque-du-taur\/eva-morsch-kihn\/\" data-type=\"URL\" data-id=\"https:\/\/blogs.univ-tlse2.fr\/colloque-du-taur\/eva-morsch-kihn\/\" target=\"_blank\"><strong><span style=\"color:#4f5cbf\" class=\"has-inline-color\">Eva Morsch Kihn<\/span><\/strong><\/a><br><a href=\"https:\/\/blogs.univ-tlse2.fr\/colloque-du-taur\/sophie-bourdon\/\" data-type=\"URL\" data-id=\"https:\/\/blogs.univ-tlse2.fr\/colloque-du-taur\/sophie-bourdon\/\" target=\"_blank\" rel=\"noreferrer noopener\"><strong><span style=\"color:#4f5cbf\" class=\"has-inline-color\">Sophie Bourdon<\/span><\/strong><\/a><br><a rel=\"noreferrer noopener\" href=\"https:\/\/blogs.univ-tlse2.fr\/colloque-du-taur\/laurent-couzeix\/\" data-type=\"URL\" data-id=\"https:\/\/blogs.univ-tlse2.fr\/colloque-du-taur\/laurent-couzeix\/\" target=\"_blank\"><strong><span style=\"color:#4f5cbf\" class=\"has-inline-color\">Laurent Couzeix<\/span><\/strong><\/a><br><a rel=\"noreferrer noopener\" href=\"https:\/\/blogs.univ-tlse2.fr\/colloque-du-taur\/georges-goldenstern\/\" data-type=\"URL\" data-id=\"https:\/\/blogs.univ-tlse2.fr\/colloque-du-taur\/georges-goldenstern\/\" target=\"_blank\"><strong><span style=\"color:#4f5cbf\" class=\"has-inline-color\">Georges Goldenstern<\/span><\/strong><\/a><br><a rel=\"noreferrer noopener\" href=\"https:\/\/blogs.univ-tlse2.fr\/colloque-du-taur\/esther-saint-dizier\/\" data-type=\"URL\" data-id=\"https:\/\/blogs.univ-tlse2.fr\/colloque-du-taur\/esther-saint-dizier\/\" target=\"_blank\"><strong><span style=\"color:#4f5cbf\" class=\"has-inline-color\">Esther Saint-Dizier<\/span><\/strong><\/a><br><a rel=\"noreferrer noopener\" href=\"https:\/\/blogs.univ-tlse2.fr\/colloque-du-taur\/annelyse-vieilledent\/\" data-type=\"URL\" data-id=\"https:\/\/blogs.univ-tlse2.fr\/colloque-du-taur\/annelyse-vieilledent\/\" target=\"_blank\"><strong><span style=\"color:#4f5cbf\" class=\"has-inline-color\">Annelyse Vieilledent<\/span><\/strong><\/a><\/p>\n\n\n\n<p style=\"font-size:21px\"><strong>Mod\u00e9rations<\/strong><\/p>\n\n\n\n<p><a rel=\"noreferrer noopener\" href=\"https:\/\/blogs.univ-tlse2.fr\/colloque-du-taur\/christel-taillibert\/\" data-type=\"URL\" data-id=\"https:\/\/blogs.univ-tlse2.fr\/colloque-du-taur\/christel-taillibert\/\" target=\"_blank\"><strong><span style=\"color:#4f5cbf\" class=\"has-inline-color\">Christel Taillibert<\/span><\/strong><\/a><br><a href=\"https:\/\/blogs.univ-tlse2.fr\/colloque-du-taur\/frederic-gimello-mesplomb\/\" data-type=\"URL\" data-id=\"https:\/\/blogs.univ-tlse2.fr\/colloque-du-taur\/frederic-gimello-mesplomb\/\" target=\"_blank\" rel=\"noreferrer noopener\"><strong><span style=\"color:#4f5cbf\" class=\"has-inline-color\">Fr\u00e9d\u00e9ric Gimello-Mesplomb<\/span><\/strong><\/a><\/p>\n","protected":false},"excerpt":{"rendered":"<p>Avant propos Laurent Creton Communications Anne-Sophie B\u00e9liard&nbsp; &amp; Sarah L\u00e9cossaisKira Kitsopanidou &amp; Olivier Th\u00e9veninAna VinuelaAmanda RuedaAnt\u00f3nio Costa Valente &amp; Claudia FerreiraCesaro PascalDaniel Virguez Table ronde Eva Morsch KihnSophie BourdonLaurent CouzeixGeorges GoldensternEsther Saint-DizierAnnelyse Vieilledent Mod\u00e9rations Christel TaillibertFr\u00e9d\u00e9ric Gimello-Mesplomb<\/p>\n","protected":false},"author":963,"featured_media":237,"parent":0,"menu_order":0,"comment_status":"closed","ping_status":"closed","template":"","meta":{"footnotes":""},"class_list":["post-40","page","type-page","status-publish","has-post-thumbnail"],"_links":{"self":[{"href":"https:\/\/blogs.univ-tlse2.fr\/colloque-du-taur\/wp-json\/wp\/v2\/pages\/40","targetHints":{"allow":["GET"]}}],"collection":[{"href":"https:\/\/blogs.univ-tlse2.fr\/colloque-du-taur\/wp-json\/wp\/v2\/pages"}],"about":[{"href":"https:\/\/blogs.univ-tlse2.fr\/colloque-du-taur\/wp-json\/wp\/v2\/types\/page"}],"author":[{"embeddable":true,"href":"https:\/\/blogs.univ-tlse2.fr\/colloque-du-taur\/wp-json\/wp\/v2\/users\/963"}],"replies":[{"embeddable":true,"href":"https:\/\/blogs.univ-tlse2.fr\/colloque-du-taur\/wp-json\/wp\/v2\/comments?post=40"}],"version-history":[{"count":34,"href":"https:\/\/blogs.univ-tlse2.fr\/colloque-du-taur\/wp-json\/wp\/v2\/pages\/40\/revisions"}],"predecessor-version":[{"id":523,"href":"https:\/\/blogs.univ-tlse2.fr\/colloque-du-taur\/wp-json\/wp\/v2\/pages\/40\/revisions\/523"}],"wp:featuredmedia":[{"embeddable":true,"href":"https:\/\/blogs.univ-tlse2.fr\/colloque-du-taur\/wp-json\/wp\/v2\/media\/237"}],"wp:attachment":[{"href":"https:\/\/blogs.univ-tlse2.fr\/colloque-du-taur\/wp-json\/wp\/v2\/media?parent=40"}],"curies":[{"name":"wp","href":"https:\/\/api.w.org\/{rel}","templated":true}]}}