 {"id":404,"date":"2021-03-15T19:09:22","date_gmt":"2021-03-15T18:09:22","guid":{"rendered":"https:\/\/blogs.univ-tlse2.fr\/colloque-du-taur\/?page_id=404"},"modified":"2021-03-15T21:39:54","modified_gmt":"2021-03-15T20:39:54","slug":"sarah-lecossais","status":"publish","type":"page","link":"https:\/\/blogs.univ-tlse2.fr\/colloque-du-taur\/sarah-lecossais\/","title":{"rendered":"Sarah L\u00e9cossais"},"content":{"rendered":"\n<p><strong>Sarah L\u00e9cossais<\/strong> est Ma\u00eetresse de Conf\u00e9rences en sciences de l\u2019information et de la communication \u00e0 l&rsquo;Universit\u00e9 Sorbonne Paris Nord et membre du labSIC. Ses travaux portent sur les rapports sociaux de genre dans les s\u00e9ries t\u00e9l\u00e9vis\u00e9es : plus pr\u00e9cis\u00e9ment sur les repr\u00e9sentations de la parentalit\u00e9 dans les s\u00e9ries fran\u00e7aises et d\u00e9sormais via une enqu\u00eate aupr\u00e8s de sc\u00e9naristes de s\u00e9ries fran\u00e7aises.<\/p>\n\n\n\n<p><strong>Ses publications r\u00e9centes :<\/strong><\/p>\n\n\n\n<p>L\u00e9cossais, Sarah et Quemener, Nelly (dir.) (2018). <em>En qu\u00eates d&rsquo;archives : bricolages m\u00e9thodologiques en terrains m\u00e9diatiques<\/em>, Paris\/Bry-sur-Marne, \u00e9ditions de l&rsquo;Ina.<\/p>\n\n\n\n<p>B\u00e9liard, Anne-Sophie et L\u00e9cossais, Sarah (2020). \u00ab Les collectifs de sc\u00e9naristes ou la \u00ab\u00a0fabrique\u00a0\u00bb du m\u00e9tier. Compagnonnage et solidarit\u00e9s dans le travail cr\u00e9atif \u00bb, <em>Biens symboliques \/ Symbolic Goods<\/em> (en ligne), n\u00b06, [<a href=\"https:\/\/revue.biens-symboliques.net\/422\" target=\"_blank\" rel=\"noreferrer noopener\">https:\/\/revue.biens-symboliques.net\/422<\/a>]<\/p>\n\n\n\n<p>L\u00e9cossais, Sarah (2020). \u00ab Les s\u00e9ries t\u00e9l\u00e9vis\u00e9es, territoires du genre \u00bb, <em>Recherches f\u00e9ministes<\/em>, n\u00b033, vol.1, pp. 17-34.<\/p>\n","protected":false},"excerpt":{"rendered":"<p>Sarah L\u00e9cossais est Ma\u00eetresse de Conf\u00e9rences en sciences de l\u2019information et de la communication \u00e0 l&rsquo;Universit\u00e9 Sorbonne Paris Nord et membre du labSIC. Ses travaux portent sur les rapports sociaux de genre dans les s\u00e9ries t\u00e9l\u00e9vis\u00e9es : plus pr\u00e9cis\u00e9ment sur les repr\u00e9sentations de la parentalit\u00e9 dans les s\u00e9ries fran\u00e7aises et d\u00e9sormais via une enqu\u00eate aupr\u00e8s de sc\u00e9naristes de s\u00e9ries fran\u00e7aises. Ses publications r\u00e9centes : L\u00e9cossais, Sarah et Quemener, Nelly (dir.) (2018). En qu\u00eates d&rsquo;archives : bricolages m\u00e9thodologiques en terrains m\u00e9diatiques, Paris\/Bry-sur-Marne, \u00e9ditions de l&rsquo;Ina. B\u00e9liard, Anne-Sophie et L\u00e9cossais, Sarah (2020). \u00ab Les collectifs de sc\u00e9naristes ou la \u00ab\u00a0fabrique\u00a0\u00bb du m\u00e9tier. Compagnonnage et solidarit\u00e9s dans le travail cr\u00e9atif \u00bb, Biens symboliques \/ Symbolic Goods (en ligne), n\u00b06, [https:\/\/revue.biens-symboliques.net\/422] L\u00e9cossais, Sarah (2020). \u00ab Les s\u00e9ries t\u00e9l\u00e9vis\u00e9es, territoires du genre \u00bb, Recherches f\u00e9ministes, n\u00b033, vol.1, pp. 17-34.<\/p>\n","protected":false},"author":963,"featured_media":237,"parent":0,"menu_order":0,"comment_status":"closed","ping_status":"closed","template":"","meta":{"footnotes":""},"class_list":["post-404","page","type-page","status-publish","has-post-thumbnail"],"_links":{"self":[{"href":"https:\/\/blogs.univ-tlse2.fr\/colloque-du-taur\/wp-json\/wp\/v2\/pages\/404","targetHints":{"allow":["GET"]}}],"collection":[{"href":"https:\/\/blogs.univ-tlse2.fr\/colloque-du-taur\/wp-json\/wp\/v2\/pages"}],"about":[{"href":"https:\/\/blogs.univ-tlse2.fr\/colloque-du-taur\/wp-json\/wp\/v2\/types\/page"}],"author":[{"embeddable":true,"href":"https:\/\/blogs.univ-tlse2.fr\/colloque-du-taur\/wp-json\/wp\/v2\/users\/963"}],"replies":[{"embeddable":true,"href":"https:\/\/blogs.univ-tlse2.fr\/colloque-du-taur\/wp-json\/wp\/v2\/comments?post=404"}],"version-history":[{"count":3,"href":"https:\/\/blogs.univ-tlse2.fr\/colloque-du-taur\/wp-json\/wp\/v2\/pages\/404\/revisions"}],"predecessor-version":[{"id":486,"href":"https:\/\/blogs.univ-tlse2.fr\/colloque-du-taur\/wp-json\/wp\/v2\/pages\/404\/revisions\/486"}],"wp:featuredmedia":[{"embeddable":true,"href":"https:\/\/blogs.univ-tlse2.fr\/colloque-du-taur\/wp-json\/wp\/v2\/media\/237"}],"wp:attachment":[{"href":"https:\/\/blogs.univ-tlse2.fr\/colloque-du-taur\/wp-json\/wp\/v2\/media?parent=404"}],"curies":[{"name":"wp","href":"https:\/\/api.w.org\/{rel}","templated":true}]}}