 {"id":420,"date":"2021-03-15T19:57:22","date_gmt":"2021-03-15T18:57:22","guid":{"rendered":"https:\/\/blogs.univ-tlse2.fr\/colloque-du-taur\/?page_id=420"},"modified":"2021-03-15T19:58:31","modified_gmt":"2021-03-15T18:58:31","slug":"le-festival-de-films-et-les-forums-de-coproduction-metamorphoses-dun-objet","status":"publish","type":"page","link":"https:\/\/blogs.univ-tlse2.fr\/colloque-du-taur\/le-festival-de-films-et-les-forums-de-coproduction-metamorphoses-dun-objet\/","title":{"rendered":"Le festival de films et les forums de coproduction : m\u00e9tamorphoses d\u2019un objet."},"content":{"rendered":"\n<p><strong><span style=\"color:#4f5cbf\" class=\"has-inline-color\">Kira Kitsopanidou &amp; Olivier Thevenin<\/span><\/strong><\/p>\n\n\n\n<p><strong>R\u00e9sum\u00e9<\/strong><\/p>\n\n\n\n<p>Partant de l\u2019id\u00e9e de rassembler des exp\u00e9riences de terrains (enqu\u00eates S\u00e9ries Mania et \u00e0 la Berlinale) et des recherches en socio-\u00e9conomie sur les festivals, cette contribution propose de cerner cet&nbsp;<em>\u00e9cosyst\u00e8me<\/em>&nbsp;international des festivals de s\u00e9ries en abordant plus particuli\u00e8rement les forums de co-production.&nbsp;<\/p>\n","protected":false},"excerpt":{"rendered":"<p>Kira Kitsopanidou &amp; Olivier Thevenin R\u00e9sum\u00e9 Partant de l\u2019id\u00e9e de rassembler des exp\u00e9riences de terrains (enqu\u00eates S\u00e9ries Mania et \u00e0 la Berlinale) et des recherches en socio-\u00e9conomie sur les festivals, cette contribution propose de cerner cet&nbsp;\u00e9cosyst\u00e8me&nbsp;international des festivals de s\u00e9ries en abordant plus particuli\u00e8rement les forums de co-production.&nbsp;<\/p>\n","protected":false},"author":963,"featured_media":237,"parent":0,"menu_order":0,"comment_status":"closed","ping_status":"closed","template":"","meta":{"footnotes":""},"class_list":["post-420","page","type-page","status-publish","has-post-thumbnail"],"_links":{"self":[{"href":"https:\/\/blogs.univ-tlse2.fr\/colloque-du-taur\/wp-json\/wp\/v2\/pages\/420","targetHints":{"allow":["GET"]}}],"collection":[{"href":"https:\/\/blogs.univ-tlse2.fr\/colloque-du-taur\/wp-json\/wp\/v2\/pages"}],"about":[{"href":"https:\/\/blogs.univ-tlse2.fr\/colloque-du-taur\/wp-json\/wp\/v2\/types\/page"}],"author":[{"embeddable":true,"href":"https:\/\/blogs.univ-tlse2.fr\/colloque-du-taur\/wp-json\/wp\/v2\/users\/963"}],"replies":[{"embeddable":true,"href":"https:\/\/blogs.univ-tlse2.fr\/colloque-du-taur\/wp-json\/wp\/v2\/comments?post=420"}],"version-history":[{"count":2,"href":"https:\/\/blogs.univ-tlse2.fr\/colloque-du-taur\/wp-json\/wp\/v2\/pages\/420\/revisions"}],"predecessor-version":[{"id":423,"href":"https:\/\/blogs.univ-tlse2.fr\/colloque-du-taur\/wp-json\/wp\/v2\/pages\/420\/revisions\/423"}],"wp:featuredmedia":[{"embeddable":true,"href":"https:\/\/blogs.univ-tlse2.fr\/colloque-du-taur\/wp-json\/wp\/v2\/media\/237"}],"wp:attachment":[{"href":"https:\/\/blogs.univ-tlse2.fr\/colloque-du-taur\/wp-json\/wp\/v2\/media?parent=420"}],"curies":[{"name":"wp","href":"https:\/\/api.w.org\/{rel}","templated":true}]}}