 {"id":424,"date":"2021-03-15T20:00:54","date_gmt":"2021-03-15T19:00:54","guid":{"rendered":"https:\/\/blogs.univ-tlse2.fr\/colloque-du-taur\/?page_id=424"},"modified":"2021-03-15T20:00:54","modified_gmt":"2021-03-15T19:00:54","slug":"de-la-mise-en-production-a-la-mise-en-marche-le-role-des-work-in-progress-dans-les-festivals-de-films","status":"publish","type":"page","link":"https:\/\/blogs.univ-tlse2.fr\/colloque-du-taur\/de-la-mise-en-production-a-la-mise-en-marche-le-role-des-work-in-progress-dans-les-festivals-de-films\/","title":{"rendered":"De la mise en production \u00e0 la mise en march\u00e9 : le r\u00f4le des \u00ab\u00a0Work in progress\u00a0\u00bb dans les festivals de films."},"content":{"rendered":"\n<p><strong><span style=\"color:#4f5cbf\" class=\"has-inline-color\">Ana Vinuela<\/span><\/strong><\/p>\n\n\n\n<p><strong>R\u00e9sum\u00e9<\/strong><\/p>\n\n\n\n<p>Les pitchs dans les \u00ab&nbsp;Work in Progress&nbsp;\u00bb des festivals cherchent \u00e0 susciter l\u2019int\u00e9r\u00eat de professionnels susceptibles de s\u2019impliquer dans la finalisation de projets au stade de la postproduction et d\u2019assurer leur insertion dans le circuit festivalier et sur le march\u00e9 du cin\u00e9ma ind\u00e9pendant.&nbsp;En prenant comme terrain d\u2019\u00e9tude&nbsp;le festival des Arcs, cette communication s\u2019attachera \u00e0 identifier les caract\u00e9ristiques et les objectifs de ce dispositif d\u2019interm\u00e9diation entre cr\u00e9ateurs et exportateurs, en interrogeant les crit\u00e8res de jugement convoqu\u00e9s pour la s\u00e9lection des projets et des participants, et les moyens mobilis\u00e9s pour attribuer de la valeur aux projets en vue d&rsquo;accro\u00eetre leur potentiel de circulation internationale.<\/p>\n","protected":false},"excerpt":{"rendered":"<p>Ana Vinuela R\u00e9sum\u00e9 Les pitchs dans les \u00ab&nbsp;Work in Progress&nbsp;\u00bb des festivals cherchent \u00e0 susciter l\u2019int\u00e9r\u00eat de professionnels susceptibles de s\u2019impliquer dans la finalisation de projets au stade de la postproduction et d\u2019assurer leur insertion dans le circuit festivalier et sur le march\u00e9 du cin\u00e9ma ind\u00e9pendant.&nbsp;En prenant comme terrain d\u2019\u00e9tude&nbsp;le festival des Arcs, cette communication s\u2019attachera \u00e0 identifier les caract\u00e9ristiques et les objectifs de ce dispositif d\u2019interm\u00e9diation entre cr\u00e9ateurs et exportateurs, en interrogeant les crit\u00e8res de jugement convoqu\u00e9s pour la s\u00e9lection des projets et des participants, et les moyens mobilis\u00e9s pour attribuer de la valeur aux projets en vue d&rsquo;accro\u00eetre leur potentiel de circulation internationale.<\/p>\n","protected":false},"author":963,"featured_media":237,"parent":0,"menu_order":0,"comment_status":"closed","ping_status":"closed","template":"","meta":{"footnotes":""},"class_list":["post-424","page","type-page","status-publish","has-post-thumbnail"],"_links":{"self":[{"href":"https:\/\/blogs.univ-tlse2.fr\/colloque-du-taur\/wp-json\/wp\/v2\/pages\/424","targetHints":{"allow":["GET"]}}],"collection":[{"href":"https:\/\/blogs.univ-tlse2.fr\/colloque-du-taur\/wp-json\/wp\/v2\/pages"}],"about":[{"href":"https:\/\/blogs.univ-tlse2.fr\/colloque-du-taur\/wp-json\/wp\/v2\/types\/page"}],"author":[{"embeddable":true,"href":"https:\/\/blogs.univ-tlse2.fr\/colloque-du-taur\/wp-json\/wp\/v2\/users\/963"}],"replies":[{"embeddable":true,"href":"https:\/\/blogs.univ-tlse2.fr\/colloque-du-taur\/wp-json\/wp\/v2\/comments?post=424"}],"version-history":[{"count":1,"href":"https:\/\/blogs.univ-tlse2.fr\/colloque-du-taur\/wp-json\/wp\/v2\/pages\/424\/revisions"}],"predecessor-version":[{"id":425,"href":"https:\/\/blogs.univ-tlse2.fr\/colloque-du-taur\/wp-json\/wp\/v2\/pages\/424\/revisions\/425"}],"wp:featuredmedia":[{"embeddable":true,"href":"https:\/\/blogs.univ-tlse2.fr\/colloque-du-taur\/wp-json\/wp\/v2\/media\/237"}],"wp:attachment":[{"href":"https:\/\/blogs.univ-tlse2.fr\/colloque-du-taur\/wp-json\/wp\/v2\/media?parent=424"}],"curies":[{"name":"wp","href":"https:\/\/api.w.org\/{rel}","templated":true}]}}