 {"id":427,"date":"2021-03-15T20:03:20","date_gmt":"2021-03-15T19:03:20","guid":{"rendered":"https:\/\/blogs.univ-tlse2.fr\/colloque-du-taur\/?page_id=427"},"modified":"2021-03-15T20:03:21","modified_gmt":"2021-03-15T19:03:21","slug":"produire-en-amerique-latine-a-lere-des-festivals-australab-et-les-circuits-transnationaux-des-cinemas-damerique-latine","status":"publish","type":"page","link":"https:\/\/blogs.univ-tlse2.fr\/colloque-du-taur\/produire-en-amerique-latine-a-lere-des-festivals-australab-et-les-circuits-transnationaux-des-cinemas-damerique-latine\/","title":{"rendered":"Produire en Am\u00e9rique latine \u00e0 l\u2019\u00e8re des festivals : Australab et les circuits transnationaux des cin\u00e9mas d\u2019Am\u00e9rique latine."},"content":{"rendered":"\n<p><strong><span style=\"color:#4f5cbf\" class=\"has-inline-color\">Amanda Rueda<\/span><\/strong><\/p>\n\n\n\n<p><strong>R\u00e9sum\u00e9<\/strong><\/p>\n\n\n\n<p>Cette contribution interroge les processus de professionnalisation et de mise en r\u00e9seau des festivals de cin\u00e9ma latino-am\u00e9ricains \u00e0 travers la cr\u00e9ation de plateformes de soutien \u00e0 la production et \u00e0 la distribution des films qui tissent des relations \u00e9troites avec un march\u00e9 transnational du cin\u00e9ma d\u2019auteur. Elle s\u2019attache \u00e0 l\u2019\u00e9tude du \u00ab&nbsp;Laboratorio de Industria&nbsp;Australab&nbsp;\u00bb, reli\u00e9 au moment de sa cr\u00e9ation en 2009 au Festival international de cin\u00e9ma de Valdivia (FICValdivia) et alli\u00e9 depuis 2018 au&nbsp;Festival de Locarno.<\/p>\n","protected":false},"excerpt":{"rendered":"<p>Amanda Rueda R\u00e9sum\u00e9 Cette contribution interroge les processus de professionnalisation et de mise en r\u00e9seau des festivals de cin\u00e9ma latino-am\u00e9ricains \u00e0 travers la cr\u00e9ation de plateformes de soutien \u00e0 la production et \u00e0 la distribution des films qui tissent des relations \u00e9troites avec un march\u00e9 transnational du cin\u00e9ma d\u2019auteur. Elle s\u2019attache \u00e0 l\u2019\u00e9tude du \u00ab&nbsp;Laboratorio de Industria&nbsp;Australab&nbsp;\u00bb, reli\u00e9 au moment de sa cr\u00e9ation en 2009 au Festival international de cin\u00e9ma de Valdivia (FICValdivia) et alli\u00e9 depuis 2018 au&nbsp;Festival de Locarno.<\/p>\n","protected":false},"author":963,"featured_media":237,"parent":0,"menu_order":0,"comment_status":"closed","ping_status":"closed","template":"","meta":{"footnotes":""},"class_list":["post-427","page","type-page","status-publish","has-post-thumbnail"],"_links":{"self":[{"href":"https:\/\/blogs.univ-tlse2.fr\/colloque-du-taur\/wp-json\/wp\/v2\/pages\/427","targetHints":{"allow":["GET"]}}],"collection":[{"href":"https:\/\/blogs.univ-tlse2.fr\/colloque-du-taur\/wp-json\/wp\/v2\/pages"}],"about":[{"href":"https:\/\/blogs.univ-tlse2.fr\/colloque-du-taur\/wp-json\/wp\/v2\/types\/page"}],"author":[{"embeddable":true,"href":"https:\/\/blogs.univ-tlse2.fr\/colloque-du-taur\/wp-json\/wp\/v2\/users\/963"}],"replies":[{"embeddable":true,"href":"https:\/\/blogs.univ-tlse2.fr\/colloque-du-taur\/wp-json\/wp\/v2\/comments?post=427"}],"version-history":[{"count":1,"href":"https:\/\/blogs.univ-tlse2.fr\/colloque-du-taur\/wp-json\/wp\/v2\/pages\/427\/revisions"}],"predecessor-version":[{"id":428,"href":"https:\/\/blogs.univ-tlse2.fr\/colloque-du-taur\/wp-json\/wp\/v2\/pages\/427\/revisions\/428"}],"wp:featuredmedia":[{"embeddable":true,"href":"https:\/\/blogs.univ-tlse2.fr\/colloque-du-taur\/wp-json\/wp\/v2\/media\/237"}],"wp:attachment":[{"href":"https:\/\/blogs.univ-tlse2.fr\/colloque-du-taur\/wp-json\/wp\/v2\/media?parent=427"}],"curies":[{"name":"wp","href":"https:\/\/api.w.org\/{rel}","templated":true}]}}