 {"id":430,"date":"2021-03-15T20:05:48","date_gmt":"2021-03-15T19:05:48","guid":{"rendered":"https:\/\/blogs.univ-tlse2.fr\/colloque-du-taur\/?page_id=430"},"modified":"2021-03-15T20:05:48","modified_gmt":"2021-03-15T19:05:48","slug":"communication-et-socialisation-dans-un-projet-de-festival-multiple-entre-films-et-participants-de-plusieurs-geographies","status":"publish","type":"page","link":"https:\/\/blogs.univ-tlse2.fr\/colloque-du-taur\/communication-et-socialisation-dans-un-projet-de-festival-multiple-entre-films-et-participants-de-plusieurs-geographies\/","title":{"rendered":"Communication et socialisation dans un projet de festival multiple entre films et participants de plusieurs g\u00e9ographies."},"content":{"rendered":"\n<p><strong><span style=\"color:#4f5cbf\" class=\"has-inline-color\">Antonio Costa Valente &amp; Claudia Ferreira<\/span><\/strong><\/p>\n\n\n\n<p><strong>R\u00e9sum\u00e9<\/strong><\/p>\n\n\n\n<p>Le Festival international du Film d&rsquo;Avanca, au Portugal, c\u00e9l\u00e8bre cette ann\u00e9e sa 25e \u00e9dition, rassemblant en une semaine un festival du film, un espace d&rsquo;ateliers professionnels, une conf\u00e9rence universitaire, et plus r\u00e9cemment un espace de pitch. Dans ce contexte culturel et acad\u00e9mique \u00e0 la fois, les films, leurs auteurs des quatre coins du monde et les participants se m\u00ealent et construisent un parcours singulier fait de diff\u00e9rences et de diversit\u00e9, et intervenant tant au niveau local qu&rsquo; international. Ces croisements inh\u00e9rents \u00e0 l&rsquo;\u00e9v\u00e9nement ont bien s\u00fbr des implications pour l&rsquo;organisation et doivent \u00eatre pris en consid\u00e9ration dans les strat\u00e9gies de communication.<\/p>\n","protected":false},"excerpt":{"rendered":"<p>Antonio Costa Valente &amp; Claudia Ferreira R\u00e9sum\u00e9 Le Festival international du Film d&rsquo;Avanca, au Portugal, c\u00e9l\u00e8bre cette ann\u00e9e sa 25e \u00e9dition, rassemblant en une semaine un festival du film, un espace d&rsquo;ateliers professionnels, une conf\u00e9rence universitaire, et plus r\u00e9cemment un espace de pitch. Dans ce contexte culturel et acad\u00e9mique \u00e0 la fois, les films, leurs auteurs des quatre coins du monde et les participants se m\u00ealent et construisent un parcours singulier fait de diff\u00e9rences et de diversit\u00e9, et intervenant tant au niveau local qu&rsquo; international. Ces croisements inh\u00e9rents \u00e0 l&rsquo;\u00e9v\u00e9nement ont bien s\u00fbr des implications pour l&rsquo;organisation et doivent \u00eatre pris en consid\u00e9ration dans les strat\u00e9gies de communication.<\/p>\n","protected":false},"author":963,"featured_media":237,"parent":0,"menu_order":0,"comment_status":"closed","ping_status":"closed","template":"","meta":{"footnotes":""},"class_list":["post-430","page","type-page","status-publish","has-post-thumbnail"],"_links":{"self":[{"href":"https:\/\/blogs.univ-tlse2.fr\/colloque-du-taur\/wp-json\/wp\/v2\/pages\/430","targetHints":{"allow":["GET"]}}],"collection":[{"href":"https:\/\/blogs.univ-tlse2.fr\/colloque-du-taur\/wp-json\/wp\/v2\/pages"}],"about":[{"href":"https:\/\/blogs.univ-tlse2.fr\/colloque-du-taur\/wp-json\/wp\/v2\/types\/page"}],"author":[{"embeddable":true,"href":"https:\/\/blogs.univ-tlse2.fr\/colloque-du-taur\/wp-json\/wp\/v2\/users\/963"}],"replies":[{"embeddable":true,"href":"https:\/\/blogs.univ-tlse2.fr\/colloque-du-taur\/wp-json\/wp\/v2\/comments?post=430"}],"version-history":[{"count":1,"href":"https:\/\/blogs.univ-tlse2.fr\/colloque-du-taur\/wp-json\/wp\/v2\/pages\/430\/revisions"}],"predecessor-version":[{"id":431,"href":"https:\/\/blogs.univ-tlse2.fr\/colloque-du-taur\/wp-json\/wp\/v2\/pages\/430\/revisions\/431"}],"wp:featuredmedia":[{"embeddable":true,"href":"https:\/\/blogs.univ-tlse2.fr\/colloque-du-taur\/wp-json\/wp\/v2\/media\/237"}],"wp:attachment":[{"href":"https:\/\/blogs.univ-tlse2.fr\/colloque-du-taur\/wp-json\/wp\/v2\/media?parent=430"}],"curies":[{"name":"wp","href":"https:\/\/api.w.org\/{rel}","templated":true}]}}