 {"id":437,"date":"2021-03-15T20:14:15","date_gmt":"2021-03-15T19:14:15","guid":{"rendered":"https:\/\/blogs.univ-tlse2.fr\/colloque-du-taur\/?page_id=437"},"modified":"2021-03-17T10:04:17","modified_gmt":"2021-03-17T09:04:17","slug":"stop-motion-bus-une-application-pour-accelerer-le-developpement-des-films-danimation-en-volume","status":"publish","type":"page","link":"https:\/\/blogs.univ-tlse2.fr\/colloque-du-taur\/stop-motion-bus-une-application-pour-accelerer-le-developpement-des-films-danimation-en-volume\/","title":{"rendered":"Stop motion bus, une application pour acc\u00e9l\u00e9rer le d\u00e9veloppement des films d\u2019animation en volume."},"content":{"rendered":"\n<p><strong><span style=\"color:#4f5cbf\" class=\"has-inline-color\">Daniel Virguez<\/span><\/strong><\/p>\n\n\n\n<p><strong>R\u00e9sum\u00e9\u00a0<\/strong><\/p>\n\n\n\n<p>Le networking, qu\u2019il soit virtuel (r\u00e9seaux sociaux) ou en pr\u00e9sentiel (festivals), appara\u00eet aujourd\u2019hui comme l\u2019\u00e9tape essentielle de l\u2019accomplissement d\u2019un projet audiovisuel. Dans cet environnement concurrentiel, trouver des partenaires financiers s\u2019impose\u00a0dans la structure-m\u00eame de l\u2019industrie audiovisuelle. Cela appara\u00eet tr\u00e8s concr\u00e8tement avec l\u2019apparition de nombreux carrefours de rencontres destin\u00e9s exclusivement au financement des projets, tel que le\u00a0<em>Cartoon Movie<\/em>. En prenant comme terrain d\u2019\u00e9tude deux projets d\u2019animation en stopmotion, l\u2019un d\u00e9j\u00e0 fini,\u00a0<em>La Casa Lobo<\/em>, de Crist\u00f3bal Le\u00f3n ; et l\u2019autre,\u00a0<em>Zoobox<\/em>\u00a0de Myriam Schott, toujours en recherche de co-production, malgr\u00e9 un diffuseur engag\u00e9 (France T\u00e9l\u00e9vision) depuis plusieurs ann\u00e9es, cette communication s\u2019attache \u00e0 mettre en lumi\u00e8re les difficult\u00e9s de financement que rencontrent les projets r\u00e9alis\u00e9s en stop motion. Ce constat a fait \u00e9merger, sur un terrain empirique, le choix de r\u00e9aliser un lieu de networking virtuel destin\u00e9 uniquement aux professionnels de la stop motion : l\u2019application StopMotion Bus qui a pour vis\u00e9e d\u2019acc\u00e9l\u00e9rer la mise en contact des diff\u00e9rents acteurs int\u00e9ress\u00e9s par cette technique.<\/p>\n","protected":false},"excerpt":{"rendered":"<p>Daniel Virguez R\u00e9sum\u00e9\u00a0 Le networking, qu\u2019il soit virtuel (r\u00e9seaux sociaux) ou en pr\u00e9sentiel (festivals), appara\u00eet aujourd\u2019hui comme l\u2019\u00e9tape essentielle de l\u2019accomplissement d\u2019un projet audiovisuel. Dans cet environnement concurrentiel, trouver des partenaires financiers s\u2019impose\u00a0dans la structure-m\u00eame de l\u2019industrie audiovisuelle. Cela appara\u00eet tr\u00e8s concr\u00e8tement avec l\u2019apparition de nombreux carrefours de rencontres destin\u00e9s exclusivement au financement des projets, tel que le\u00a0Cartoon Movie. En prenant comme terrain d\u2019\u00e9tude deux projets d\u2019animation en stopmotion, l\u2019un d\u00e9j\u00e0 fini,\u00a0La Casa Lobo, de Crist\u00f3bal Le\u00f3n ; et l\u2019autre,\u00a0Zoobox\u00a0de Myriam Schott, toujours en recherche de co-production, malgr\u00e9 un diffuseur engag\u00e9 (France T\u00e9l\u00e9vision) depuis plusieurs ann\u00e9es, cette communication s\u2019attache \u00e0 mettre en lumi\u00e8re les difficult\u00e9s de financement que rencontrent les projets r\u00e9alis\u00e9s en stop motion. Ce constat a fait \u00e9merger, sur un terrain empirique, le choix de r\u00e9aliser un lieu de networking virtuel destin\u00e9 uniquement aux professionnels de la stop motion : l\u2019application StopMotion Bus qui a pour vis\u00e9e d\u2019acc\u00e9l\u00e9rer&hellip;<\/p>\n<p> <a class=\"more-link\" href=\"https:\/\/blogs.univ-tlse2.fr\/colloque-du-taur\/stop-motion-bus-une-application-pour-accelerer-le-developpement-des-films-danimation-en-volume\/\">Lire la suite<\/a><\/p>\n","protected":false},"author":963,"featured_media":237,"parent":0,"menu_order":0,"comment_status":"closed","ping_status":"closed","template":"","meta":{"footnotes":""},"class_list":["post-437","page","type-page","status-publish","has-post-thumbnail"],"_links":{"self":[{"href":"https:\/\/blogs.univ-tlse2.fr\/colloque-du-taur\/wp-json\/wp\/v2\/pages\/437","targetHints":{"allow":["GET"]}}],"collection":[{"href":"https:\/\/blogs.univ-tlse2.fr\/colloque-du-taur\/wp-json\/wp\/v2\/pages"}],"about":[{"href":"https:\/\/blogs.univ-tlse2.fr\/colloque-du-taur\/wp-json\/wp\/v2\/types\/page"}],"author":[{"embeddable":true,"href":"https:\/\/blogs.univ-tlse2.fr\/colloque-du-taur\/wp-json\/wp\/v2\/users\/963"}],"replies":[{"embeddable":true,"href":"https:\/\/blogs.univ-tlse2.fr\/colloque-du-taur\/wp-json\/wp\/v2\/comments?post=437"}],"version-history":[{"count":2,"href":"https:\/\/blogs.univ-tlse2.fr\/colloque-du-taur\/wp-json\/wp\/v2\/pages\/437\/revisions"}],"predecessor-version":[{"id":492,"href":"https:\/\/blogs.univ-tlse2.fr\/colloque-du-taur\/wp-json\/wp\/v2\/pages\/437\/revisions\/492"}],"wp:featuredmedia":[{"embeddable":true,"href":"https:\/\/blogs.univ-tlse2.fr\/colloque-du-taur\/wp-json\/wp\/v2\/media\/237"}],"wp:attachment":[{"href":"https:\/\/blogs.univ-tlse2.fr\/colloque-du-taur\/wp-json\/wp\/v2\/media?parent=437"}],"curies":[{"name":"wp","href":"https:\/\/api.w.org\/{rel}","templated":true}]}}