 {"id":440,"date":"2021-03-15T21:06:08","date_gmt":"2021-03-15T20:06:08","guid":{"rendered":"https:\/\/blogs.univ-tlse2.fr\/colloque-du-taur\/?page_id=440"},"modified":"2021-03-15T21:10:02","modified_gmt":"2021-03-15T20:10:02","slug":"kira-kitsopanidou","status":"publish","type":"page","link":"https:\/\/blogs.univ-tlse2.fr\/colloque-du-taur\/kira-kitsopanidou\/","title":{"rendered":"Kira Kitsopanidou"},"content":{"rendered":"\n<p class=\"has-text-align-left\"><strong>Kira\u00a0Kitsopanidou<\/strong>\u00a0est\u00a0Professeur\u00a0\u00e0\u00a0l&rsquo;Universit\u00e9\u00a0Sorbonne\u00a0Nouvelle,\u00a0et\u00a0chercheuse\u00a0au\u00a0laboratoire\u00a0IRCAV.\u00a0Sp\u00e9cialiste\u00a0de\u00a0la\u00a0socio-\u00e9conomie\u00a0du\u00a0cin\u00e9ma\u00a0et\u00a0de\u00a0l\u2019audiovisuel\u00a0et\u00a0de\u00a0l\u2019histoire\u00a0des\u00a0innovations,\u00a0ses\u00a0analyses\u00a0portent\u00a0sur\u00a0les\u00a0strat\u00e9gies\u00a0d\u2019acteurs\u00a0et\u00a0les\u00a0processus<br>d\u2019innovation\u00a0dans\u00a0les\u00a0champs\u00a0du\u00a0cin\u00e9ma\u00a0et\u00a0de\u00a0l\u2019audiovisuel, d\u2019une\u00a0part, la\u00a0sociohistoire\u00a0et\u00a0la\u00a0sociologie\u00a0des\u00a0m\u00e9tiers\u00a0et\u00a0des\u00a0professions<br>de\u00a0l\u2019audiovisuel,\u00a0d\u2019autre\u00a0part.\u00a0Ses\u00a0derniers\u00a0travaux\u00a0portent\u00a0sur\u00a0l\u2019\u00e9cosyst\u00e8me\u00a0des\u00a0s\u00e9ries\u00a0t\u00e9l\u00e9vis\u00e9es\u00a0et\u00a0l\u2019histoire\u00a0des\u00a0professions\u00a0\u00e0\u00a0la\u00a0t\u00e9l\u00e9vision<br>au\u00a0prisme\u00a0du\u00a0genre.<\/p>\n","protected":false},"excerpt":{"rendered":"<p>Kira\u00a0Kitsopanidou\u00a0est\u00a0Professeur\u00a0\u00e0\u00a0l&rsquo;Universit\u00e9\u00a0Sorbonne\u00a0Nouvelle,\u00a0et\u00a0chercheuse\u00a0au\u00a0laboratoire\u00a0IRCAV.\u00a0Sp\u00e9cialiste\u00a0de\u00a0la\u00a0socio-\u00e9conomie\u00a0du\u00a0cin\u00e9ma\u00a0et\u00a0de\u00a0l\u2019audiovisuel\u00a0et\u00a0de\u00a0l\u2019histoire\u00a0des\u00a0innovations,\u00a0ses\u00a0analyses\u00a0portent\u00a0sur\u00a0les\u00a0strat\u00e9gies\u00a0d\u2019acteurs\u00a0et\u00a0les\u00a0processusd\u2019innovation\u00a0dans\u00a0les\u00a0champs\u00a0du\u00a0cin\u00e9ma\u00a0et\u00a0de\u00a0l\u2019audiovisuel, d\u2019une\u00a0part, la\u00a0sociohistoire\u00a0et\u00a0la\u00a0sociologie\u00a0des\u00a0m\u00e9tiers\u00a0et\u00a0des\u00a0professionsde\u00a0l\u2019audiovisuel,\u00a0d\u2019autre\u00a0part.\u00a0Ses\u00a0derniers\u00a0travaux\u00a0portent\u00a0sur\u00a0l\u2019\u00e9cosyst\u00e8me\u00a0des\u00a0s\u00e9ries\u00a0t\u00e9l\u00e9vis\u00e9es\u00a0et\u00a0l\u2019histoire\u00a0des\u00a0professions\u00a0\u00e0\u00a0la\u00a0t\u00e9l\u00e9visionau\u00a0prisme\u00a0du\u00a0genre.<\/p>\n","protected":false},"author":963,"featured_media":237,"parent":0,"menu_order":0,"comment_status":"closed","ping_status":"closed","template":"","meta":{"footnotes":""},"class_list":["post-440","page","type-page","status-publish","has-post-thumbnail"],"_links":{"self":[{"href":"https:\/\/blogs.univ-tlse2.fr\/colloque-du-taur\/wp-json\/wp\/v2\/pages\/440","targetHints":{"allow":["GET"]}}],"collection":[{"href":"https:\/\/blogs.univ-tlse2.fr\/colloque-du-taur\/wp-json\/wp\/v2\/pages"}],"about":[{"href":"https:\/\/blogs.univ-tlse2.fr\/colloque-du-taur\/wp-json\/wp\/v2\/types\/page"}],"author":[{"embeddable":true,"href":"https:\/\/blogs.univ-tlse2.fr\/colloque-du-taur\/wp-json\/wp\/v2\/users\/963"}],"replies":[{"embeddable":true,"href":"https:\/\/blogs.univ-tlse2.fr\/colloque-du-taur\/wp-json\/wp\/v2\/comments?post=440"}],"version-history":[{"count":9,"href":"https:\/\/blogs.univ-tlse2.fr\/colloque-du-taur\/wp-json\/wp\/v2\/pages\/440\/revisions"}],"predecessor-version":[{"id":451,"href":"https:\/\/blogs.univ-tlse2.fr\/colloque-du-taur\/wp-json\/wp\/v2\/pages\/440\/revisions\/451"}],"wp:featuredmedia":[{"embeddable":true,"href":"https:\/\/blogs.univ-tlse2.fr\/colloque-du-taur\/wp-json\/wp\/v2\/media\/237"}],"wp:attachment":[{"href":"https:\/\/blogs.univ-tlse2.fr\/colloque-du-taur\/wp-json\/wp\/v2\/media?parent=440"}],"curies":[{"name":"wp","href":"https:\/\/api.w.org\/{rel}","templated":true}]}}