 {"id":459,"date":"2021-03-15T21:14:24","date_gmt":"2021-03-15T20:14:24","guid":{"rendered":"https:\/\/blogs.univ-tlse2.fr\/colloque-du-taur\/?page_id=459"},"modified":"2021-03-15T21:41:31","modified_gmt":"2021-03-15T20:41:31","slug":"ana-vinuela","status":"publish","type":"page","link":"https:\/\/blogs.univ-tlse2.fr\/colloque-du-taur\/ana-vinuela\/","title":{"rendered":"Ana Vinuela"},"content":{"rendered":"\n<p><strong>Ana Vinuela<\/strong> est Maitresse de Conf\u00e9rences en \u00e9conomie du cin\u00e9ma et de l\u2019audiovisuel \u00e0 l\u2019Universit\u00e9 Sorbonne Nouvelle, et membre de l\u2019Institut de recherche sur le cin\u00e9ma et l\u2019audiovisuel (IRCAV). Ses recherches portent sur les politiques audiovisuelles et sur l\u2019organisation et les strat\u00e9gies des acteurs des industries cin\u00e9matographiques et audiovisuelles, avec un int\u00e9r\u00eat particulier pour l\u2019\u00e9cosyst\u00e8me industriel autour de la coproduction et la circulation internationale du \u00ab cin\u00e9ma du monde \u00bb. Elle a \u00e9t\u00e9 auparavant responsable de projets europ\u00e9ens \u00e0 la direction de la formation de l\u2019Institut national de l\u2019Audiovisuel et directrice des \u00e9tudes de l\u2019\u00e9cole INA Sup.<\/p>\n\n\n\n<p><strong>Principales publications :<\/strong><\/p>\n\n\n\n<p>(2021) \u00ab&nbsp;Les exportateurs de films dans la globalisation du cin\u00e9ma du monde&nbsp;\u00bb&nbsp;<em>R\u00e9seaux<\/em>, 2021\/2, n\u00b0 226-227\u00ab&nbsp;Globalisation de la culture&nbsp;\u00bb.<\/p>\n\n\n\n<p>(2020) \u00ab&nbsp;Les enjeux de la politique audiovisuelle europ\u00e9enne autour du documentaire&nbsp;\u00bb,&nbsp;<em>Mise au point<\/em>&nbsp;[En ligne], 13&nbsp;|&nbsp;2020,. URL&nbsp;:&nbsp;<a href=\"http:\/\/journals.openedition.org\/map\/4147\">http:\/\/journals.openedition.org\/map\/4147<\/a><\/p>\n\n\n\n<p>(2018) \u00ab&nbsp;Le march\u00e9 de la coproduction de la Berlinale dans l\u2019univers du cin\u00e9ma du monde \u00bb,&nbsp;<em>Entrelacs<\/em>&nbsp;[En ligne], 14&nbsp;|&nbsp;2018, URL&nbsp;:&nbsp;<a href=\"http:\/\/journals.openedition.org\/entrelacs\/4332\">http:\/\/journals.openedition.org\/entrelacs\/4332<\/a>&nbsp;; DOI&nbsp;: 10.4000\/entrelacs.4332 (2018)&nbsp;\u00ab&nbsp;Exporting the French co-production model: Aide aux cin\u00e9mas du Monde and Produire au Sud&nbsp;\u00bb&nbsp;&nbsp;dans&nbsp;Julia Hammett-Jamart et al. (dir.),&nbsp;<em>European Film and Television Co-production&nbsp;: Policy and Practice<\/em>,&nbsp;Basingstoke,&nbsp;Palgrave-Macmillan, 2018, p. 223-239.<\/p>\n","protected":false},"excerpt":{"rendered":"<p>Ana Vinuela est Maitresse de Conf\u00e9rences en \u00e9conomie du cin\u00e9ma et de l\u2019audiovisuel \u00e0 l\u2019Universit\u00e9 Sorbonne Nouvelle, et membre de l\u2019Institut de recherche sur le cin\u00e9ma et l\u2019audiovisuel (IRCAV). Ses recherches portent sur les politiques audiovisuelles et sur l\u2019organisation et les strat\u00e9gies des acteurs des industries cin\u00e9matographiques et audiovisuelles, avec un int\u00e9r\u00eat particulier pour l\u2019\u00e9cosyst\u00e8me industriel autour de la coproduction et la circulation internationale du \u00ab cin\u00e9ma du monde \u00bb. Elle a \u00e9t\u00e9 auparavant responsable de projets europ\u00e9ens \u00e0 la direction de la formation de l\u2019Institut national de l\u2019Audiovisuel et directrice des \u00e9tudes de l\u2019\u00e9cole INA Sup. Principales publications : (2021) \u00ab&nbsp;Les exportateurs de films dans la globalisation du cin\u00e9ma du monde&nbsp;\u00bb&nbsp;R\u00e9seaux, 2021\/2, n\u00b0 226-227\u00ab&nbsp;Globalisation de la culture&nbsp;\u00bb. (2020) \u00ab&nbsp;Les enjeux de la politique audiovisuelle europ\u00e9enne autour du documentaire&nbsp;\u00bb,&nbsp;Mise au point&nbsp;[En ligne], 13&nbsp;|&nbsp;2020,. URL&nbsp;:&nbsp;http:\/\/journals.openedition.org\/map\/4147 (2018) \u00ab&nbsp;Le march\u00e9 de la coproduction de la Berlinale dans l\u2019univers du cin\u00e9ma du monde \u00bb,&nbsp;Entrelacs&nbsp;[En&hellip;<\/p>\n<p> <a class=\"more-link\" href=\"https:\/\/blogs.univ-tlse2.fr\/colloque-du-taur\/ana-vinuela\/\">Lire la suite<\/a><\/p>\n","protected":false},"author":963,"featured_media":237,"parent":0,"menu_order":0,"comment_status":"closed","ping_status":"closed","template":"","meta":{"footnotes":""},"class_list":["post-459","page","type-page","status-publish","has-post-thumbnail"],"_links":{"self":[{"href":"https:\/\/blogs.univ-tlse2.fr\/colloque-du-taur\/wp-json\/wp\/v2\/pages\/459","targetHints":{"allow":["GET"]}}],"collection":[{"href":"https:\/\/blogs.univ-tlse2.fr\/colloque-du-taur\/wp-json\/wp\/v2\/pages"}],"about":[{"href":"https:\/\/blogs.univ-tlse2.fr\/colloque-du-taur\/wp-json\/wp\/v2\/types\/page"}],"author":[{"embeddable":true,"href":"https:\/\/blogs.univ-tlse2.fr\/colloque-du-taur\/wp-json\/wp\/v2\/users\/963"}],"replies":[{"embeddable":true,"href":"https:\/\/blogs.univ-tlse2.fr\/colloque-du-taur\/wp-json\/wp\/v2\/comments?post=459"}],"version-history":[{"count":2,"href":"https:\/\/blogs.univ-tlse2.fr\/colloque-du-taur\/wp-json\/wp\/v2\/pages\/459\/revisions"}],"predecessor-version":[{"id":488,"href":"https:\/\/blogs.univ-tlse2.fr\/colloque-du-taur\/wp-json\/wp\/v2\/pages\/459\/revisions\/488"}],"wp:featuredmedia":[{"embeddable":true,"href":"https:\/\/blogs.univ-tlse2.fr\/colloque-du-taur\/wp-json\/wp\/v2\/media\/237"}],"wp:attachment":[{"href":"https:\/\/blogs.univ-tlse2.fr\/colloque-du-taur\/wp-json\/wp\/v2\/media?parent=459"}],"curies":[{"name":"wp","href":"https:\/\/api.w.org\/{rel}","templated":true}]}}