 {"id":462,"date":"2021-03-15T21:18:04","date_gmt":"2021-03-15T20:18:04","guid":{"rendered":"https:\/\/blogs.univ-tlse2.fr\/colloque-du-taur\/?page_id=462"},"modified":"2021-03-15T21:18:05","modified_gmt":"2021-03-15T20:18:05","slug":"amanda-rueda","status":"publish","type":"page","link":"https:\/\/blogs.univ-tlse2.fr\/colloque-du-taur\/amanda-rueda\/","title":{"rendered":"Amanda Rueda"},"content":{"rendered":"\n<p><strong>Amanda Rueda<\/strong> est Ma\u00eetresse de Conf\u00e9rences en Sciences de l&rsquo;information et de la communication \u00e0 l&rsquo;Universit\u00e9 Toulouse 2 Jean Jaur\u00e8s au d\u00e9partement Art et Communication. Elle est attach\u00e9e au laboratoire LERASS o\u00f9 elle coanime l\u2019axe de recherche Mondes culturels, exp\u00e9riences et num\u00e9rique. Ses travaux portent sur les \u00e9critures audiovisuelles et les exp\u00e9riences de r\u00e9ception, d\u2019une part, et sur les festivals de cinema et les processus de production et de circulation des films, notamment d\u2019Am\u00e9rique latine, d\u2019autre part. Elle est l\u2019autrice de l\u2019ouvrage\u00a0<em>L\u2019Am\u00e9rique latine en France<\/em>, publi\u00e9 par les Presses Universitaires du Midi en 2018. Elle a \u00e9galement co-\u00e9dit\u00e9 l\u2019ouvrage collectif\u00a0<em>Formes audiovisuelles connect\u00e9es, pratiques de cr\u00e9ation et exp\u00e9riences spectatorielles<\/em>\u00a0paru la m\u00eame ann\u00e9e chez les PUP. Elle est membre de l\u2019association\u00a0Rencontres Cin\u00e9mas d\u2019Am\u00e9rique latine de Toulouse qui organise le Festival Cin\u00e9latino et du Comit\u00e9 de r\u00e9daction de la revue trilangue\u00a0<em>Cin\u00e9mas d\u2019Am\u00e9rique latine<\/em>, publi\u00e9e par cette association et les PUM (Presse universitaires Midi).<\/p>\n","protected":false},"excerpt":{"rendered":"<p>Amanda Rueda est Ma\u00eetresse de Conf\u00e9rences en Sciences de l&rsquo;information et de la communication \u00e0 l&rsquo;Universit\u00e9 Toulouse 2 Jean Jaur\u00e8s au d\u00e9partement Art et Communication. Elle est attach\u00e9e au laboratoire LERASS o\u00f9 elle coanime l\u2019axe de recherche Mondes culturels, exp\u00e9riences et num\u00e9rique. Ses travaux portent sur les \u00e9critures audiovisuelles et les exp\u00e9riences de r\u00e9ception, d\u2019une part, et sur les festivals de cinema et les processus de production et de circulation des films, notamment d\u2019Am\u00e9rique latine, d\u2019autre part. Elle est l\u2019autrice de l\u2019ouvrage\u00a0L\u2019Am\u00e9rique latine en France, publi\u00e9 par les Presses Universitaires du Midi en 2018. Elle a \u00e9galement co-\u00e9dit\u00e9 l\u2019ouvrage collectif\u00a0Formes audiovisuelles connect\u00e9es, pratiques de cr\u00e9ation et exp\u00e9riences spectatorielles\u00a0paru la m\u00eame ann\u00e9e chez les PUP. Elle est membre de l\u2019association\u00a0Rencontres Cin\u00e9mas d\u2019Am\u00e9rique latine de Toulouse qui organise le Festival Cin\u00e9latino et du Comit\u00e9 de r\u00e9daction de la revue trilangue\u00a0Cin\u00e9mas d\u2019Am\u00e9rique latine, publi\u00e9e par cette association et les PUM (Presse universitaires Midi).<\/p>\n","protected":false},"author":963,"featured_media":237,"parent":0,"menu_order":0,"comment_status":"closed","ping_status":"closed","template":"","meta":{"footnotes":""},"class_list":["post-462","page","type-page","status-publish","has-post-thumbnail"],"_links":{"self":[{"href":"https:\/\/blogs.univ-tlse2.fr\/colloque-du-taur\/wp-json\/wp\/v2\/pages\/462","targetHints":{"allow":["GET"]}}],"collection":[{"href":"https:\/\/blogs.univ-tlse2.fr\/colloque-du-taur\/wp-json\/wp\/v2\/pages"}],"about":[{"href":"https:\/\/blogs.univ-tlse2.fr\/colloque-du-taur\/wp-json\/wp\/v2\/types\/page"}],"author":[{"embeddable":true,"href":"https:\/\/blogs.univ-tlse2.fr\/colloque-du-taur\/wp-json\/wp\/v2\/users\/963"}],"replies":[{"embeddable":true,"href":"https:\/\/blogs.univ-tlse2.fr\/colloque-du-taur\/wp-json\/wp\/v2\/comments?post=462"}],"version-history":[{"count":1,"href":"https:\/\/blogs.univ-tlse2.fr\/colloque-du-taur\/wp-json\/wp\/v2\/pages\/462\/revisions"}],"predecessor-version":[{"id":463,"href":"https:\/\/blogs.univ-tlse2.fr\/colloque-du-taur\/wp-json\/wp\/v2\/pages\/462\/revisions\/463"}],"wp:featuredmedia":[{"embeddable":true,"href":"https:\/\/blogs.univ-tlse2.fr\/colloque-du-taur\/wp-json\/wp\/v2\/media\/237"}],"wp:attachment":[{"href":"https:\/\/blogs.univ-tlse2.fr\/colloque-du-taur\/wp-json\/wp\/v2\/media?parent=462"}],"curies":[{"name":"wp","href":"https:\/\/api.w.org\/{rel}","templated":true}]}}