 {"id":465,"date":"2021-03-15T21:23:50","date_gmt":"2021-03-15T20:23:50","guid":{"rendered":"https:\/\/blogs.univ-tlse2.fr\/colloque-du-taur\/?page_id=465"},"modified":"2021-03-15T21:42:21","modified_gmt":"2021-03-15T20:42:21","slug":"antonio-costa-valente","status":"publish","type":"page","link":"https:\/\/blogs.univ-tlse2.fr\/colloque-du-taur\/antonio-costa-valente\/","title":{"rendered":"Ant\u00f3nio Costa Valente"},"content":{"rendered":"\n<p>Professeur \u00e0 la Facult\u00e9 des Sciences humaines et sociales de l&rsquo;Universit\u00e9 d&rsquo;Algarve.<br>A enseign\u00e9 dans les universit\u00e9s publiques d&rsquo;Aveiro et Vila Real, ainsi qu&rsquo;\u00e0 l&rsquo;ESAP de Porto o\u00f9 il a dirig\u00e9 le d\u00e9partement de Th\u00e9\u00e2tre et Cin\u00e9ma.<br>Chercheur int\u00e9gr\u00e9 et membre du Conseil Scientifique du \u201cCIAC \u2013 The Research Centre for Arts and Communication\u201d.<br>Il est contributeur \u00e0 \u201cID+, The Research Institute for Design, Media and Culture\u201d et co-r\u00e9dacteur en chef du \u00abInternational Journal of Cinema\u00bb.<\/p>\n\n\n\n<p>Cin\u00e9aste, il est \u00e9galement le Coordinateur Europe de la \u00abF\u00e9d\u00e9ration Internationale des Cin\u00e9-clubs\u00bb et est le Coordinateur National de \u00abINPUT-TV\u00bb (<a href=\"https:\/\/input-tv.org\/home\" data-type=\"URL\" data-id=\"https:\/\/input-tv.org\/home\" target=\"_blank\" rel=\"noreferrer noopener\">www.input-tv.org<\/a>).<\/p>\n\n\n\n<p><strong>Derni\u00e8res publications :<\/strong><\/p>\n\n\n\n<p>Costa Valente, A. (2020). Viagens pelo \u00c9ter, um cinema ap\u00f3s 2008. Avanca, Portugal: debatEvolution. ISBN 978-989-54075-7-6<\/p>\n\n\n\n<p>Costa Valente, A. (2020). (des)poss\u00edvel pref\u00e1cio. In Federico Fellini a inevitabilidade da arte (pp. 7-12). debatEvolution, 7-12. Avanca, Portugal: debatEvolution. ISBN 978-989-54075-6-9<\/p>\n\n\n\n<p>Costa Valente, A. (2019). Entre dois Planos Nacionais \u2013 o reduzido cinema portugu\u00eas e o grande espa\u00e7o da literatura (pp.47-59). In Cinema e Outras Artes I: Di\u00e1logos e Inquietudes Art\u00edsticas. Covilh\u00e3, Portugal: Labcom IFP. ISBN: 978-989-654-583-3<\/p>\n\n\n\n<p>Guzm\u00e1n, N., Lloret, N., Costa Valente, A. (2019). Plataformas de creaci\u00f3n colaborativa em el audiovisual. In Avanca Cinema (pp. 859-865). Edi\u00e7\u00f5es Cineclube de Avanca, 2019. https:\/\/doi.org\/10.37390\/ac.v0i0.80<\/p>\n","protected":false},"excerpt":{"rendered":"<p>Professeur \u00e0 la Facult\u00e9 des Sciences humaines et sociales de l&rsquo;Universit\u00e9 d&rsquo;Algarve.A enseign\u00e9 dans les universit\u00e9s publiques d&rsquo;Aveiro et Vila Real, ainsi qu&rsquo;\u00e0 l&rsquo;ESAP de Porto o\u00f9 il a dirig\u00e9 le d\u00e9partement de Th\u00e9\u00e2tre et Cin\u00e9ma.Chercheur int\u00e9gr\u00e9 et membre du Conseil Scientifique du \u201cCIAC \u2013 The Research Centre for Arts and Communication\u201d.Il est contributeur \u00e0 \u201cID+, The Research Institute for Design, Media and Culture\u201d et co-r\u00e9dacteur en chef du \u00abInternational Journal of Cinema\u00bb. Cin\u00e9aste, il est \u00e9galement le Coordinateur Europe de la \u00abF\u00e9d\u00e9ration Internationale des Cin\u00e9-clubs\u00bb et est le Coordinateur National de \u00abINPUT-TV\u00bb (www.input-tv.org). Derni\u00e8res publications : Costa Valente, A. (2020). Viagens pelo \u00c9ter, um cinema ap\u00f3s 2008. Avanca, Portugal: debatEvolution. ISBN 978-989-54075-7-6 Costa Valente, A. (2020). (des)poss\u00edvel pref\u00e1cio. In Federico Fellini a inevitabilidade da arte (pp. 7-12). debatEvolution, 7-12. Avanca, Portugal: debatEvolution. ISBN 978-989-54075-6-9 Costa Valente, A. (2019). Entre dois Planos Nacionais \u2013 o reduzido cinema portugu\u00eas e o&hellip;<\/p>\n<p> <a class=\"more-link\" href=\"https:\/\/blogs.univ-tlse2.fr\/colloque-du-taur\/antonio-costa-valente\/\">Lire la suite<\/a><\/p>\n","protected":false},"author":963,"featured_media":237,"parent":0,"menu_order":0,"comment_status":"closed","ping_status":"closed","template":"","meta":{"footnotes":""},"class_list":["post-465","page","type-page","status-publish","has-post-thumbnail"],"_links":{"self":[{"href":"https:\/\/blogs.univ-tlse2.fr\/colloque-du-taur\/wp-json\/wp\/v2\/pages\/465","targetHints":{"allow":["GET"]}}],"collection":[{"href":"https:\/\/blogs.univ-tlse2.fr\/colloque-du-taur\/wp-json\/wp\/v2\/pages"}],"about":[{"href":"https:\/\/blogs.univ-tlse2.fr\/colloque-du-taur\/wp-json\/wp\/v2\/types\/page"}],"author":[{"embeddable":true,"href":"https:\/\/blogs.univ-tlse2.fr\/colloque-du-taur\/wp-json\/wp\/v2\/users\/963"}],"replies":[{"embeddable":true,"href":"https:\/\/blogs.univ-tlse2.fr\/colloque-du-taur\/wp-json\/wp\/v2\/comments?post=465"}],"version-history":[{"count":4,"href":"https:\/\/blogs.univ-tlse2.fr\/colloque-du-taur\/wp-json\/wp\/v2\/pages\/465\/revisions"}],"predecessor-version":[{"id":489,"href":"https:\/\/blogs.univ-tlse2.fr\/colloque-du-taur\/wp-json\/wp\/v2\/pages\/465\/revisions\/489"}],"wp:featuredmedia":[{"embeddable":true,"href":"https:\/\/blogs.univ-tlse2.fr\/colloque-du-taur\/wp-json\/wp\/v2\/media\/237"}],"wp:attachment":[{"href":"https:\/\/blogs.univ-tlse2.fr\/colloque-du-taur\/wp-json\/wp\/v2\/media?parent=465"}],"curies":[{"name":"wp","href":"https:\/\/api.w.org\/{rel}","templated":true}]}}