 {"id":473,"date":"2021-03-15T21:31:17","date_gmt":"2021-03-15T20:31:17","guid":{"rendered":"https:\/\/blogs.univ-tlse2.fr\/colloque-du-taur\/?page_id=473"},"modified":"2021-03-15T21:31:17","modified_gmt":"2021-03-15T20:31:17","slug":"cesaro-pascal","status":"publish","type":"page","link":"https:\/\/blogs.univ-tlse2.fr\/colloque-du-taur\/cesaro-pascal\/","title":{"rendered":"Cesaro Pascal"},"content":{"rendered":"\n<p>Enseignant-chercheur, r\u00e9alisateur de films documentaires et co-directeur du master cin\u00e9ma et audiovisuel \u00e0 l\u2019universit\u00e9 d\u2019Aix-Marseille, Pascal Cesaro enseigne la th\u00e9orie et la pratique de la r\u00e9alisation de film documentaire. Membre du laboratoire PRISM (Perception, Repr\u00e9sentations, Image, Son et Musique). Ses recherches et r\u00e9alisations se d\u00e9veloppent \u00e0 partir d\u2019un usage du cin\u00e9ma comme outil d\u2019exploration des r\u00e9alit\u00e9s sociales et humaines en collaboration avec les acteurs de terrain dans un mod\u00e8le d\u2019approche appel\u00e9 \u00ab&nbsp;recherche-action \u00bb. Ses travaux r\u00e9cents portent sur le travail dans le champ de la sant\u00e9, sur le r\u00e9emploi de l\u2019archive audiovisuelle dans des milieux ferm\u00e9s et sur la vid\u00e9o-\u00e9liciation \u00e0 partir d\u2019images de fiction comme autant de modes de d\u00e9passement des paroles emp\u00each\u00e9es.<\/p>\n\n\n\n<p><strong>Principales publications<\/strong><\/p>\n\n\n\n<p>&#8211;\u00a0 \u00ab\u00a0Les ressources de la fiction pour l\u2019entretien\u00a0\u00bb\u00a0(avec Pierre Fournier), <em>Sociologie<\/em> [En ligne], N\u00b0 4, vol. 11\u00a0|\u00a0 2020<\/p>\n\n\n\n<p>&#8211; \u00ab\u00a0Stimuler la r\u00e9flexion \u00e0 partir d&rsquo;images de fiction. Une nouvelle forme de science publique ou d&rsquo;art public ?\u00a0\u00bb (avec Pierre Fournier), Revue <em>Culture et recherche<\/em>, Recherche culturelle et sciences participatives, N\u00b0140, 2020, pp.38-39<\/p>\n\n\n\n<p>&#8211;\u00a0\u00ab\u00a0Des feuilletons soutenus par des minist\u00e8res\u00a0: une t\u00e9l\u00e9vision de divertissement pour une politique d\u2019\u00e9dification\u00a0\u00bb (avec Pierre Fournier), <em>in<\/em> Bernard Papin, Myriam Tsikounas, (dir.), <em>Fictions s\u00e9rielles au temps de la RTF et de l&rsquo;ORTF<\/em>, Paris, INA-L\u2019Harmattan, coll Les m\u00e9dias en acte, pp\u00a073-93, 2018<\/p>\n\n\n\n<p>&#8211; \u00ab L\u2019archive en d\u00e9placement entre le dedans et le dehors \u00bb (avec Le\u00efla Delannoy), Revue <em>D\u00e9m\u00e9ter <\/em>Dossier \u0152uvrer \u00e0 plusieurs : enjeux d&rsquo;aujourd&rsquo;hui, [En ligne] publi\u00e9 le 05\/06\/2018<\/p>\n\n\n\n<p><strong>Filmographie r\u00e9cente\u00a0<\/strong><\/p>\n\n\n\n<p>&#8211; \u00ab\u00a0De la fiction faire science\u00a0\u00bb (avec Pierre Fournier), documentaire interactif, Fondation Amidex, PRISM, LAMES, INA, de 45 \u00e0 80 mn, 2019. URL\u00a0: <a href=\"https:\/\/fifas.huma-num.fr\/#Introduction\">https:\/\/fifas.huma-num.fr\/#Introduction<\/a><\/p>\n\n\n\n<p>&#8211; \u00ab\u00a0\u00catre au plus pr\u00e8s\u00a0\u00bb, AMFD13, 24mn, 2019<\/p>\n\n\n\n<p>&#8211; \u00ab\u00a0Une Maison au bord du monde\u00a0\u00bb, Productions du Lagon, avec le soutien du CNRS audiovisuel, 75mn, 2018<\/p>\n\n\n\n<p>&#8211;\u00a0\u00ab\u00a0Sur les traces des atomistes. Un pas de c\u00f4t\u00e9 pour un sociologue de terrain\u00a0\u00bb, (avec Pierre Fournier), CNRS et l\u2019AMU, 90mn, 2016<\/p>\n\n\n\n<p>&#8211; \u00ab\u00a0Une Maison au bord du monde\u00a0\u00bb, Productions du Lagon, avec le soutien du CNRS audiovisuel, 75mn, 2018<\/p>\n\n\n\n<p>&#8211;\u00a0\u00ab\u00a0Sur les traces des atomistes. Un pas de c\u00f4t\u00e9 pour un sociologue de terrain\u00a0\u00bb, (avec Pierre Fournier), CNRS et l\u2019AMU, 90mn, 2016<\/p>\n","protected":false},"excerpt":{"rendered":"<p>Enseignant-chercheur, r\u00e9alisateur de films documentaires et co-directeur du master cin\u00e9ma et audiovisuel \u00e0 l\u2019universit\u00e9 d\u2019Aix-Marseille, Pascal Cesaro enseigne la th\u00e9orie et la pratique de la r\u00e9alisation de film documentaire. Membre du laboratoire PRISM (Perception, Repr\u00e9sentations, Image, Son et Musique). Ses recherches et r\u00e9alisations se d\u00e9veloppent \u00e0 partir d\u2019un usage du cin\u00e9ma comme outil d\u2019exploration des r\u00e9alit\u00e9s sociales et humaines en collaboration avec les acteurs de terrain dans un mod\u00e8le d\u2019approche appel\u00e9 \u00ab&nbsp;recherche-action \u00bb. Ses travaux r\u00e9cents portent sur le travail dans le champ de la sant\u00e9, sur le r\u00e9emploi de l\u2019archive audiovisuelle dans des milieux ferm\u00e9s et sur la vid\u00e9o-\u00e9liciation \u00e0 partir d\u2019images de fiction comme autant de modes de d\u00e9passement des paroles emp\u00each\u00e9es. Principales publications &#8211;\u00a0 \u00ab\u00a0Les ressources de la fiction pour l\u2019entretien\u00a0\u00bb\u00a0(avec Pierre Fournier), Sociologie [En ligne], N\u00b0 4, vol. 11\u00a0|\u00a0 2020 &#8211; \u00ab\u00a0Stimuler la r\u00e9flexion \u00e0 partir d&rsquo;images de fiction. Une nouvelle forme de science publique ou&hellip;<\/p>\n<p> <a class=\"more-link\" href=\"https:\/\/blogs.univ-tlse2.fr\/colloque-du-taur\/cesaro-pascal\/\">Lire la suite<\/a><\/p>\n","protected":false},"author":963,"featured_media":237,"parent":0,"menu_order":0,"comment_status":"closed","ping_status":"closed","template":"","meta":{"footnotes":""},"class_list":["post-473","page","type-page","status-publish","has-post-thumbnail"],"_links":{"self":[{"href":"https:\/\/blogs.univ-tlse2.fr\/colloque-du-taur\/wp-json\/wp\/v2\/pages\/473","targetHints":{"allow":["GET"]}}],"collection":[{"href":"https:\/\/blogs.univ-tlse2.fr\/colloque-du-taur\/wp-json\/wp\/v2\/pages"}],"about":[{"href":"https:\/\/blogs.univ-tlse2.fr\/colloque-du-taur\/wp-json\/wp\/v2\/types\/page"}],"author":[{"embeddable":true,"href":"https:\/\/blogs.univ-tlse2.fr\/colloque-du-taur\/wp-json\/wp\/v2\/users\/963"}],"replies":[{"embeddable":true,"href":"https:\/\/blogs.univ-tlse2.fr\/colloque-du-taur\/wp-json\/wp\/v2\/comments?post=473"}],"version-history":[{"count":1,"href":"https:\/\/blogs.univ-tlse2.fr\/colloque-du-taur\/wp-json\/wp\/v2\/pages\/473\/revisions"}],"predecessor-version":[{"id":474,"href":"https:\/\/blogs.univ-tlse2.fr\/colloque-du-taur\/wp-json\/wp\/v2\/pages\/473\/revisions\/474"}],"wp:featuredmedia":[{"embeddable":true,"href":"https:\/\/blogs.univ-tlse2.fr\/colloque-du-taur\/wp-json\/wp\/v2\/media\/237"}],"wp:attachment":[{"href":"https:\/\/blogs.univ-tlse2.fr\/colloque-du-taur\/wp-json\/wp\/v2\/media?parent=473"}],"curies":[{"name":"wp","href":"https:\/\/api.w.org\/{rel}","templated":true}]}}