 {"id":476,"date":"2021-03-15T21:33:14","date_gmt":"2021-03-15T20:33:14","guid":{"rendered":"https:\/\/blogs.univ-tlse2.fr\/colloque-du-taur\/?page_id=476"},"modified":"2021-03-17T10:05:01","modified_gmt":"2021-03-17T09:05:01","slug":"daniel-virguez","status":"publish","type":"page","link":"https:\/\/blogs.univ-tlse2.fr\/colloque-du-taur\/daniel-virguez\/","title":{"rendered":"Daniel Virguez"},"content":{"rendered":"\n<p><strong>Daniel Virguez<\/strong> est doctorant dans l\u2019\u00e9quipe LARA du LARA-SEPPIA de l&rsquo;Universit\u00e9 Jean Jaur\u00e8s de Toulouse. Son sujet de th\u00e8se concerne l&rsquo;exploration des fonctionnements de la coproduction internationale dans les films d&rsquo;animation en Stop Motion. Dans une perspective de cr\u00e9ation-recherche, il s\u2019appuie sur son exp\u00e9rience professionnelle en tant qu&rsquo;animateur chez XBO Films depuis 2013.<br>Originaire de Colombie et dipl\u00f4m\u00e9 en production audiovisuelle \u00e0 l&rsquo;universit\u00e9 nationale de Bogota. Il a eu ses premi\u00e8res rencontres avec l&rsquo;animation et la sculpture en p\u00e2te \u00e0 modeler d\u00e8s l&rsquo;\u00e2ge de 7 ans.<\/p>\n","protected":false},"excerpt":{"rendered":"<p>Daniel Virguez est doctorant dans l\u2019\u00e9quipe LARA du LARA-SEPPIA de l&rsquo;Universit\u00e9 Jean Jaur\u00e8s de Toulouse. Son sujet de th\u00e8se concerne l&rsquo;exploration des fonctionnements de la coproduction internationale dans les films d&rsquo;animation en Stop Motion. Dans une perspective de cr\u00e9ation-recherche, il s\u2019appuie sur son exp\u00e9rience professionnelle en tant qu&rsquo;animateur chez XBO Films depuis 2013.Originaire de Colombie et dipl\u00f4m\u00e9 en production audiovisuelle \u00e0 l&rsquo;universit\u00e9 nationale de Bogota. Il a eu ses premi\u00e8res rencontres avec l&rsquo;animation et la sculpture en p\u00e2te \u00e0 modeler d\u00e8s l&rsquo;\u00e2ge de 7 ans.<\/p>\n","protected":false},"author":963,"featured_media":237,"parent":0,"menu_order":0,"comment_status":"closed","ping_status":"closed","template":"","meta":{"footnotes":""},"class_list":["post-476","page","type-page","status-publish","has-post-thumbnail"],"_links":{"self":[{"href":"https:\/\/blogs.univ-tlse2.fr\/colloque-du-taur\/wp-json\/wp\/v2\/pages\/476","targetHints":{"allow":["GET"]}}],"collection":[{"href":"https:\/\/blogs.univ-tlse2.fr\/colloque-du-taur\/wp-json\/wp\/v2\/pages"}],"about":[{"href":"https:\/\/blogs.univ-tlse2.fr\/colloque-du-taur\/wp-json\/wp\/v2\/types\/page"}],"author":[{"embeddable":true,"href":"https:\/\/blogs.univ-tlse2.fr\/colloque-du-taur\/wp-json\/wp\/v2\/users\/963"}],"replies":[{"embeddable":true,"href":"https:\/\/blogs.univ-tlse2.fr\/colloque-du-taur\/wp-json\/wp\/v2\/comments?post=476"}],"version-history":[{"count":4,"href":"https:\/\/blogs.univ-tlse2.fr\/colloque-du-taur\/wp-json\/wp\/v2\/pages\/476\/revisions"}],"predecessor-version":[{"id":494,"href":"https:\/\/blogs.univ-tlse2.fr\/colloque-du-taur\/wp-json\/wp\/v2\/pages\/476\/revisions\/494"}],"wp:featuredmedia":[{"embeddable":true,"href":"https:\/\/blogs.univ-tlse2.fr\/colloque-du-taur\/wp-json\/wp\/v2\/media\/237"}],"wp:attachment":[{"href":"https:\/\/blogs.univ-tlse2.fr\/colloque-du-taur\/wp-json\/wp\/v2\/media?parent=476"}],"curies":[{"name":"wp","href":"https:\/\/api.w.org\/{rel}","templated":true}]}}