 {"id":495,"date":"2021-03-17T10:06:08","date_gmt":"2021-03-17T09:06:08","guid":{"rendered":"https:\/\/blogs.univ-tlse2.fr\/colloque-du-taur\/?page_id=495"},"modified":"2021-03-17T10:06:08","modified_gmt":"2021-03-17T09:06:08","slug":"laurent-creton","status":"publish","type":"page","link":"https:\/\/blogs.univ-tlse2.fr\/colloque-du-taur\/laurent-creton\/","title":{"rendered":"Laurent Creton"},"content":{"rendered":"\n<p><strong>Laurent Creton<\/strong> est professeur \u00e0 l&rsquo;universit\u00e9 Sorbonne Nouvelle et membre de l\u2019IRCAV. Sp\u00e9cialiste de l\u2019\u00e9conomie du cin\u00e9ma et de l\u2019audiovisuel, ses recherches portent notamment sur les march\u00e9s du cin\u00e9ma, son histoire institutionnelle, les strat\u00e9gies d\u2019entreprise, les relations avec la t\u00e9l\u00e9vision et les industries de la communication. Il a publi\u00e9 de nombreux articles et une quinzaine d\u2019ouvrages consacr\u00e9s \u00e0 ces questions, parmi lesquels\u00a0<em>\u00c9conomie du cin\u00e9ma\u00a0: perspectives strat\u00e9giques<\/em>, Armand Colin [1994], 2020\u00a0;\u00a0<em>Cin\u00e9ma et strat\u00e9gies\u00a0: \u00e9conomie des interd\u00e9pendances<\/em>\u00a0(dir.), revue\u00a0<em>Th\u00e9or\u00e8me<\/em>, Presses Sorbonne Nouvelle, 2008.<\/p>\n","protected":false},"excerpt":{"rendered":"<p>Laurent Creton est professeur \u00e0 l&rsquo;universit\u00e9 Sorbonne Nouvelle et membre de l\u2019IRCAV. Sp\u00e9cialiste de l\u2019\u00e9conomie du cin\u00e9ma et de l\u2019audiovisuel, ses recherches portent notamment sur les march\u00e9s du cin\u00e9ma, son histoire institutionnelle, les strat\u00e9gies d\u2019entreprise, les relations avec la t\u00e9l\u00e9vision et les industries de la communication. Il a publi\u00e9 de nombreux articles et une quinzaine d\u2019ouvrages consacr\u00e9s \u00e0 ces questions, parmi lesquels\u00a0\u00c9conomie du cin\u00e9ma\u00a0: perspectives strat\u00e9giques, Armand Colin [1994], 2020\u00a0;\u00a0Cin\u00e9ma et strat\u00e9gies\u00a0: \u00e9conomie des interd\u00e9pendances\u00a0(dir.), revue\u00a0Th\u00e9or\u00e8me, Presses Sorbonne Nouvelle, 2008.<\/p>\n","protected":false},"author":963,"featured_media":237,"parent":0,"menu_order":0,"comment_status":"closed","ping_status":"closed","template":"","meta":{"footnotes":""},"class_list":["post-495","page","type-page","status-publish","has-post-thumbnail"],"_links":{"self":[{"href":"https:\/\/blogs.univ-tlse2.fr\/colloque-du-taur\/wp-json\/wp\/v2\/pages\/495","targetHints":{"allow":["GET"]}}],"collection":[{"href":"https:\/\/blogs.univ-tlse2.fr\/colloque-du-taur\/wp-json\/wp\/v2\/pages"}],"about":[{"href":"https:\/\/blogs.univ-tlse2.fr\/colloque-du-taur\/wp-json\/wp\/v2\/types\/page"}],"author":[{"embeddable":true,"href":"https:\/\/blogs.univ-tlse2.fr\/colloque-du-taur\/wp-json\/wp\/v2\/users\/963"}],"replies":[{"embeddable":true,"href":"https:\/\/blogs.univ-tlse2.fr\/colloque-du-taur\/wp-json\/wp\/v2\/comments?post=495"}],"version-history":[{"count":1,"href":"https:\/\/blogs.univ-tlse2.fr\/colloque-du-taur\/wp-json\/wp\/v2\/pages\/495\/revisions"}],"predecessor-version":[{"id":496,"href":"https:\/\/blogs.univ-tlse2.fr\/colloque-du-taur\/wp-json\/wp\/v2\/pages\/495\/revisions\/496"}],"wp:featuredmedia":[{"embeddable":true,"href":"https:\/\/blogs.univ-tlse2.fr\/colloque-du-taur\/wp-json\/wp\/v2\/media\/237"}],"wp:attachment":[{"href":"https:\/\/blogs.univ-tlse2.fr\/colloque-du-taur\/wp-json\/wp\/v2\/media?parent=495"}],"curies":[{"name":"wp","href":"https:\/\/api.w.org\/{rel}","templated":true}]}}