 {"id":500,"date":"2021-03-17T10:10:00","date_gmt":"2021-03-17T09:10:00","guid":{"rendered":"https:\/\/blogs.univ-tlse2.fr\/colloque-du-taur\/?page_id=500"},"modified":"2021-03-17T10:10:01","modified_gmt":"2021-03-17T09:10:01","slug":"christel-taillibert","status":"publish","type":"page","link":"https:\/\/blogs.univ-tlse2.fr\/colloque-du-taur\/christel-taillibert\/","title":{"rendered":"Christel Taillibert"},"content":{"rendered":"\n<p><strong>Christel Taillibert<\/strong> est enseignant-chercheur \u00e0 l&rsquo;Universit\u00e9 C\u00f4te d&rsquo;Azur, o\u00f9 elle dirige le d\u00e9partement Information-communication. Elle est membre du Laboratoire Interdisciplinaires R\u00e9cits, Cultures et Soci\u00e9t\u00e9s (LIRCES) et ses recherches portent sur les rencontres entre l&rsquo;image anim\u00e9es et l&rsquo;\u00e9ducation (cin\u00e9matographie \u00e9ducative, festivals, cin\u00e9philie) et les transformations engendr\u00e9es par le d\u00e9veloppement des plateformes de mise \u00e0 disposition d&rsquo;images anim\u00e9es.<\/p>\n","protected":false},"excerpt":{"rendered":"<p>Christel Taillibert est enseignant-chercheur \u00e0 l&rsquo;Universit\u00e9 C\u00f4te d&rsquo;Azur, o\u00f9 elle dirige le d\u00e9partement Information-communication. Elle est membre du Laboratoire Interdisciplinaires R\u00e9cits, Cultures et Soci\u00e9t\u00e9s (LIRCES) et ses recherches portent sur les rencontres entre l&rsquo;image anim\u00e9es et l&rsquo;\u00e9ducation (cin\u00e9matographie \u00e9ducative, festivals, cin\u00e9philie) et les transformations engendr\u00e9es par le d\u00e9veloppement des plateformes de mise \u00e0 disposition d&rsquo;images anim\u00e9es.<\/p>\n","protected":false},"author":963,"featured_media":237,"parent":0,"menu_order":0,"comment_status":"closed","ping_status":"closed","template":"","meta":{"footnotes":""},"class_list":["post-500","page","type-page","status-publish","has-post-thumbnail"],"_links":{"self":[{"href":"https:\/\/blogs.univ-tlse2.fr\/colloque-du-taur\/wp-json\/wp\/v2\/pages\/500","targetHints":{"allow":["GET"]}}],"collection":[{"href":"https:\/\/blogs.univ-tlse2.fr\/colloque-du-taur\/wp-json\/wp\/v2\/pages"}],"about":[{"href":"https:\/\/blogs.univ-tlse2.fr\/colloque-du-taur\/wp-json\/wp\/v2\/types\/page"}],"author":[{"embeddable":true,"href":"https:\/\/blogs.univ-tlse2.fr\/colloque-du-taur\/wp-json\/wp\/v2\/users\/963"}],"replies":[{"embeddable":true,"href":"https:\/\/blogs.univ-tlse2.fr\/colloque-du-taur\/wp-json\/wp\/v2\/comments?post=500"}],"version-history":[{"count":1,"href":"https:\/\/blogs.univ-tlse2.fr\/colloque-du-taur\/wp-json\/wp\/v2\/pages\/500\/revisions"}],"predecessor-version":[{"id":501,"href":"https:\/\/blogs.univ-tlse2.fr\/colloque-du-taur\/wp-json\/wp\/v2\/pages\/500\/revisions\/501"}],"wp:featuredmedia":[{"embeddable":true,"href":"https:\/\/blogs.univ-tlse2.fr\/colloque-du-taur\/wp-json\/wp\/v2\/media\/237"}],"wp:attachment":[{"href":"https:\/\/blogs.univ-tlse2.fr\/colloque-du-taur\/wp-json\/wp\/v2\/media?parent=500"}],"curies":[{"name":"wp","href":"https:\/\/api.w.org\/{rel}","templated":true}]}}