 {"id":503,"date":"2021-03-17T10:11:17","date_gmt":"2021-03-17T09:11:17","guid":{"rendered":"https:\/\/blogs.univ-tlse2.fr\/colloque-du-taur\/?page_id=503"},"modified":"2021-03-17T10:11:29","modified_gmt":"2021-03-17T09:11:29","slug":"frederic-gimello-mesplomb","status":"publish","type":"page","link":"https:\/\/blogs.univ-tlse2.fr\/colloque-du-taur\/frederic-gimello-mesplomb\/","title":{"rendered":"Fr\u00e9d\u00e9ric Gimello-Mesplomb"},"content":{"rendered":"\n<p><strong>Fr\u00e9d\u00e9ric Gimello-Mesplomb<\/strong> est Professeur des Universit\u00e9s en Sciences de l&rsquo;Information et de la Communication \u00e0 l&rsquo;Universit\u00e9 d&rsquo;Avignon, membre du laboratoire Culture &amp; Communication (EA 7542 Avignon Universit\u00e9).<\/p>\n\n\n\n<p>Ses recherches portent sur les m\u00e9dias et les publics des m\u00e9diations num\u00e9riques; la gouvernance culturelle, l&rsquo;\u00e9conomie publique des dispositifs audiovisuels, culturels et transm\u00e9dia; et les dispositifs spectatoriels de consommation des objets et des productions culturelles<\/p>\n","protected":false},"excerpt":{"rendered":"<p>Fr\u00e9d\u00e9ric Gimello-Mesplomb est Professeur des Universit\u00e9s en Sciences de l&rsquo;Information et de la Communication \u00e0 l&rsquo;Universit\u00e9 d&rsquo;Avignon, membre du laboratoire Culture &amp; Communication (EA 7542 Avignon Universit\u00e9). Ses recherches portent sur les m\u00e9dias et les publics des m\u00e9diations num\u00e9riques; la gouvernance culturelle, l&rsquo;\u00e9conomie publique des dispositifs audiovisuels, culturels et transm\u00e9dia; et les dispositifs spectatoriels de consommation des objets et des productions culturelles<\/p>\n","protected":false},"author":963,"featured_media":237,"parent":0,"menu_order":0,"comment_status":"closed","ping_status":"closed","template":"","meta":{"footnotes":""},"class_list":["post-503","page","type-page","status-publish","has-post-thumbnail"],"_links":{"self":[{"href":"https:\/\/blogs.univ-tlse2.fr\/colloque-du-taur\/wp-json\/wp\/v2\/pages\/503","targetHints":{"allow":["GET"]}}],"collection":[{"href":"https:\/\/blogs.univ-tlse2.fr\/colloque-du-taur\/wp-json\/wp\/v2\/pages"}],"about":[{"href":"https:\/\/blogs.univ-tlse2.fr\/colloque-du-taur\/wp-json\/wp\/v2\/types\/page"}],"author":[{"embeddable":true,"href":"https:\/\/blogs.univ-tlse2.fr\/colloque-du-taur\/wp-json\/wp\/v2\/users\/963"}],"replies":[{"embeddable":true,"href":"https:\/\/blogs.univ-tlse2.fr\/colloque-du-taur\/wp-json\/wp\/v2\/comments?post=503"}],"version-history":[{"count":1,"href":"https:\/\/blogs.univ-tlse2.fr\/colloque-du-taur\/wp-json\/wp\/v2\/pages\/503\/revisions"}],"predecessor-version":[{"id":504,"href":"https:\/\/blogs.univ-tlse2.fr\/colloque-du-taur\/wp-json\/wp\/v2\/pages\/503\/revisions\/504"}],"wp:featuredmedia":[{"embeddable":true,"href":"https:\/\/blogs.univ-tlse2.fr\/colloque-du-taur\/wp-json\/wp\/v2\/media\/237"}],"wp:attachment":[{"href":"https:\/\/blogs.univ-tlse2.fr\/colloque-du-taur\/wp-json\/wp\/v2\/media?parent=503"}],"curies":[{"name":"wp","href":"https:\/\/api.w.org\/{rel}","templated":true}]}}