 {"id":508,"date":"2021-03-17T14:03:51","date_gmt":"2021-03-17T13:03:51","guid":{"rendered":"https:\/\/blogs.univ-tlse2.fr\/colloque-du-taur\/?page_id=508"},"modified":"2021-03-17T14:03:51","modified_gmt":"2021-03-17T13:03:51","slug":"georges-goldenstern","status":"publish","type":"page","link":"https:\/\/blogs.univ-tlse2.fr\/colloque-du-taur\/georges-goldenstern\/","title":{"rendered":"Georges Goldenstern"},"content":{"rendered":"\n<p><strong>Georges Goldenstern <\/strong>est \u00e0 l\u2019origine de la cha\u00eene\u00a0culturelle ARTE. Il a cr\u00e9\u00e9 la branche\u00a0ARTE France Cin\u00e9ma dont il a \u00e9t\u00e9 le directeur g\u00e9n\u00e9ral et le responsable des\u00a0acquisitions. Depuis 2002, il est directeur g\u00e9n\u00e9ral de la Cin\u00e9fondation.\u00a0\u00a0<\/p>\n","protected":false},"excerpt":{"rendered":"<p>Georges Goldenstern est \u00e0 l\u2019origine de la cha\u00eene\u00a0culturelle ARTE. Il a cr\u00e9\u00e9 la branche\u00a0ARTE France Cin\u00e9ma dont il a \u00e9t\u00e9 le directeur g\u00e9n\u00e9ral et le responsable des\u00a0acquisitions. Depuis 2002, il est directeur g\u00e9n\u00e9ral de la Cin\u00e9fondation.\u00a0\u00a0<\/p>\n","protected":false},"author":963,"featured_media":237,"parent":0,"menu_order":0,"comment_status":"closed","ping_status":"closed","template":"","meta":{"footnotes":""},"class_list":["post-508","page","type-page","status-publish","has-post-thumbnail"],"_links":{"self":[{"href":"https:\/\/blogs.univ-tlse2.fr\/colloque-du-taur\/wp-json\/wp\/v2\/pages\/508","targetHints":{"allow":["GET"]}}],"collection":[{"href":"https:\/\/blogs.univ-tlse2.fr\/colloque-du-taur\/wp-json\/wp\/v2\/pages"}],"about":[{"href":"https:\/\/blogs.univ-tlse2.fr\/colloque-du-taur\/wp-json\/wp\/v2\/types\/page"}],"author":[{"embeddable":true,"href":"https:\/\/blogs.univ-tlse2.fr\/colloque-du-taur\/wp-json\/wp\/v2\/users\/963"}],"replies":[{"embeddable":true,"href":"https:\/\/blogs.univ-tlse2.fr\/colloque-du-taur\/wp-json\/wp\/v2\/comments?post=508"}],"version-history":[{"count":1,"href":"https:\/\/blogs.univ-tlse2.fr\/colloque-du-taur\/wp-json\/wp\/v2\/pages\/508\/revisions"}],"predecessor-version":[{"id":509,"href":"https:\/\/blogs.univ-tlse2.fr\/colloque-du-taur\/wp-json\/wp\/v2\/pages\/508\/revisions\/509"}],"wp:featuredmedia":[{"embeddable":true,"href":"https:\/\/blogs.univ-tlse2.fr\/colloque-du-taur\/wp-json\/wp\/v2\/media\/237"}],"wp:attachment":[{"href":"https:\/\/blogs.univ-tlse2.fr\/colloque-du-taur\/wp-json\/wp\/v2\/media?parent=508"}],"curies":[{"name":"wp","href":"https:\/\/api.w.org\/{rel}","templated":true}]}}