 {"id":511,"date":"2021-03-17T14:23:58","date_gmt":"2021-03-17T13:23:58","guid":{"rendered":"https:\/\/blogs.univ-tlse2.fr\/colloque-du-taur\/?page_id=511"},"modified":"2021-03-17T14:23:58","modified_gmt":"2021-03-17T13:23:58","slug":"eva-morsch-kihn","status":"publish","type":"page","link":"https:\/\/blogs.univ-tlse2.fr\/colloque-du-taur\/eva-morsch-kihn\/","title":{"rendered":"Eva Morsch Kihn"},"content":{"rendered":"\n<p>Dipl\u00f4m\u00e9e de l\u2019universit\u00e9 Paris Dauphine en Management des organisations culturelles, Eva est \u00e9galement dipl\u00f4m\u00e9e de lettres modernes. Actuellement elle est la coordinatrice de la plate-forme professionnelle du plus important festival consacr\u00e9 aux cin\u00e9matographies latino-am\u00e9ricaines en Europe, Cin\u00e9latino, Rencontres de Toulouse o\u00f9 elle est \u00e9galement coordinatrice de la programmation des films de fiction.Par ailleurs, elle collabore avec le march\u00e9 du Festival International de Cin\u00e9ma de Venise (Gap Financing Market) et avec Le March\u00e9 du Film de Cannes au niveau de la s\u00e9lection des work in progress pour Ventana Sur. Elle participe r\u00e9guli\u00e8rement comme tutrice et experte pour diff\u00e9rentes structures, festivals et march\u00e9s. Elle a \u00e9galement coordonn\u00e9 pendant 3 ans les activit\u00e9s professionnelles du Pavillon Cin\u00e9ma du Monde organis\u00e9 par l\u2019Institut Fran\u00e7ais dans le cadre du festival de Cannes.&nbsp;Depuis 2016, elle intervient dans le Master Art &amp; Com de l\u2019Universit\u00e9 Jean Jaur\u00e8s aupr\u00e8s de futurs acteur\u00b7trice\u00b7s culturels, et aupr\u00e8s des \u00e9tudiant\u00b7e\u00b7s du parcours production de l\u2019Ecole Nationale Sup\u00e9rieur d\u2019Audiovisuel.&nbsp;Eva intervient r\u00e9guli\u00e8rement comme jury dans le cadre de commissions d\u2019attribution d\u2019aides \u00e0 la production en France et en Am\u00e9rique latine. Elle est membre du Conseil d\u2019Administration de Carrefour des Festivals, d\u2019Occitanie Films et de la Conf\u00e9d\u00e9rations des Cin\u00e9mas d\u2019Art &amp; Essai (CICAE).<\/p>\n","protected":false},"excerpt":{"rendered":"<p>Dipl\u00f4m\u00e9e de l\u2019universit\u00e9 Paris Dauphine en Management des organisations culturelles, Eva est \u00e9galement dipl\u00f4m\u00e9e de lettres modernes. Actuellement elle est la coordinatrice de la plate-forme professionnelle du plus important festival consacr\u00e9 aux cin\u00e9matographies latino-am\u00e9ricaines en Europe, Cin\u00e9latino, Rencontres de Toulouse o\u00f9 elle est \u00e9galement coordinatrice de la programmation des films de fiction.Par ailleurs, elle collabore avec le march\u00e9 du Festival International de Cin\u00e9ma de Venise (Gap Financing Market) et avec Le March\u00e9 du Film de Cannes au niveau de la s\u00e9lection des work in progress pour Ventana Sur. Elle participe r\u00e9guli\u00e8rement comme tutrice et experte pour diff\u00e9rentes structures, festivals et march\u00e9s. Elle a \u00e9galement coordonn\u00e9 pendant 3 ans les activit\u00e9s professionnelles du Pavillon Cin\u00e9ma du Monde organis\u00e9 par l\u2019Institut Fran\u00e7ais dans le cadre du festival de Cannes.&nbsp;Depuis 2016, elle intervient dans le Master Art &amp; Com de l\u2019Universit\u00e9 Jean Jaur\u00e8s aupr\u00e8s de futurs acteur\u00b7trice\u00b7s culturels, et aupr\u00e8s des \u00e9tudiant\u00b7e\u00b7s du&hellip;<\/p>\n<p> <a class=\"more-link\" href=\"https:\/\/blogs.univ-tlse2.fr\/colloque-du-taur\/eva-morsch-kihn\/\">Lire la suite<\/a><\/p>\n","protected":false},"author":963,"featured_media":237,"parent":0,"menu_order":0,"comment_status":"closed","ping_status":"closed","template":"","meta":{"footnotes":""},"class_list":["post-511","page","type-page","status-publish","has-post-thumbnail"],"_links":{"self":[{"href":"https:\/\/blogs.univ-tlse2.fr\/colloque-du-taur\/wp-json\/wp\/v2\/pages\/511","targetHints":{"allow":["GET"]}}],"collection":[{"href":"https:\/\/blogs.univ-tlse2.fr\/colloque-du-taur\/wp-json\/wp\/v2\/pages"}],"about":[{"href":"https:\/\/blogs.univ-tlse2.fr\/colloque-du-taur\/wp-json\/wp\/v2\/types\/page"}],"author":[{"embeddable":true,"href":"https:\/\/blogs.univ-tlse2.fr\/colloque-du-taur\/wp-json\/wp\/v2\/users\/963"}],"replies":[{"embeddable":true,"href":"https:\/\/blogs.univ-tlse2.fr\/colloque-du-taur\/wp-json\/wp\/v2\/comments?post=511"}],"version-history":[{"count":1,"href":"https:\/\/blogs.univ-tlse2.fr\/colloque-du-taur\/wp-json\/wp\/v2\/pages\/511\/revisions"}],"predecessor-version":[{"id":512,"href":"https:\/\/blogs.univ-tlse2.fr\/colloque-du-taur\/wp-json\/wp\/v2\/pages\/511\/revisions\/512"}],"wp:featuredmedia":[{"embeddable":true,"href":"https:\/\/blogs.univ-tlse2.fr\/colloque-du-taur\/wp-json\/wp\/v2\/media\/237"}],"wp:attachment":[{"href":"https:\/\/blogs.univ-tlse2.fr\/colloque-du-taur\/wp-json\/wp\/v2\/media?parent=511"}],"curies":[{"name":"wp","href":"https:\/\/api.w.org\/{rel}","templated":true}]}}