 {"id":515,"date":"2021-03-18T19:45:15","date_gmt":"2021-03-18T18:45:15","guid":{"rendered":"https:\/\/blogs.univ-tlse2.fr\/colloque-du-taur\/?page_id=515"},"modified":"2021-03-18T19:45:15","modified_gmt":"2021-03-18T18:45:15","slug":"laurent-couzeix","status":"publish","type":"page","link":"https:\/\/blogs.univ-tlse2.fr\/colloque-du-taur\/laurent-couzeix\/","title":{"rendered":"Laurent Couzeix"},"content":{"rendered":"\n<p>N\u00e9 en 1970, Laurent Crouzeix rejoint l\u2019association Sauve qui peut le court m\u00e9trage en 1995 apr\u00e8s des \u00e9tudes de traduction \u00e0 l\u2019Universit\u00e9 Blaise Pascal (Clermont-Ferrand) et au Goldsmiths College (University of London). Depuis 2001, il fait partie des responsables du Festival du Court M\u00e9trage et du March\u00e9 du Film Court de Clermont-Ferrand. Programmateur de la Comp\u00e9tition Internationale de 1998 \u00e0 2017, Laurent a \u00e9galement compos\u00e9 plusieurs r\u00e9trospectives\u00a0majeures\u00a0: \u00a0Fetish Films (2001), Br\u00e9sil (2004), Cin\u00e9ma britannique (2006), Tropical Melody \u2013 cin\u00e9mas d\u2019Asie du Sud-Est (2008), Hoy Cuba (2012), ou encore Promesses colombiennes (2017). Il \u0153uvre en parall\u00e8le au d\u00e9veloppement international du festival et du march\u00e9. D\u00e8s 2004, il d\u00e9veloppe avec Roger Gonin la plateforme\u00a0<a rel=\"noreferrer noopener\" href=\"http:\/\/shortfilmdepot.com\/\" target=\"_blank\">Shortfilmdepot.com<\/a>. En 2009, il lance le forum de coproduction Euro Connection. Il anime de nombreuses rencontres professionnelles autour du d\u00e9veloppement, de la production et de la distribution du court m\u00e9trage. Il se forme en continu \u00e0 la pratique du cin\u00e9ma avec La f\u00e9mis (Les fondamentaux de la r\u00e9alisation \u2013 2009) et les Gobelins (Storyboard\u00a0; Stop motion, animation en volume &#8211; 2017). En 2019, il termine\u00a0<em>AMERIGO ET LE NOUVEAU MONDE<\/em>, court m\u00e9trage en stop motion \u00e9crit et r\u00e9alis\u00e9 avec Luis Briceno.<\/p>\n","protected":false},"excerpt":{"rendered":"<p>N\u00e9 en 1970, Laurent Crouzeix rejoint l\u2019association Sauve qui peut le court m\u00e9trage en 1995 apr\u00e8s des \u00e9tudes de traduction \u00e0 l\u2019Universit\u00e9 Blaise Pascal (Clermont-Ferrand) et au Goldsmiths College (University of London). Depuis 2001, il fait partie des responsables du Festival du Court M\u00e9trage et du March\u00e9 du Film Court de Clermont-Ferrand. Programmateur de la Comp\u00e9tition Internationale de 1998 \u00e0 2017, Laurent a \u00e9galement compos\u00e9 plusieurs r\u00e9trospectives\u00a0majeures\u00a0: \u00a0Fetish Films (2001), Br\u00e9sil (2004), Cin\u00e9ma britannique (2006), Tropical Melody \u2013 cin\u00e9mas d\u2019Asie du Sud-Est (2008), Hoy Cuba (2012), ou encore Promesses colombiennes (2017). Il \u0153uvre en parall\u00e8le au d\u00e9veloppement international du festival et du march\u00e9. D\u00e8s 2004, il d\u00e9veloppe avec Roger Gonin la plateforme\u00a0Shortfilmdepot.com. En 2009, il lance le forum de coproduction Euro Connection. Il anime de nombreuses rencontres professionnelles autour du d\u00e9veloppement, de la production et de la distribution du court m\u00e9trage. Il se forme en continu \u00e0 la pratique du&hellip;<\/p>\n<p> <a class=\"more-link\" href=\"https:\/\/blogs.univ-tlse2.fr\/colloque-du-taur\/laurent-couzeix\/\">Lire la suite<\/a><\/p>\n","protected":false},"author":963,"featured_media":237,"parent":0,"menu_order":0,"comment_status":"closed","ping_status":"closed","template":"","meta":{"footnotes":""},"class_list":["post-515","page","type-page","status-publish","has-post-thumbnail"],"_links":{"self":[{"href":"https:\/\/blogs.univ-tlse2.fr\/colloque-du-taur\/wp-json\/wp\/v2\/pages\/515","targetHints":{"allow":["GET"]}}],"collection":[{"href":"https:\/\/blogs.univ-tlse2.fr\/colloque-du-taur\/wp-json\/wp\/v2\/pages"}],"about":[{"href":"https:\/\/blogs.univ-tlse2.fr\/colloque-du-taur\/wp-json\/wp\/v2\/types\/page"}],"author":[{"embeddable":true,"href":"https:\/\/blogs.univ-tlse2.fr\/colloque-du-taur\/wp-json\/wp\/v2\/users\/963"}],"replies":[{"embeddable":true,"href":"https:\/\/blogs.univ-tlse2.fr\/colloque-du-taur\/wp-json\/wp\/v2\/comments?post=515"}],"version-history":[{"count":1,"href":"https:\/\/blogs.univ-tlse2.fr\/colloque-du-taur\/wp-json\/wp\/v2\/pages\/515\/revisions"}],"predecessor-version":[{"id":516,"href":"https:\/\/blogs.univ-tlse2.fr\/colloque-du-taur\/wp-json\/wp\/v2\/pages\/515\/revisions\/516"}],"wp:featuredmedia":[{"embeddable":true,"href":"https:\/\/blogs.univ-tlse2.fr\/colloque-du-taur\/wp-json\/wp\/v2\/media\/237"}],"wp:attachment":[{"href":"https:\/\/blogs.univ-tlse2.fr\/colloque-du-taur\/wp-json\/wp\/v2\/media?parent=515"}],"curies":[{"name":"wp","href":"https:\/\/api.w.org\/{rel}","templated":true}]}}