 {"id":521,"date":"2021-03-19T15:19:05","date_gmt":"2021-03-19T14:19:05","guid":{"rendered":"https:\/\/blogs.univ-tlse2.fr\/colloque-du-taur\/?page_id=521"},"modified":"2021-03-19T15:19:06","modified_gmt":"2021-03-19T14:19:06","slug":"sophie-bourdon","status":"publish","type":"page","link":"https:\/\/blogs.univ-tlse2.fr\/colloque-du-taur\/sophie-bourdon\/","title":{"rendered":"Sophie Bourdon"},"content":{"rendered":"\n<p>Apr\u00e8s des \u00e9tudes en communication et cin\u00e9ma \u00e0 la facult\u00e9 Paris X et \u00e0 l&rsquo;universit\u00e9 am\u00e9ricaine CSU Fullerton, Sophie Bourdon commence sa carri\u00e8re professionnelle dans les relations publiques chez L&rsquo;Or\u00e9al, puis dans la publicit\u00e9 chez DMB&amp;B \u00e0 Paris. Elle se tourne ensuite vers l\u2019industrie cin\u00e9matographique et y acquiert une vingtaine d\u2019ann\u00e9es d\u2019exp\u00e9rience dans les ventes internationales (en particulier pour MK2), la coproduction et la formation professionnelle en tant que responsable des Ateliers du Cin\u00e9ma Europ\u00e9en (ACE). En 2011, elle s\u2019installe en Suisse et entame sa collaboration avec le Festival du film de Locarno en tant que consultante sur les activit\u00e9s Industry, d\u00e9sormais int\u00e9gr\u00e9es sous le label Locarno Pro. Depuis 2016, elle est responsable d\u2019Open Doors, la section du Festival du film de Locarno qui met en lumi\u00e8re les talents et les cin\u00e9matographies des pays du Sud et de l&rsquo;Est tandis que depuis 2018, elle est \u00e9galement directrice adjointe de Locarno Pro.<\/p>\n","protected":false},"excerpt":{"rendered":"<p>Apr\u00e8s des \u00e9tudes en communication et cin\u00e9ma \u00e0 la facult\u00e9 Paris X et \u00e0 l&rsquo;universit\u00e9 am\u00e9ricaine CSU Fullerton, Sophie Bourdon commence sa carri\u00e8re professionnelle dans les relations publiques chez L&rsquo;Or\u00e9al, puis dans la publicit\u00e9 chez DMB&amp;B \u00e0 Paris. Elle se tourne ensuite vers l\u2019industrie cin\u00e9matographique et y acquiert une vingtaine d\u2019ann\u00e9es d\u2019exp\u00e9rience dans les ventes internationales (en particulier pour MK2), la coproduction et la formation professionnelle en tant que responsable des Ateliers du Cin\u00e9ma Europ\u00e9en (ACE). En 2011, elle s\u2019installe en Suisse et entame sa collaboration avec le Festival du film de Locarno en tant que consultante sur les activit\u00e9s Industry, d\u00e9sormais int\u00e9gr\u00e9es sous le label Locarno Pro. Depuis 2016, elle est responsable d\u2019Open Doors, la section du Festival du film de Locarno qui met en lumi\u00e8re les talents et les cin\u00e9matographies des pays du Sud et de l&rsquo;Est tandis que depuis 2018, elle est \u00e9galement directrice adjointe de Locarno&hellip;<\/p>\n<p> <a class=\"more-link\" href=\"https:\/\/blogs.univ-tlse2.fr\/colloque-du-taur\/sophie-bourdon\/\">Lire la suite<\/a><\/p>\n","protected":false},"author":963,"featured_media":237,"parent":0,"menu_order":0,"comment_status":"closed","ping_status":"closed","template":"","meta":{"footnotes":""},"class_list":["post-521","page","type-page","status-publish","has-post-thumbnail"],"_links":{"self":[{"href":"https:\/\/blogs.univ-tlse2.fr\/colloque-du-taur\/wp-json\/wp\/v2\/pages\/521","targetHints":{"allow":["GET"]}}],"collection":[{"href":"https:\/\/blogs.univ-tlse2.fr\/colloque-du-taur\/wp-json\/wp\/v2\/pages"}],"about":[{"href":"https:\/\/blogs.univ-tlse2.fr\/colloque-du-taur\/wp-json\/wp\/v2\/types\/page"}],"author":[{"embeddable":true,"href":"https:\/\/blogs.univ-tlse2.fr\/colloque-du-taur\/wp-json\/wp\/v2\/users\/963"}],"replies":[{"embeddable":true,"href":"https:\/\/blogs.univ-tlse2.fr\/colloque-du-taur\/wp-json\/wp\/v2\/comments?post=521"}],"version-history":[{"count":1,"href":"https:\/\/blogs.univ-tlse2.fr\/colloque-du-taur\/wp-json\/wp\/v2\/pages\/521\/revisions"}],"predecessor-version":[{"id":522,"href":"https:\/\/blogs.univ-tlse2.fr\/colloque-du-taur\/wp-json\/wp\/v2\/pages\/521\/revisions\/522"}],"wp:featuredmedia":[{"embeddable":true,"href":"https:\/\/blogs.univ-tlse2.fr\/colloque-du-taur\/wp-json\/wp\/v2\/media\/237"}],"wp:attachment":[{"href":"https:\/\/blogs.univ-tlse2.fr\/colloque-du-taur\/wp-json\/wp\/v2\/media?parent=521"}],"curies":[{"name":"wp","href":"https:\/\/api.w.org\/{rel}","templated":true}]}}