 {"id":10,"date":"2015-12-11T12:55:58","date_gmt":"2015-12-11T11:55:58","guid":{"rendered":"https:\/\/blogs.univ-tlse2.fr\/colloque-geohistoire\/?page_id=10"},"modified":"2018-06-29T14:41:26","modified_gmt":"2018-06-29T12:41:26","slug":"appel-a-communication","status":"publish","type":"page","link":"https:\/\/blogs.univ-tlse2.fr\/colloque-geohistoire-tulcea\/appel-a-communication\/","title":{"rendered":"Appel \u00e0 communication"},"content":{"rendered":"<p><strong>Objectifs et probl\u00e9matiques du colloque<br \/>\n<\/strong><\/p>\n<p>\u00c0 l\u2019instar du delta du Danube, les zones humides (deltas, littoraux, fleuves, lacs, rivi\u00e8res\u2026) sont des \u00ab\u00a0hot spots\u00a0\u00bb pour la biodiversit\u00e9. Ces milieux, soumis aux changements globaux, constituent des \u00e9cosyst\u00e8mes sensibles dont la gestion requiert de comprendre les m\u00e9canismes de formation et de fonctionnement. Ce sont aussi des hauts-lieux culturels, les soci\u00e9t\u00e9s les ayant mises en valeur \u00e9tant soud\u00e9es par la gestion et la proximit\u00e9 de l\u2019eau, d\u2019o\u00f9 la cr\u00e9ation de microcosmes aux sp\u00e9cificit\u00e9s sociales remarquables.<\/p>\n<p>Cette rencontre s\u2019int\u00e9resse \u00e0 tous les types de zones humides : eau douce, eau sal\u00e9e, eau saum\u00e2tre ; eau courante, eau stagnante ; eau permanente ou temporaire qui constituent les marais, les tourbi\u00e8res, les cours d\u2019eau, les estuaires, les deltas et les \u00e9tendues marines de faible profondeur.<\/p>\n<p>L\u2019objectif de cette manifestation est de poser un regard sur les trajectoires d\u2019anthropisation des zones humides, que celles-ci soient favorables ou au contraire ali\u00e9nantes pour ces derni\u00e8res, et de proposer d\u2019\u00e9changer autour de la question des temporalit\u00e9s et de l\u2019utilit\u00e9 de reconstituer l&rsquo;\u00e9volution g\u00e9ohistorique environnementale des zones humides afin de d\u2019\u00e9tablir des politiques durables de gestion.<\/p>\n<p>Il s\u2019agira notamment de mettre en lumi\u00e8re le r\u00f4le des interventions humaines anciennes ou r\u00e9centes dans le fonctionnement de ces milieux, des temporalit\u00e9s de leur alt\u00e9ration ou de leur am\u00e9lioration dans l&rsquo;optique de la prise en compte dans leur gestion.<\/p>\n<p>Cette manifestation scientifique internationale est organis\u00e9e en Roumanie, \u00e0 Tulcea et dans le delta du Danube (r\u00e9serve UNESCO), conjointement par le CNRS (UMR 5602 GEODE et 7266 LIENSs), le Groupe d\u2019Histoire des Zones humides, l\u2019ICEM \u00ab Institut Gravila Simion \u00bb de Tulcea et l\u2019Institut de Recherche sur le Delta du Danube ; avec le concours de la \u00ab Romanian Limnogeographical Association\u00bb et le CEDETE (Univ. Orl\u00e9ans).<\/p>\n<p>Ces rencontres seront plac\u00e9es sous le patronage de la R\u00e9serve Biosph\u00e8re \u00ab delta du Danube \u00bb et du Conseil D\u00e9partemental de Tulcea et de l\u2019Institut Fran\u00e7ais de Bucarest. Elles participent de la saison franco-roumaine 2019. Le cadre roumain appara\u00eet en effet id\u00e9al pour r\u00e9fl\u00e9chir aux trajectoires environnementales des lieux d\u2019eau et envisager de les int\u00e9grer dans les politiques d\u2019am\u00e9nagement : le patrimoine des zones humides de la Roumanie, tout \u00e0 la fois tr\u00e8s vari\u00e9 et tr\u00e8s riche, a enregistr\u00e9 des successions de modes de valorisation contradictoires et originaux, notamment lors de la p\u00e9riode communiste. R\u00e9cemment r\u00e9habilit\u00e9, il est en attente de politiques de gestion conciliant biodiversit\u00e9 des sites et socio-cultures de l\u2019eau.<\/p>\n<p>&nbsp;<\/p>\n<p><strong>Objectifs de la manifestation <\/strong><\/p>\n<p>L\u2019objectif de ces rencontres est de d\u00e9velopper une approche diachronique et chrono-syst\u00e9mique des zones humides et de leurs trajectoires d\u2019artificialisation, en combinant l\u2019analyse des paysages avec celle des usages et des repr\u00e9sentations qui les fa\u00e7onnent. Il s\u2019agira d\u2019\u00e9valuer les interrelations socio-environnementales dans la longue dur\u00e9e et de poser des questionnements relatifs \u00e0 la patrimonialisation et la conservation de ces milieux.<\/p>\n<p>Le principe est de faire appel \u00e0 des terrains d\u2019\u00e9tudes et \u00e0 des milieux diversifi\u00e9s (montagnes, littoraux, deltas et plaines alluviales\u2026) en Roumanie, en Europe et en M\u00e9diterran\u00e9e\u2026, \u00e0 diff\u00e9rentes temporalit\u00e9s et \u00e0 des phases d\u2019artificialisation diverses (en cours d\u2019am\u00e9nagement, en reconstruction, \u00e0 l\u2019abandon) dans le but de croiser les approches et les probl\u00e9matiques disciplinaires.<\/p>\n<p>Ces rencontres favoriseront le croisement d\u2019approches disciplinaires autour de l\u2019\u00e9tude des zones humides, du point de vue historique, g\u00e9ographique, sociologique, juridique et environnemental, en mettant en perspective les notions de trajectoires, de patrimonialisation, de conservation ainsi que par la prise en compte des impacts socio- environnementaux.<\/p>\n<p>&nbsp;<\/p>\n<p><strong>Position <\/strong><\/p>\n<p>Pendant longtemps, les zones humides ont fait l\u2019objet de d\u00e9fiance voire de rejet de la part des soci\u00e9t\u00e9s. Souvent \u00ab ignor\u00e9es, conspu\u00e9es voire d\u00e9truites jusqu&rsquo;aux ann\u00e9es 1990, les zones humides continentales sont peu \u00e0 peu devenues un des enjeux importants des diff\u00e9rentes politiques environnementales et d\u2019am\u00e9nagement aux \u00e9chelons national, europ\u00e9en et plan\u00e9taire \u00bb (Cubizolle, Sajaloli, Sacca https:\/\/journals.openedition.org\/geocarrefour\/8664). Depuis les ann\u00e9es 1990, cet objet de recherche fait l\u2019objet de nombreuses r\u00e9flexions \u00e0 la fois historiques, g\u00e9ographiques et \u00e9cologiques car les zones humides sont \u00e0 l\u2019origine de services \u00e9cosyst\u00e9miques essentiels (gestion des crues, \u00e9puration des eaux\u2026), pr\u00e9sentent une biodiversit\u00e9 remarquable et contribuent \u00e0 une singularisation culturelle des territoires. Si les connaissances ont beaucoup \u00e9volu\u00e9 sur ces diff\u00e9rents aspects, qu\u2019en est-il r\u00e9ellement de l\u2019approche g\u00e9ohistorique en lien avec les zones humides ?<\/p>\n<p>La G\u00e9ohistoire semble conna\u00eetre un regain d\u2019int\u00e9r\u00eat ces derniers temps dans la sph\u00e8re scientifique, comme en t\u00e9moigne l\u2019organisation de r\u00e9cents colloques o\u00f9 l\u2019approche temporelle par rapport aux territoires se m\u00ealent (Colloque \u00ab G\u00e9ohistoire des risques et des patrimoines naturels fluviaux \u00bb organis\u00e9 par le GHZH \u00e0 Orl\u00e9ans en 2013 ; colloque \u00abG\u00e9ohistoire de l\u2019environnement et des paysages \u00bb propos\u00e9 par le laboratoire GEODE \u00e0 Toulouse en 2016 ; colloque \u00ab Les temps des territoires \u00bb \u00e0 Nanterre en mars 2017, colloque \u00ab Arch\u00e9ologie et Zones humides \u00bb propos\u00e9 par le GHZH \u00e0 Bibracte en novembre 2017 ; colloque international du RUCHE : \u00ab\u00c9crire l\u2019histoire environnementale au XXI<sup>e <\/sup>si\u00e8cle : sources, m\u00e9thodes et pratiques, 13-15 juin 2018). La volont\u00e9 des organisateurs est de faire le point sur les recherches en g\u00e9ohistoire des zones humides \u00e0 travers trois aspects : l\u2019artificialisation, la restauration et l\u2019adaptation. L\u2019approche g\u00e9ohistorique suppose-telle de nouvelles approches, de nouvelles m\u00e9thodes pour questionner les zones humides ? Par ailleurs, ce colloque sera aussi l\u2019occasion de tisser des liens entre disciplines et aupr\u00e8s des coll\u00e8gues roumains.<\/p>\n<p>&nbsp;<\/p>\n<p>&nbsp;<\/p>\n<p><strong>th\u00e9matique du colloque<\/strong><\/p>\n<p>Le colloque s\u2019articulera autour de trois th\u00e8mes :<\/p>\n<p><strong>Th\u00e8me 1 : Reconstitution des trajectoires spatio-temporelles des zones humides<\/strong><\/p>\n<p>La prise en compte des temporalit\u00e9s longues est souvent absente des d\u00e9bats tenus dans le cadre de la gestion des zones humides ainsi que celle de l\u2019embo\u00eetement des \u00e9chelles temporelles entre elles (d\u00e9cennales, s\u00e9culaires, multis\u00e9culaires) et avec les \u00e9chelles spatiales (de la grande \u00e9chelle du site \u00e0 la petite de la macro-r\u00e9gion). Pourtant, les dynamiques et \u00e9volutions historiques rev\u00eatent une importance non n\u00e9gligeable dans le fonctionnement actuel des \u00e9cosyst\u00e8mes et dans les perceptions qu\u2019en ont leurs usagers qui d\u00e9terminent les conditions d\u2019adh\u00e9sion sociale aux projets d\u2019am\u00e9nagement ou de pr\u00e9servation. L\u2019approche g\u00e9ohistorique permet l\u2019int\u00e9gration de la temporalit\u00e9 dans les territoires ; elle est propice \u00e0 la reconstitution de trajectoires spatio-temporelles. En compl\u00e9ment \u00e0 l\u2019approche g\u00e9ohistorique, la g\u00e9oarch\u00e9ologie et l\u2019histoire environnementale permettent de retracer et de remonter plus loin dans le temps. La dimension temporelle autorise une mise en perspective critique des trajectoires territoriales et aboutit \u00e0 des prises de d\u00e9cisions plus \u00ab durables \u00bb dans le cadre de politiques de gestion des zones humides. Comment prendre en compte cette dimension g\u00e9ohistorique dans ce processus de gestion ? De quelle mani\u00e8re appr\u00e9hender les h\u00e9ritages, les anciens usages, les interventions anthropiques anciennes et actuelles ?<\/p>\n<p>Les zones humides ont connu une alternance de phases de d\u00e9gradation majeures depuis de nombreux si\u00e8cles au travers de la multiplication d\u2019am\u00e9nagements et d\u2019usages, de sorte que beaucoup d\u2019entre elles ont \u00e9t\u00e9 artificialis\u00e9es ou consid\u00e9rablement r\u00e9duites par les soci\u00e9t\u00e9s, et, a contrario, des phases de valorisation favorables \u00e0 leurs richesses naturelles et \u00e0 leur expansion, et des phases de cr\u00e9ation comme dans le cas des \u00e9tangs ou des mares. Quels sont les usages ? Quels types d\u2019am\u00e9nagements d\u00e9t\u00e9riorent les zones humides ou au contraire les magnifient ? Quels sont les effets \u00e9cologiques et socio-culturels de ces embo\u00eetements de phases contradictoires et successives sur les territoires de l\u2019eau ? Le changement climatique et les \u00e9v\u00e9nements extr\u00eames ne sont-ils pas aussi responsables de la d\u00e9gradation des zones humides ? Existe-t-il des seuils au sein des trajectoires spatiotemporelles des zones humides ? A partir de quel moment les syst\u00e8mes deviennent-ils si artificialis\u00e9s que la r\u00e9silience de leur fonctionnement biophysique est menac\u00e9e ?<\/p>\n<p>Face \u00e0 l\u2019artificialisation et \u00e0 la r\u00e9gression, de plus en plus de zones humides sont patrimonialis\u00e9es. Comment prendre en compte les sp\u00e9cificit\u00e9s culturelles des soci\u00e9t\u00e9s de l\u2019humide (solidarit\u00e9s, pratiques communautaires, adaptations, isolats\u2026) ? Quels sont les promoteurs de ces op\u00e9rations et peut-on distinguer les acteurs de la d\u00e9cision et ceux de la mise en \u0153uvre. Enfin, quelles repr\u00e9sentations des zones humides sous-tendent ces op\u00e9rations de patrimonialisation ou de requalification des lieux d\u2019eau ? N\u2019existe-t-il pas une contradiction entre cette patrimonialisation et l\u2019image de \u00ab sauvage \u00bb v\u00e9hicul\u00e9e par les zones humides ?<\/p>\n<p>&nbsp;<\/p>\n<p><strong>Th\u00e8me 2 : Restaurer les zones humides et le mythe de l\u2019\u00e9tat de r\u00e9f\u00e9rence<\/strong><\/p>\n<p>Face \u00e0 l\u2019artificialisation et aux d\u00e9gradations des zones humides, de nombreuses op\u00e9rations visent \u00e0 valoriser, restaurer les zones humides, tant en milieu rural qu\u2019en milieu urbain. La restauration \u00e9cologique tend \u00e0 se g\u00e9n\u00e9raliser sur tous les types de zones humides.<\/p>\n<p>Quels sont les types d\u2019op\u00e9rations r\u00e9alis\u00e9es lors de restauration ? Quels regards devons-nous porter sur ces reconstructions \u00e9cologiques par rapport \u00e0 la reconstitution des trajectoires spatio- temporelles ?<\/p>\n<p>Au travers des diff\u00e9rentes trajectoires temporelles des zones humides, est-il possible de percevoir une fabrique g\u00e9ohistorique de la nature ? Quels h\u00e9ritages anthropiques entrent en jeu dans le fonctionnement biophysique des zones humides ? Quels enjeux \u00e0 l\u2019\u00e9tablissement de ponts entre patrimoine culturel et patrimoine naturel ? Peut-on parler de culturalit\u00e9 \u00e9cologique \u00e0 travers le triptyque naturalit\u00e9 \/ artificialit\u00e9 \/ culturalit\u00e9 dans le cadre d\u2019op\u00e9rations de restauration ?<\/p>\n<p>Les organisateurs seront attentifs aux propositions montrant des \u00e9tudes de cas \u00e0 travers notamment l\u2019op\u00e9rabilit\u00e9 et le suivi de ces op\u00e9rations.<\/p>\n<p>&nbsp;<\/p>\n<p><strong>Th\u00e8me 3 : Nouveaux usages, nouvelles valeurs, nouveaux patrimoines<\/strong><\/p>\n<p>Les op\u00e9rations de restauration des zones humides sont souvent associ\u00e9es \u00e0 des initiatives de sensibilisation, d\u2019\u00e9ducation du public et des usagers (panneaux, publication\u2026) conduites par des acteurs dissemblables (\u00c9tat, collectivit\u00e9s locales, associations, initiatives priv\u00e9es\u2026) dont il s\u2019agit de bien distinguer les r\u00f4les et les relais.\u00a0 Longtemps d\u00e9cri\u00e9es, les zones humides actuelles ne sont-elles pas l\u2019objet d\u2019une nouvelle perception de la part des usagers ?<\/p>\n<p>N\u2019existe-t-il pas de nouveaux usages, de nouvelles valeurs? La diffusion de l\u2019\u00e9valuation des services \u00e9cosyst\u00e9miques rendus par les zones humides ne modifient-ils par leur perception ? Quelles sont \u00e9galement les am\u00e9nit\u00e9s mises en avant et les moteurs de la patrimonialisation des lieux d\u2019eau ?<\/p>\n<p>La mise en place d\u2019op\u00e9rations de restauration n\u2019engendre-t-elle pas un nouveau regard sur les zones humides, entre attraction\/ r\u00e9pulsion ? La patrimonialisation des zones humides ne constituerait-t-elle pas une forme de marketing territorial<\/p>","protected":false},"excerpt":{"rendered":"<p>Objectifs et probl\u00e9matiques du colloque \u00c0 l\u2019instar du delta du Danube, les zones humides (deltas, littoraux, fleuves, lacs, rivi\u00e8res\u2026) sont des \u00ab\u00a0hot spots\u00a0\u00bb pour la biodiversit\u00e9. Ces milieux, soumis aux changements globaux, constituent des \u00e9cosyst\u00e8mes sensibles dont la gestion requiert de comprendre les m\u00e9canismes de formation et de fonctionnement. Ce sont aussi des hauts-lieux culturels, [&hellip;]<\/p>\n","protected":false},"author":293,"featured_media":0,"parent":0,"menu_order":0,"comment_status":"closed","ping_status":"closed","template":"","meta":{"footnotes":""},"class_list":["post-10","page","type-page","status-publish","hentry"],"_links":{"self":[{"href":"https:\/\/blogs.univ-tlse2.fr\/colloque-geohistoire-tulcea\/wp-json\/wp\/v2\/pages\/10","targetHints":{"allow":["GET"]}}],"collection":[{"href":"https:\/\/blogs.univ-tlse2.fr\/colloque-geohistoire-tulcea\/wp-json\/wp\/v2\/pages"}],"about":[{"href":"https:\/\/blogs.univ-tlse2.fr\/colloque-geohistoire-tulcea\/wp-json\/wp\/v2\/types\/page"}],"author":[{"embeddable":true,"href":"https:\/\/blogs.univ-tlse2.fr\/colloque-geohistoire-tulcea\/wp-json\/wp\/v2\/users\/293"}],"replies":[{"embeddable":true,"href":"https:\/\/blogs.univ-tlse2.fr\/colloque-geohistoire-tulcea\/wp-json\/wp\/v2\/comments?post=10"}],"version-history":[{"count":2,"href":"https:\/\/blogs.univ-tlse2.fr\/colloque-geohistoire-tulcea\/wp-json\/wp\/v2\/pages\/10\/revisions"}],"predecessor-version":[{"id":145,"href":"https:\/\/blogs.univ-tlse2.fr\/colloque-geohistoire-tulcea\/wp-json\/wp\/v2\/pages\/10\/revisions\/145"}],"wp:attachment":[{"href":"https:\/\/blogs.univ-tlse2.fr\/colloque-geohistoire-tulcea\/wp-json\/wp\/v2\/media?parent=10"}],"curies":[{"name":"wp","href":"https:\/\/api.w.org\/{rel}","templated":true}]}}