 {"id":44,"date":"2016-01-06T15:17:38","date_gmt":"2016-01-06T14:17:38","guid":{"rendered":"https:\/\/blogs.univ-tlse2.fr\/colloque-geohistoire\/?page_id=44"},"modified":"2018-06-29T15:34:33","modified_gmt":"2018-06-29T13:34:33","slug":"accueil","status":"publish","type":"page","link":"https:\/\/blogs.univ-tlse2.fr\/colloque-geohistoire-tulcea\/en\/","title":{"rendered":"Accueil"},"content":{"rendered":"<p><img loading=\"lazy\" decoding=\"async\" class=\"wp-image-153 alignleft\" src=\"https:\/\/blogs.univ-tlse2.fr\/colloque-geohistoire-tulcea\/files\/2018\/06\/affiche_Tulcea.jpg\" alt=\"\" width=\"209\" height=\"296\" srcset=\"https:\/\/blogs.univ-tlse2.fr\/colloque-geohistoire-tulcea\/files\/2018\/06\/affiche_Tulcea.jpg 1754w, https:\/\/blogs.univ-tlse2.fr\/colloque-geohistoire-tulcea\/files\/2018\/06\/affiche_Tulcea-212x300.jpg 212w, https:\/\/blogs.univ-tlse2.fr\/colloque-geohistoire-tulcea\/files\/2018\/06\/affiche_Tulcea-768x1086.jpg 768w, https:\/\/blogs.univ-tlse2.fr\/colloque-geohistoire-tulcea\/files\/2018\/06\/affiche_Tulcea-724x1024.jpg 724w\" sizes=\"auto, (max-width: 209px) 100vw, 209px\" \/><\/p>\n<p>&nbsp;<\/p>\n<p>Le laboratoire <a href=\"http:\/\/w3.geode.univ-tlse2.fr\"><strong>Geode (UMR 5602 CNRS)<\/strong><\/a> ORGANISE, <strong>du 2 au 7 juin 2019,<\/strong> un colloque international qui se tiendra \u00e0 Tulcea Dobroudja, Roumanie) dont la th\u00e9matique est :<\/p>\n<p>&nbsp;<\/p>\n<p><strong>\u00ab\u00a0G\u00e9ohistoire des zones humides d\u2019ici et d\u2019ailleurs \u2013 Regards crois\u00e9s sur des trajectoires d\u2019artificialisation et de conservation\u00bb<\/strong>.<\/p>\n<p>&nbsp;<\/p>\n<p>Vous trouverez sur ce site toutes les informations utiles au d\u00e9roulement de ces journ\u00e9es: comit\u00e9 d\u2019organisation, comit\u00e9 scientifique, appel \u00e0 communication, formulaire de soumission de textes\u2026<\/p>\n<p>&nbsp;<\/p>\n<p><img loading=\"lazy\" decoding=\"async\" class=\"aligncenter size-full wp-image-164\" src=\"https:\/\/blogs.univ-tlse2.fr\/colloque-geohistoire-tulcea\/files\/2018\/06\/Logos_Tulcea.jpg\" alt=\"\" width=\"563\" height=\"126\" srcset=\"https:\/\/blogs.univ-tlse2.fr\/colloque-geohistoire-tulcea\/files\/2018\/06\/Logos_Tulcea.jpg 563w, https:\/\/blogs.univ-tlse2.fr\/colloque-geohistoire-tulcea\/files\/2018\/06\/Logos_Tulcea-300x67.jpg 300w\" sizes=\"auto, (max-width: 563px) 100vw, 563px\" \/><\/p>","protected":false},"excerpt":{"rendered":"<p>&nbsp; Le laboratoire Geode (UMR 5602 CNRS) ORGANISE, du 2 au 7 juin 2019, un colloque international qui se tiendra \u00e0 Tulcea Dobroudja, Roumanie) dont la th\u00e9matique est : &nbsp; \u00ab\u00a0G\u00e9ohistoire des zones humides d\u2019ici et d\u2019ailleurs \u2013 Regards crois\u00e9s sur des trajectoires d\u2019artificialisation et de conservation\u00bb. &nbsp; Vous trouverez sur ce site toutes les [&hellip;]<\/p>\n","protected":false},"author":293,"featured_media":0,"parent":0,"menu_order":0,"comment_status":"closed","ping_status":"closed","template":"","meta":{"footnotes":""},"class_list":["post-44","page","type-page","status-publish","hentry"],"_links":{"self":[{"href":"https:\/\/blogs.univ-tlse2.fr\/colloque-geohistoire-tulcea\/en\/wp-json\/wp\/v2\/pages\/44","targetHints":{"allow":["GET"]}}],"collection":[{"href":"https:\/\/blogs.univ-tlse2.fr\/colloque-geohistoire-tulcea\/en\/wp-json\/wp\/v2\/pages"}],"about":[{"href":"https:\/\/blogs.univ-tlse2.fr\/colloque-geohistoire-tulcea\/en\/wp-json\/wp\/v2\/types\/page"}],"author":[{"embeddable":true,"href":"https:\/\/blogs.univ-tlse2.fr\/colloque-geohistoire-tulcea\/en\/wp-json\/wp\/v2\/users\/293"}],"replies":[{"embeddable":true,"href":"https:\/\/blogs.univ-tlse2.fr\/colloque-geohistoire-tulcea\/en\/wp-json\/wp\/v2\/comments?post=44"}],"version-history":[{"count":7,"href":"https:\/\/blogs.univ-tlse2.fr\/colloque-geohistoire-tulcea\/en\/wp-json\/wp\/v2\/pages\/44\/revisions"}],"predecessor-version":[{"id":165,"href":"https:\/\/blogs.univ-tlse2.fr\/colloque-geohistoire-tulcea\/en\/wp-json\/wp\/v2\/pages\/44\/revisions\/165"}],"wp:attachment":[{"href":"https:\/\/blogs.univ-tlse2.fr\/colloque-geohistoire-tulcea\/en\/wp-json\/wp\/v2\/media?parent=44"}],"curies":[{"name":"wp","href":"https:\/\/api.w.org\/{rel}","templated":true}]}}