 {"id":20,"date":"2016-01-05T16:37:54","date_gmt":"2016-01-05T15:37:54","guid":{"rendered":"https:\/\/blogs.univ-tlse2.fr\/colloque-geohistoire\/?page_id=20"},"modified":"2016-01-14T14:37:00","modified_gmt":"2016-01-14T13:37:00","slug":"comites","status":"publish","type":"page","link":"https:\/\/blogs.univ-tlse2.fr\/colloque-geohistoire\/en\/comites\/","title":{"rendered":"Committees"},"content":{"rendered":"<p><strong>Organization committee:<\/strong><\/p>\n<p>JM Antoine, Universit\u00e9 de Toulouse Jean Jaur\u00e8s<\/p>\n<p>H Barcet, CNRS (Webmaster)<\/p>\n<p>JM Carozza, Universit\u00e9 de Toulouse Jean Jaur\u00e8s,<\/p>\n<p>M David, Universit\u00e9 de Toulouse Jean Jaur\u00e8s,<\/p>\n<p>E Gil, CNRS<\/p>\n<p>T Groparu, Universit\u00e9 de Toulouse Jean Jaur\u00e8s,<\/p>\n<p>H Jantzi, Universit\u00e9 de Toulouse Jean Jaur\u00e8s,<\/p>\n<p>JP M\u00e9taili\u00e9, Universit\u00e9 de Toulouse Jean Jaur\u00e8s,<\/p>\n<p>Ph Valette, Universit\u00e9 de Toulouse Jean Jaur\u00e8s<\/p>\n<p>&nbsp;<\/p>\n<p>&nbsp;<\/p>\n<p><strong>Scientific committee : <\/strong><\/p>\n<p>P Allard, Universit\u00e9 de la M\u00e9diterran\u00e9e<\/p>\n<p>JM Antoine, Universit\u00e9 de Toulouse Jean Jaur\u00e8s<\/p>\n<p>C Beck, Universit\u00e9 de Valenciennes,<\/p>\n<p>S Briffaud, Ecole d\u2019Architecture de Bordeaux,<\/p>\n<p>JM Carozza, Universit\u00e9 de La Rochelle,<\/p>\n<p>G Djament-Tran, Universit\u00e9 de Strasbourg,<\/p>\n<p>G Domon, Universit\u00e9 de Montr\u00e9al,<\/p>\n<p>M Galochet, Universit\u00e9 d\u2019Arras,<\/p>\n<p>D Gramond, Universit\u00e9 Paris Sorbonne,<\/p>\n<p>C Grataloup, Universit\u00e9 de Paris 7<\/p>\n<p>M Hatvany, Universit\u00e9 Laval, Qu\u00e9bec,<\/p>\n<p>N Jacob-Rousseau (Universit\u00e9 de Lyon 2)<\/p>\n<p>B Martin, Universit\u00e9 de Mulhouse,<\/p>\n<p>Y Michelin, Metafort Clermont Ferrand,<\/p>\n<p>JM Minovez, Universit\u00e9 de Toulouse Jean Jaur\u00e8s,<\/p>\n<p>D Moreno, Universit\u00e9 de G\u00eanes,<\/p>\n<p>A Ollero, Universit\u00e9 de Saragosse,<\/p>\n<p>PG Salvador, Universit\u00e9 deLille,<\/p>\n<p>T Sauzeau, Universit\u00e9 de Poitiers<\/p>\n<p>Ph Valette, Universit\u00e9 de Toulouse Jean Jaur\u00e8s,<\/p>\n<p>C Watkins, Universit\u00e9 de Nottingham.<\/p>","protected":false},"excerpt":{"rendered":"<p>Organization committee: JM Antoine, Universit\u00e9 de Toulouse Jean Jaur\u00e8s H Barcet, CNRS (Webmaster) JM Carozza, Universit\u00e9 de Toulouse Jean Jaur\u00e8s, M David, Universit\u00e9 de Toulouse Jean Jaur\u00e8s, E Gil, CNRS T Groparu, Universit\u00e9 de Toulouse Jean Jaur\u00e8s, H Jantzi, Universit\u00e9 de Toulouse Jean Jaur\u00e8s, JP M\u00e9taili\u00e9, Universit\u00e9 de Toulouse Jean Jaur\u00e8s, Ph Valette, Universit\u00e9 de [&hellip;]<\/p>\n","protected":false},"author":293,"featured_media":0,"parent":0,"menu_order":0,"comment_status":"closed","ping_status":"closed","template":"","meta":{"footnotes":""},"class_list":["post-20","page","type-page","status-publish","hentry"],"_links":{"self":[{"href":"https:\/\/blogs.univ-tlse2.fr\/colloque-geohistoire\/en\/wp-json\/wp\/v2\/pages\/20","targetHints":{"allow":["GET"]}}],"collection":[{"href":"https:\/\/blogs.univ-tlse2.fr\/colloque-geohistoire\/en\/wp-json\/wp\/v2\/pages"}],"about":[{"href":"https:\/\/blogs.univ-tlse2.fr\/colloque-geohistoire\/en\/wp-json\/wp\/v2\/types\/page"}],"author":[{"embeddable":true,"href":"https:\/\/blogs.univ-tlse2.fr\/colloque-geohistoire\/en\/wp-json\/wp\/v2\/users\/293"}],"replies":[{"embeddable":true,"href":"https:\/\/blogs.univ-tlse2.fr\/colloque-geohistoire\/en\/wp-json\/wp\/v2\/comments?post=20"}],"version-history":[{"count":7,"href":"https:\/\/blogs.univ-tlse2.fr\/colloque-geohistoire\/en\/wp-json\/wp\/v2\/pages\/20\/revisions"}],"predecessor-version":[{"id":108,"href":"https:\/\/blogs.univ-tlse2.fr\/colloque-geohistoire\/en\/wp-json\/wp\/v2\/pages\/20\/revisions\/108"}],"wp:attachment":[{"href":"https:\/\/blogs.univ-tlse2.fr\/colloque-geohistoire\/en\/wp-json\/wp\/v2\/media?parent=20"}],"curies":[{"name":"wp","href":"https:\/\/api.w.org\/{rel}","templated":true}]}}