 {"id":10,"date":"2015-12-11T12:55:58","date_gmt":"2015-12-11T11:55:58","guid":{"rendered":"https:\/\/blogs.univ-tlse2.fr\/colloque-geohistoire\/?page_id=10"},"modified":"2016-01-14T14:36:30","modified_gmt":"2016-01-14T13:36:30","slug":"appel-a-communication","status":"publish","type":"page","link":"https:\/\/blogs.univ-tlse2.fr\/colloque-geohistoire\/es\/appel-a-communication\/","title":{"rendered":"Circular"},"content":{"rendered":"<p>La Geohistoria, t\u00e9rmino creado por Fernand Braudel (Braudel, 1949) se interesa en la construcci\u00f3n de los espacios y de los territorios a largo plazo. En el mundo anglo-saj\u00f3n (Inglatera, Estados-Unidos, Canada, \u2026), se aplica m\u00e1s bien el t\u00e9rmino de geograf\u00eda hist\u00f3rica (historical geography). Sin embargo, las definiciones de estos t\u00e9rminos fluct\u00faan sensiblemente de un autor al otro y de un pa\u00eds al otro (Chouquer, Watteaux, 2013). Esquem\u00e1ticamente, podemos decir que la geograf\u00eda hist\u00f3rica busca aplicar a \u00e9pocas pasadas los m\u00e9todos del an\u00e1lisis geogr\u00e1fico mientras que la geohistoria se interesa por la evoluci\u00f3n hist\u00f3rica de las configuraciones espaciales\/territoriales. La geohistoria correspondr\u00eda a la \u201chistoria diacr\u00f3nica de las sociedades a trav\u00e9s su espacio\u201d mientras que la geograf\u00eda hist\u00f3rica cl\u00e1sica \u201csolo estudia sincr\u00f3nicamente situaciones del pasado sin considerar el espacio como elemento primordial\u201d (Chouquer, Watteaux, 2013).<\/p>\n<p>Desde su aparici\u00f3n, estos t\u00e9rminos se han largamente difundido en el campo disciplinario de la geograf\u00eda y de la historia. Si el t\u00e9rmino de geohistoria o geo-historia es de creaci\u00f3n reciente, la realidad que ella cubre, al menos en parte, es mucho m\u00e1s antigua y coincide en parte con el aspecto de la geograf\u00eda hist\u00f3rica. En Francia, las reconfiguraciones acad\u00e9micas a partir de los a\u00f1os 1950 han conducido a una larga ausencia de la geograf\u00eda hist\u00f3rica (Grataloup, 2015).<\/p>\n<p>Los enfoques geohist\u00f3ricos conocen sin embargo desde hace diez a\u00f1os una renovaci\u00f3n de su int\u00e9res como lo muestra la actividad cient\u00edfica e editorial tanto en Francia como al nivel nternacional. Estos numerosos trabajos testimonian una diversidad de enfoques. Varios campos de investigaci\u00f3n se individualizan : la metageograf\u00eda, la geograf\u00eda historica, la historia geogr\u00e1fica, la nueva geohistoria, la geohistoria (Capdepuy, Djament-Tran, 2012). Dentro de estos diferentes enfoques, se han desarrollado varias tem\u00e1ticas de investigaci\u00f3n relacionadas con aspectos medioambientales y de paisaje En este marco, el objetivo de este congreso es de incluir las pr\u00e1cticas y la contribuci\u00f3n de los enfoques geohist\u00f3ricos en el campo especifico del medio ambiente y del paisaje. Se trata pues de interrogar la contribuci\u00f3n de los enfoques geohist\u00f3ricos en la constituci\u00f3n de una ciencia del medio ambiente y de los paisajes que est\u00e9 fuera del marco disciplinario o bi-disciplinario que ha constituido su pedestal de fundaci\u00f3n e integran a la vez la dimensi\u00f3n ambiental y social. \u00bfLa renovaci\u00f3n de estos enfoques se traduce o no la emergencia de un nuevo enfoque cuyo objetivo es integrar la larga duraci\u00f3n en la construcci\u00f3n del Antropoceno o, de manera m\u00e1s pragm\u00e1tica, se focaliza en la constituci\u00f3n de un objeto hibrido que permite la interconnecci\u00f3n entre las disciplinas establecidas ? \u00bf Frente a este movimiento, existen o no enfoques espec\u00edficos de la geohistoria del medio ambiente y de los paisajes ? \u00bf Se trata de un t\u00e9rmino \u201cjustificante\u201d para evocar la larga duraci\u00f3n? \u00bf Es, en Francia, un nuevo campo de investigaci\u00f3n emergente ?<\/p>\n<p>Los enfoques geohistoricos son utilizados para complementar los enfoques del panel de las investigaciones que tienden inscribirse en el espacio y su din\u00e1mica en la duraci\u00f3n (geograf\u00eda hist\u00f3rica, ecolog\u00eda hist\u00f3rica, geoarqueolog\u00eda, arqueolog\u00eda del paisaje, arqueo-geograf\u00eda, paleo-ecolog\u00eda, ecohistoria, \u2026 (Chouquer, 2008). La adici\u00f3n de una profundidad hist\u00f3rica en el conocimiento de los estados de los sistemas eco-socio-geogr\u00e1ficas es de esta forma, reclamado por varias disciplinas o subdisciplinas. En geograf\u00eda, la integraci\u00f3n de la temporalidad en las investigaciones en medio ambiente y paisaje no es nueva (Bertrand, 1972; Barru\u00e9-Pastor, Bertrand, 2000; Beck, Luginb\u00fchl, Muxart, 2006). Es por medio del enfoque temporal que se comprende el estado actual (biodiversidad, la diversidad del paisaje, &#8230;), pero tambi\u00e9n colocamos estos estados en las trayectorias de la evoluci\u00f3n del medio ambiente y del paisaje, \u00fatiles de conocer en una perspectiva de gesti\u00f3n. Este enfoque permite estimar el desarrollo reciente o en curso a la luz de los acontecimientos pasados tomados como norma, pero no se considera una sucesi\u00f3n de estados, sino los modos de transici\u00f3n entre estos estados. En algunos casos, se trata de estimar el estado de los sistemas observados ante los principales metamorfosis o transformaciones del paisaje y medio ambiente de finales del siglo XIX hasta la segunda mitad del siglo XX (el per\u00edodo antes de la concentraci\u00f3n parcelaria, el estado de las plantaciones forestales, hidrosistemas antes de la modificaci\u00f3n, &#8230;). \u00bf En este contexto, el concepto de geohistoria completa, se superpone o abarca todos estos enfoques que incorporan la temporalidad en las reflexiones ambientales y paisaj\u00edsticas ?<\/p>\n<p>Este simposio sobre la Geohistoria del medio ambiente y del paisaje, organizado por el laboratorio GEODE (UMR 5602 CNRS), tiene como objetivo hacer un balance de varios trabajos llevados a cabo desde una perspectiva geo-hist\u00f3rica. Esta conferencia multidisciplinar tambi\u00e9n prestar\u00e1 especial atenci\u00f3n a la escalas temporal y espacial que caracterizan el funcionamiento geohist\u00f3rico del medioambiente y del paisaje. Los organizadores desean promover enfoques y estudios de casos, as\u00ed dentro como fuera de Europa, con el fin de multiplicar los estudios comparativos y los intercambios de experiencias.<\/p>\n<p><strong>Tem\u00e1ticas:<\/strong><\/p>\n<p><strong>Campos y<\/strong><strong> conceptos de geohistoria del medio ambiente y del paisaje<\/strong><\/p>\n<p>La geohistoria aplicada bajo los t\u00e9rminos de medio ambiente y de paisaje disfruta de \u00e9xito por muchos investigadores. \u00bf Pero hay una especificidad de la geohistoria del medio ambiente y del paisaje en relaci\u00f3n a la geohistoria cl\u00e1sica? Hoy en d\u00eda, podemos considerar que esto hace referencia al estudio de las relaciones entre una sociedad y su entorno natural, todo ello en constante evoluci\u00f3n. Muchos conceptos son entonces movilizados como es el caso del patrimonio, trayectoria del medio ambiente y del paisaje, resiliencia, co-evoluci\u00f3n, an\u00e1lisis de regresi\u00f3n, an\u00e1lisis retrospectivo &#8230; que deben ser el objeto de la revisi\u00f3n conceptual actualizada. Las investigaciones en geohistoria a menudo se &#8220;limitan&#8221; desde el punto de vista cronol\u00f3gico. \u00bfExiste realmente una frontera cronol\u00f3gico o l\u00edmites temporales en la geohistoria el medio ambiente y de los paisajes?<\/p>\n<p><strong>\u00bf nuevos instrumentos, nuevos datos, nuevas pr\u00e1cticas ?<\/strong><\/p>\n<p>En el enfoque geohist\u00f3rico, es posible definir las fuentes convencionales y las fuentes &#8220;innovadores&#8221;. Las primeras corresponden a las fuentes textuales y figurativas. Estos se movilizan con frecuencia (textos de archivos, mapas antiguos, planes, fotograf\u00edas oblicuas y a\u00e9reas y fotograf\u00edas antiguas). El uso de fuentes discursivas es m\u00e1s raramente realizada. M\u00e1s raramente a\u00fan, el geohistoriador construye sus fuentes de la memoria oral. Por \u00faltimo, algunas fuentes se pueden caracterizar como &#8220;innovadoras&#8221;. La cuesti\u00f3n de la participaci\u00f3n de los residentes en el desarrollo de fondos de archivos geohist\u00f3ricos est\u00e1 poco desarrollada hoy (colecci\u00f3n privada de mapas, colecci\u00f3n de im\u00e1genes &#8220;habitantes&#8221;, &#8230;). \u00bfExisten fuentes innovadoras (archivos de audio y v\u00eddeo) que formar\u00edan nuevo cuerpo de los archivos?<\/p>\n<p><strong>Geohistoria, patrimonio y patrimonializaci\u00f3n : la construcci\u00f3n del patrimonio seg\u00fan las fuentes geohistoricas<\/strong><\/p>\n<p>La noci\u00f3n de patrimonio, a menudo asociado con el t\u00e9rmino &#8220;hist\u00f3rico&#8221;, se interesa por los bienes materiales e inmateriales que tienen una importancia hist\u00f3rica y \/ o art\u00edstica y \/ o cultural. \u00bf C\u00f3mo el enfoque geo-hist\u00f3rico puede contribuir a la creaci\u00f3n de un patrimonio? Hoy en d\u00eda muchos territorios est\u00e1n dispuestos a valorar su patrimonio. \u00bf El enfoque geo-hist\u00f3rico puede ayudar a hacer resurgir los ambientes pasados, los paisajes y su memoria ?<\/p>\n<p><strong>\u00bf Qu\u00e9 papel juega los enfoques geohist\u00f3ricos en la gesti\u00f3n actual del medio ambiente y del paisaje?<\/strong><\/p>\n<p>Esta conferencia est\u00e1 abierta a todos los gestores del medio ambiente y del paisaje, y deseamos darle un alcance aplicado. Hoy en d\u00eda, las pol\u00edticas de gesti\u00f3n incluyen relativamente poco la duraci\u00f3n y la temporalidad en sus pr\u00e1cticas. El pasado que interesa a los gerentes no excede raramente a los 10, o como m\u00e1ximo los 30 \u00faltimos a\u00f1os. \u00bfPor qu\u00e9 y c\u00f3mo incorporar escalas de tiempo m\u00e1s largas en las operaciones de gesti\u00f3n actual ? \u00bfQu\u00e9 posible contribuci\u00f3n puede realizar la geo-historia para el debate sobre los &#8220;estados de referencia&#8221;? En cambio, la integraci\u00f3n de duraci\u00f3nno permite reemplazar el medioambiente y el paisaje, no en comparaci\u00f3n con un estado de referencia, pero si en una trayectoria temporal para la definici\u00f3n de escenarios de futuro. \u00bfSe puede hacer una buena prospectiva sin un an\u00e1lisis geohist\u00f3rico previo ? Los organizadores ser\u00e1n sensibles a las comunicaciones que muestran inter\u00e9s en la integraci\u00f3n de la duraci\u00f3n en las operaciones o pol\u00edticas de gesti\u00f3n y estar\u00e1n atentos a los eventos que asocian geohistoria y prospectiva temporal.<\/p>\n<p><strong>Enfoque tem\u00e1tico y territorial \u2013 geohistoria de los riesgos, geohistoria de los humedales (r\u00edos, \u2026), geohistoria \u00farbana, geohistoria de los bosques, geohistoria de las monta\u00f1as, territorios y tem\u00e1ticas emergentes.<\/strong><\/p>\n<p>Los enfoques de geohistoria del medioambiente y del paisaje tradicionalmente se centraron en varios temas y objetos: riesgos, r\u00edos, ciudades, bosques, &#8230; En el marco de esta conferencia, se prestar\u00e1 especial atenci\u00f3n a la contribuci\u00f3n de los enfoques geohist\u00f3ricos aplicados a \u00e1reas de riesgos naturales (inundaciones, avalanchas, inundaciones torrenciales &#8230;), pero tambi\u00e9n de la vulnerabilidad. La geohistoria de r\u00edos pueden ser abordados por su contribuci\u00f3n a la paleohidrolog\u00eda y a la evoluci\u00f3n de sus usos.<\/p>\n<p>La contribuci\u00f3n de geo-historia para el conocimiento y el funcionamiento de los espacios urbanos tambi\u00e9n se espera en relaci\u00f3n con la din\u00e1mica ambiental. Se prestar\u00e1 especial atenci\u00f3n a la relaci\u00f3n entre la ciudad \/ r\u00edo. Tambi\u00e9n se esperan unas contribuciones sobre otros temas como bosques geohistoria, costas y monta\u00f1as.<\/p>\n<p>Por \u00faltimo, quisieramos destacar los territorios y temas donde la dimensi\u00f3n geohist\u00f3rica es nueva y emergente : Europa Central y Oriental, Am\u00e9rica del Sur, &#8230;<\/p>\n<p>&nbsp;<\/p>\n<p>&nbsp;<\/p>\n<p><strong>Propuestas : <\/strong><\/p>\n<p>Las propuestas de ponencias (en franc\u00e9s, en ingl\u00e9s o espa\u00f1ol) deben ser enviadas por correo electr\u00f3nico al coordinador del congreso (<a href=\"&#x6d;&#x61;&#105;lt&#x6f;&#x3a;&#112;hi&#x6c;&#x69;&#112;pe&#x2e;&#x76;&#x61;let&#x74;&#x65;&#64;un&#x69;&#x76;&#45;tl&#x73;&#x65;&#50;&#46;f&#x72;\">p&#104;&#x69;&#x6c;ip&#112;&#x65;&#x2e;v&#97;&#x6c;&#x65;tt&#101;&#x40;&#x75;n&#105;&#x76;&#x2d;tl&#115;&#x65;&#x32;&#46;f&#x72;<\/a>) y a los miembros del comit\u00e9 de organizaci\u00f3n (<a href=\"&#x6d;a&#x69;l&#x74;o&#x3a;&#106;m&#x63;a&#x72;o&#x7a;&#122;&#x61;&#64;y&#x61;h&#x6f;o&#x2e;&#102;&#x72;\">&#x6a;&#x6d;&#x63;&#97;roz&#x7a;&#x61;&#x40;&#121;aho&#x6f;&#x2e;&#x66;&#114;<\/a>, <a href=\"&#x6d;&#x61;&#x69;&#x6c;&#x74;&#x6f;&#58;&#109;elodie&#x2e;&#x64;&#x61;&#x76;&#x69;&#x64;&#64;&#101;tu&#46;uni&#x76;&#x2d;&#x74;&#x6c;&#x73;&#x65;&#50;&#46;&#102;r\">m&#x65;l&#111;&#x64;i&#101;&#x2e;d&#x61;&#x76;i&#x64;&#64;&#101;&#x74;u&#46;&#x75;n&#x69;&#x76;-&#x74;&#x6c;s&#x65;2&#46;&#x66;r<\/a>, <a href=\"m&#x61;i&#108;&#x74;o&#58;&#x63;o&#x6c;&#x6c;o&#x71;u&#101;&#x5f;g&#101;&#x6f;h&#x69;&#x73;t&#x6f;&#x69;r&#x65;&#64;&#117;&#x6e;i&#118;&#x2d;t&#x6c;&#x73;e&#x32;&#46;&#102;&#x72;\">coll&#111;&#113;&#x75;&#x65;&#x5f;&#x67;&#x65;&#x6f;histo&#105;&#114;&#x65;&#x40;&#x75;&#x6e;&#x69;&#x76;-tls&#101;&#50;&#x2e;&#x66;&#x72;<\/a>).<\/p>\n<p>&nbsp;<\/p>\n<p>La fecha l\u00edmite para la entrega de las propuestas de ponencia ser\u00e1 el <strong>31 de marzo de 2016<\/strong><\/p>\n<p>&nbsp;<\/p>\n<p>Los autores ser\u00e1n informados de la decisi\u00f3n del comit\u00e9 cient\u00edfico a partir del <strong>30 de junio de 2016<\/strong>. Los res\u00famenes aceptados y el programa ser\u00e1n publicados en la p\u00e1gina web del congreso e enviado a los autores seleccionados.<\/p>\n<p>Los trabajos del congreso ser\u00e1n publicados bajo dos formas : se publicar\u00e1 una selecci\u00f3n de art\u00edculos en una revista especializada y se publicar\u00e1n de manera espec\u00edfica las actas del congreso.<\/p>","protected":false},"excerpt":{"rendered":"<p>La Geohistoria, t\u00e9rmino creado por Fernand Braudel (Braudel, 1949) se interesa en la construcci\u00f3n de los espacios y de los territorios a largo plazo. En el mundo anglo-saj\u00f3n (Inglatera, Estados-Unidos, Canada, \u2026), se aplica m\u00e1s bien el t\u00e9rmino de geograf\u00eda hist\u00f3rica (historical geography). Sin embargo, las definiciones de estos t\u00e9rminos fluct\u00faan sensiblemente de un autor [&hellip;]<\/p>\n","protected":false},"author":293,"featured_media":0,"parent":0,"menu_order":0,"comment_status":"closed","ping_status":"closed","template":"","meta":{"footnotes":""},"class_list":["post-10","page","type-page","status-publish","hentry"],"_links":{"self":[{"href":"https:\/\/blogs.univ-tlse2.fr\/colloque-geohistoire\/es\/wp-json\/wp\/v2\/pages\/10","targetHints":{"allow":["GET"]}}],"collection":[{"href":"https:\/\/blogs.univ-tlse2.fr\/colloque-geohistoire\/es\/wp-json\/wp\/v2\/pages"}],"about":[{"href":"https:\/\/blogs.univ-tlse2.fr\/colloque-geohistoire\/es\/wp-json\/wp\/v2\/types\/page"}],"author":[{"embeddable":true,"href":"https:\/\/blogs.univ-tlse2.fr\/colloque-geohistoire\/es\/wp-json\/wp\/v2\/users\/293"}],"replies":[{"embeddable":true,"href":"https:\/\/blogs.univ-tlse2.fr\/colloque-geohistoire\/es\/wp-json\/wp\/v2\/comments?post=10"}],"version-history":[{"count":8,"href":"https:\/\/blogs.univ-tlse2.fr\/colloque-geohistoire\/es\/wp-json\/wp\/v2\/pages\/10\/revisions"}],"predecessor-version":[{"id":107,"href":"https:\/\/blogs.univ-tlse2.fr\/colloque-geohistoire\/es\/wp-json\/wp\/v2\/pages\/10\/revisions\/107"}],"wp:attachment":[{"href":"https:\/\/blogs.univ-tlse2.fr\/colloque-geohistoire\/es\/wp-json\/wp\/v2\/media?parent=10"}],"curies":[{"name":"wp","href":"https:\/\/api.w.org\/{rel}","templated":true}]}}