 {"id":20,"date":"2016-01-05T16:37:54","date_gmt":"2016-01-05T15:37:54","guid":{"rendered":"https:\/\/blogs.univ-tlse2.fr\/colloque-geohistoire\/?page_id=20"},"modified":"2016-01-14T14:37:00","modified_gmt":"2016-01-14T13:37:00","slug":"comites","status":"publish","type":"page","link":"https:\/\/blogs.univ-tlse2.fr\/colloque-geohistoire\/es\/comites\/","title":{"rendered":"Comisi\u00f3n"},"content":{"rendered":"<p><strong>Comisi\u00f3n organizadora : <\/strong><\/p>\n<p>JM Antoine, Universidad de Toulouse Jean Jaur\u00e8s<\/p>\n<p>H Barcet, CNRS (Webmaster)<\/p>\n<p>JM Carozza, Universidad de Toulouse Jean Jaur\u00e8s,<\/p>\n<p>M David, Universidad de Toulouse Jean Jaur\u00e8s,<\/p>\n<p>E Gil, CNRS<\/p>\n<p>T Groparu, Universidad de Toulouse Jean Jaur\u00e8s,<\/p>\n<p>H Jantzi, Universidad de Toulouse Jean Jaur\u00e8s,<\/p>\n<p>JP M\u00e9taili\u00e9, Universidad de Toulouse Jean Jaur\u00e8s,<\/p>\n<p>Ph Valette, Universidad de Toulouse Jean Jaur\u00e8s<\/p>\n<p>&nbsp;<\/p>\n<p>&nbsp;<\/p>\n<p><strong>Comisi\u00f3n scientifico : <\/strong><\/p>\n<p>P Allard, Universidad de la M\u00e9diterran\u00e9e<\/p>\n<p>JM Antoine, Universidad de Toulouse Jean Jaur\u00e8s<\/p>\n<p>C Beck, Universidad de Valenciennes,<\/p>\n<p>S Briffaud, Escuela de Arquitectura de Bordeaux,<\/p>\n<p>JM Carozza, Universidad de La Rochelle,<\/p>\n<p>G Djament-Tran, Universidad de Strasbourg,<\/p>\n<p>G Domon, Universidad de Montr\u00e9al,<\/p>\n<p>M Galochet, Universidad d\u2019Arras,<\/p>\n<p>D Gramond, Universidad Paris Sorbonne,<\/p>\n<p>C Grataloup, Universidad de Paris 7<\/p>\n<p>M Hatvany, Universidad de Laval, Qu\u00e9bec,<\/p>\n<p>N Jacob-Rousseau (Universidad de Lyon 2)<\/p>\n<p>B Martin, Universidad de Mulhouse,<\/p>\n<p>Y Michelin, Metafort Clermont Ferrand,<\/p>\n<p>JM Minovez, Universidad de Toulouse Jean Jaur\u00e8s,<\/p>\n<p>D Moreno, Universidad de Genova,<\/p>\n<p>A Ollero, Universidad de Zaragoza,<\/p>\n<p>PG Salvador, Universidad de Lille,<\/p>\n<p>T Sauzeau, Universidad de Poitiers<\/p>\n<p>Ph Valette, Universidad de Toulouse Jean Jaur\u00e8s,<\/p>\n<p>C Watkins, Universidad de Nottingham.<\/p>\n<p>&nbsp;<\/p>","protected":false},"excerpt":{"rendered":"<p>Comisi\u00f3n organizadora : JM Antoine, Universidad de Toulouse Jean Jaur\u00e8s H Barcet, CNRS (Webmaster) JM Carozza, Universidad de Toulouse Jean Jaur\u00e8s, M David, Universidad de Toulouse Jean Jaur\u00e8s, E Gil, CNRS T Groparu, Universidad de Toulouse Jean Jaur\u00e8s, H Jantzi, Universidad de Toulouse Jean Jaur\u00e8s, JP M\u00e9taili\u00e9, Universidad de Toulouse Jean Jaur\u00e8s, Ph Valette, Universidad [&hellip;]<\/p>\n","protected":false},"author":293,"featured_media":0,"parent":0,"menu_order":0,"comment_status":"closed","ping_status":"closed","template":"","meta":{"footnotes":""},"class_list":["post-20","page","type-page","status-publish","hentry"],"_links":{"self":[{"href":"https:\/\/blogs.univ-tlse2.fr\/colloque-geohistoire\/es\/wp-json\/wp\/v2\/pages\/20","targetHints":{"allow":["GET"]}}],"collection":[{"href":"https:\/\/blogs.univ-tlse2.fr\/colloque-geohistoire\/es\/wp-json\/wp\/v2\/pages"}],"about":[{"href":"https:\/\/blogs.univ-tlse2.fr\/colloque-geohistoire\/es\/wp-json\/wp\/v2\/types\/page"}],"author":[{"embeddable":true,"href":"https:\/\/blogs.univ-tlse2.fr\/colloque-geohistoire\/es\/wp-json\/wp\/v2\/users\/293"}],"replies":[{"embeddable":true,"href":"https:\/\/blogs.univ-tlse2.fr\/colloque-geohistoire\/es\/wp-json\/wp\/v2\/comments?post=20"}],"version-history":[{"count":7,"href":"https:\/\/blogs.univ-tlse2.fr\/colloque-geohistoire\/es\/wp-json\/wp\/v2\/pages\/20\/revisions"}],"predecessor-version":[{"id":108,"href":"https:\/\/blogs.univ-tlse2.fr\/colloque-geohistoire\/es\/wp-json\/wp\/v2\/pages\/20\/revisions\/108"}],"wp:attachment":[{"href":"https:\/\/blogs.univ-tlse2.fr\/colloque-geohistoire\/es\/wp-json\/wp\/v2\/media?parent=20"}],"curies":[{"name":"wp","href":"https:\/\/api.w.org\/{rel}","templated":true}]}}