 {"id":44,"date":"2016-01-06T15:17:38","date_gmt":"2016-01-06T14:17:38","guid":{"rendered":"https:\/\/blogs.univ-tlse2.fr\/colloque-geohistoire\/?page_id=44"},"modified":"2016-01-14T11:53:58","modified_gmt":"2016-01-14T10:53:58","slug":"accueil","status":"publish","type":"page","link":"https:\/\/blogs.univ-tlse2.fr\/colloque-geohistoire\/es\/","title":{"rendered":"Inicio"},"content":{"rendered":"<p><a href=\"https:\/\/blogs.univ-tlse2.fr\/colloque-geohistoire\/files\/2016\/01\/affiche.jpg\" rel=\"attachment wp-att-15\"><img loading=\"lazy\" decoding=\"async\" class=\"size-medium wp-image-15 alignleft\" src=\"https:\/\/blogs.univ-tlse2.fr\/colloque-geohistoire\/files\/2016\/01\/affiche-219x300.jpg\" alt=\"affiche\" width=\"219\" height=\"300\" srcset=\"https:\/\/blogs.univ-tlse2.fr\/colloque-geohistoire\/files\/2016\/01\/affiche-219x300.jpg 219w, https:\/\/blogs.univ-tlse2.fr\/colloque-geohistoire\/files\/2016\/01\/affiche-746x1024.jpg 746w, https:\/\/blogs.univ-tlse2.fr\/colloque-geohistoire\/files\/2016\/01\/affiche.jpg 1240w\" sizes=\"auto, (max-width: 219px) 100vw, 219px\" \/><\/a><\/p>\n<p>&nbsp;<\/p>\n<p>El laboratorio <strong>GEODE (UMR 5602 CNRS)<\/strong> organiza del <strong>12 al 14 de octubre de 2016<\/strong> un congreso internacional en Toulouse (Universit\u00e9 de Toulouse Jean Jaur\u00e8s, Maison de la Recherche) cuya tem\u00e1tica es<\/p>\n<p style=\"text-align: center\"><strong>\u00ab geohistoria del medio ambiente y del paisaje \u00bb.<\/strong><\/p>\n<p>Encontrar\u00e1 en la p\u00e1gina web todas las informaciones \u00fatiles al desarrollo de estas jornadas : comit\u00e9 de organizaci\u00f3n, comit\u00e9 cient\u00edfico, propuestas de ponencia, formulario de presentaci\u00f3n de propuestas, \u2026.<br \/>\n<a href=\"https:\/\/blogs.univ-tlse2.fr\/colloque-geohistoire\/files\/2016\/01\/logos-partenaires1.jpg\" rel=\"attachment wp-att-100\"><img loading=\"lazy\" decoding=\"async\" class=\"aligncenter size-full wp-image-100\" src=\"https:\/\/blogs.univ-tlse2.fr\/colloque-geohistoire\/files\/2016\/01\/logos-partenaires1.jpg\" alt=\"logos-partenaires1\" width=\"900\" height=\"87\" \/><\/a><\/p>","protected":false},"excerpt":{"rendered":"<p>&nbsp; El laboratorio GEODE (UMR 5602 CNRS) organiza del 12 al 14 de octubre de 2016 un congreso internacional en Toulouse (Universit\u00e9 de Toulouse Jean Jaur\u00e8s, Maison de la Recherche) cuya tem\u00e1tica es \u00ab geohistoria del medio ambiente y del paisaje \u00bb. Encontrar\u00e1 en la p\u00e1gina web todas las informaciones \u00fatiles al desarrollo de estas [&hellip;]<\/p>\n","protected":false},"author":293,"featured_media":0,"parent":0,"menu_order":0,"comment_status":"closed","ping_status":"closed","template":"","meta":{"footnotes":""},"class_list":["post-44","page","type-page","status-publish","hentry"],"_links":{"self":[{"href":"https:\/\/blogs.univ-tlse2.fr\/colloque-geohistoire\/es\/wp-json\/wp\/v2\/pages\/44","targetHints":{"allow":["GET"]}}],"collection":[{"href":"https:\/\/blogs.univ-tlse2.fr\/colloque-geohistoire\/es\/wp-json\/wp\/v2\/pages"}],"about":[{"href":"https:\/\/blogs.univ-tlse2.fr\/colloque-geohistoire\/es\/wp-json\/wp\/v2\/types\/page"}],"author":[{"embeddable":true,"href":"https:\/\/blogs.univ-tlse2.fr\/colloque-geohistoire\/es\/wp-json\/wp\/v2\/users\/293"}],"replies":[{"embeddable":true,"href":"https:\/\/blogs.univ-tlse2.fr\/colloque-geohistoire\/es\/wp-json\/wp\/v2\/comments?post=44"}],"version-history":[{"count":8,"href":"https:\/\/blogs.univ-tlse2.fr\/colloque-geohistoire\/es\/wp-json\/wp\/v2\/pages\/44\/revisions"}],"predecessor-version":[{"id":105,"href":"https:\/\/blogs.univ-tlse2.fr\/colloque-geohistoire\/es\/wp-json\/wp\/v2\/pages\/44\/revisions\/105"}],"wp:attachment":[{"href":"https:\/\/blogs.univ-tlse2.fr\/colloque-geohistoire\/es\/wp-json\/wp\/v2\/media?parent=44"}],"curies":[{"name":"wp","href":"https:\/\/api.w.org\/{rel}","templated":true}]}}