 {"id":10,"date":"2015-12-11T12:55:58","date_gmt":"2015-12-11T11:55:58","guid":{"rendered":"https:\/\/blogs.univ-tlse2.fr\/colloque-geohistoire\/?page_id=10"},"modified":"2016-01-14T14:36:30","modified_gmt":"2016-01-14T13:36:30","slug":"appel-a-communication","status":"publish","type":"page","link":"https:\/\/blogs.univ-tlse2.fr\/colloque-geohistoire\/appel-a-communication\/","title":{"rendered":"Appel \u00e0 communication"},"content":{"rendered":"<p>La g\u00e9ohistoire, terme cr\u00e9\u00e9 par Fernand Braudel (Braudel, 1949), s\u2019int\u00e9resse \u00e0 la construction des espaces et des territoires sur la longue dur\u00e9e. Dans le monde anglo-saxon (Angleterre, Etats Unis, Canada,\u2026), le terme recouvre plut\u00f4t celui de g\u00e9ographie historique (historical geography). N\u00e9anmoins, les d\u00e9finitions de ces termes fluctuent sensiblement d\u2019un auteur \u00e0 l\u2019autre et d\u2019un pays \u00e0 l\u2019autre (Chouquer, Watteaux, 2013). Sch\u00e9matiquement, la g\u00e9ographie historique cherche \u00e0 appliquer \u00e0 des \u00e9poques pass\u00e9es les m\u00e9thodes de l\u2019analyse g\u00e9ographique tandis que la g\u00e9ohistoire s\u2019int\u00e9resse \u00e0 l\u2019\u00e9volution historique de configurations spatiales\/territoriales. La g\u00e9ohistoire correspondrait \u00e0 \u00ab\u00a0l\u2019histoire diachronique des soci\u00e9t\u00e9s \u00e0 travers leur espace\u00a0\u00bb alors que la g\u00e9ographie historique classique \u00ab\u00a0se contente d\u2019\u00e9tudier synchroniquement des situations du pass\u00e9, et sans consid\u00e9rer l\u2019espace comme facteur primordial\u00a0\u00bb (Chouquer, Watteaux, 2013).<\/p>\n<p>Depuis leur \u00e9mergence, ces termes se sont largement diffus\u00e9s dans le champ disciplinaire de la g\u00e9ographie et de l\u2019histoire. Si le terme de g\u00e9ohistoire ou g\u00e9o-histoire est de cr\u00e9ation r\u00e9cente, la r\u00e9alit\u00e9 qu\u2019il recouvre est, elle, au moins en partie, beaucoup plus ancienne et co\u00efncide pour partie avec le champ de la g\u00e9ographie historique. En France, les reconfigurations acad\u00e9miques depuis les ann\u00e9es 1950 ont conduit \u00e0 une longue \u00e9clipse de la g\u00e9ographie historique (Grataloup, 2015).<\/p>\n<p>Ce colloque sur la G\u00e9ohistoire de l\u2019environnement et des paysages, organis\u00e9 par le laboratoire GEODE (UMR 5602 CNRS), entend dresser un bilan des nombreux travaux men\u00e9s dans une perspective g\u00e9ohistorique. Ce colloque pluridisciplinaire portera \u00e9galement une attention particuli\u00e8re aux embo\u00eetements d\u2019\u00e9chelles de temps et d\u2019espace qui caract\u00e9risent le fonctionnement g\u00e9ohistorique des environnements et des paysages. Les organisateurs souhaitent favoriser les approches et les \u00e9tudes de cas aussi bien \u00e0 l\u2019int\u00e9rieur que hors d\u2019Europe, afin de multiplier \u00e9tudes comparatives et retours d\u2019exp\u00e9rience.<\/p>\n<p>&nbsp;<\/p>\n<p><strong>Th\u00e9matiques abord\u00e9es\u00a0: <\/strong><\/p>\n<p><strong>Champs et concepts de la g\u00e9ohistoire de l\u2019environnement et des paysages.<\/strong><\/p>\n<p>La g\u00e9ohistoire appliqu\u00e9e aux termes d\u2019environnement et de paysage conna\u00eet un certain succ\u00e8s de la part de nombreux chercheurs. Mais existe-t-il une sp\u00e9cificit\u00e9 de la g\u00e9ohistoire de l\u2019environnement et des paysages au regard de la g\u00e9ohistoire classique\u00a0? Aujourd\u2019hui, on peut consid\u00e9rer qu\u2019elle correspond \u00e0 l\u2019\u00e9tude des rapports entre une soci\u00e9t\u00e9 et son environnement naturel, le tout en \u00e9volution perp\u00e9tuelle. De nombreuses notions sont alors mobilis\u00e9es comme h\u00e9ritage, trajectoire environnementale et paysag\u00e8re, r\u00e9silience, co-\u00e9volution, analyse r\u00e9gressive, analyse r\u00e9trospective,\u2026 qui doivent faire l\u2019objet d\u2019une mise au point conceptuelle. Les recherches en g\u00e9ohistoire sont souvent \u00ab\u00a0born\u00e9es\u00a0\u00bb du point de vue chronologique. Existe-t-il r\u00e9ellement une fronti\u00e8re chronologique ou des bornes temporelles en g\u00e9ohistoire de l\u2019environnement et des paysages\u00a0?<\/p>\n<p><strong>Nouveaux outils, nouvelles donn\u00e9es, nouvelles pratiques\u00a0?<\/strong><\/p>\n<p>Dans l\u2019approche g\u00e9ohistorique, il est possible de d\u00e9finir des sources classiques et des sources \u00ab\u00a0innovantes\u00a0\u00bb. Les premi\u00e8res correspondent aux sources textuelles et figuratives. Elles sont les plus fr\u00e9quemment mobilis\u00e9es (textes d\u2019archives, cartes anciennes, plans, photographies obliques et a\u00e9riennes anciennes). Le recours aux sources discursives est plus rarement r\u00e9alis\u00e9. Plus rarement encore, le g\u00e9ohistorien construit ses sources \u00e0 partir de la m\u00e9moire vivante. Enfin, certaines sources peuvent \u00eatre qualifi\u00e9es \u00ab\u00a0d\u2019innovantes\u00a0\u00bb. La question de la participation des habitants \u00e0 la constitution de fonds archivistique g\u00e9ohistorique est peu d\u00e9velopp\u00e9e aujourd\u2019hui (collection de cartes priv\u00e9es, recueil d\u2019images \u00ab\u00a0habitantes\u00a0\u00bb,\u2026). Existe-t-il des sources innovantes (archives audio et vid\u00e9o) qui permettraient de constituer de nouveaux corpus d\u2019archives\u00a0?<\/p>\n<p><strong>G\u00e9ohistoire, patrimoine et patrimonialisation\u00a0: la construction du patrimoine par les sources g\u00e9ohistoriques.<\/strong><\/p>\n<p>La notion de patrimoine, souvent associ\u00e9e au terme \u00ab\u00a0historique\u00a0\u00bb, s\u2019int\u00e9resse aux biens mat\u00e9riels, immat\u00e9riels, ayant une importance historique et\/ou artistique et\/ou culturelle. En quoi l\u2019approche g\u00e9ohistorique peut-elle contribuer \u00e0 la constitution d\u2019un patrimoine\u00a0? Aujourd\u2019hui nombre de territoires ont la volont\u00e9 de valoriser leurs patrimoines. L\u2019approche g\u00e9ohistorique peut-elle contribuer \u00e0 faire resurgir les environnements pass\u00e9s, les paysages et leur m\u00e9moire ?<\/p>\n<p><strong>Quel r\u00f4le pour les <\/strong><strong>approches g\u00e9ohistoriques dans la gestion actuelle de l\u2019environnement et du paysage\u00a0?<\/strong><\/p>\n<p>Ce colloque s\u2019adresse \u00e9galement \u00e0 l\u2019ensemble des gestionnaires de l\u2019environnement et des paysages et nous souhaitons lui donner une port\u00e9e op\u00e9rationnelle. Aujourd\u2019hui, les politiques de gestion int\u00e8grent assez peu la dur\u00e9e et la temporalit\u00e9 dans leurs pratiques. Le pass\u00e9 qui int\u00e9resse les gestionnaires d\u00e9passe rarement les 10, voire les 30 derni\u00e8res ann\u00e9es. Pourquoi et comment int\u00e9grer des temporalit\u00e9s plus longues dans des op\u00e9rations de gestion actuelle\u00a0? Quelle contribution possible de la g\u00e9ohistoire au d\u00e9bat sur les \u00ab\u00a0\u00e9tats de r\u00e9f\u00e9rence\u00a0\u00bb\u00a0? Au contraire l\u2019int\u00e9gration de la dur\u00e9e ne permet-elle pas de replacer les environnements et les paysages, non pas par rapport \u00e0 un \u00e9tat de r\u00e9f\u00e9rence, mais dans une trajectoire temporelle qui permet de d\u00e9finir des sc\u00e9narios prospectifs. Peut-on faire une bonne prospective sans une analyse g\u00e9ohistorique pr\u00e9alable\u00a0? Les organisateurs seront sensibles \u00e0 des communications montrant l\u2019int\u00e9r\u00eat de l\u2019int\u00e9gration de la dur\u00e9e dans des op\u00e9rations ou politiques de gestion et seront attentifs aux d\u00e9marches associant g\u00e9ohistoire et prospective.<\/p>\n<p><strong>Approche th\u00e9matique et territoriale<\/strong><strong> &#8211; G\u00e9ohistoire des risques, g\u00e9ohistoire des zones humides (cours d\u2019eau,\u2026), g\u00e9ohistoire urbaine, g\u00e9ohistoire des for\u00eats, g\u00e9ohistoire des montagnes, territoires et th\u00e9matiques \u00e9mergentes. <\/strong><\/p>\n<p>Les approches de g\u00e9ohistoire des environnements et des paysages ont port\u00e9 traditionnellement sur plusieurs th\u00e9matiques et objets\u00a0: risques, cours d\u2019eau, ville, for\u00eats,\u2026 Dans le cadre de ce colloque, une attention particuli\u00e8re sera apport\u00e9e \u00e0 la contribution des d\u00e9marches g\u00e9ohistoriques appliqu\u00e9es aux domaines des risques naturels (inondations, avalanches, crues torrentielles,\u2026) mais aussi de la vuln\u00e9rabilit\u00e9. La g\u00e9ohistoire des cours d\u2019eau pourra \u00eatre abord\u00e9 pour sa contribution \u00e0 la pal\u00e9ohydrologie et \u00e0 l\u2019\u00e9volution des usages. La contribution de la g\u00e9ohistoire \u00e0 la connaissance et au fonctionnement des espaces urbains est \u00e9galement attendue en relation avec les dynamiques environnementales. Une place particuli\u00e8re sera accord\u00e9e au rapport entre ville\/fleuve. Des contributions sur d\u2019autres th\u00e9matiques comme la g\u00e9ohistoire des for\u00eats, des littoraux ou des montagnes sont \u00e9galement attendues.<\/p>\n<p>Enfin, nous souhaitons mettre en avant les territoires et les th\u00e9matiques o\u00f9 la dimension g\u00e9ohistorique est nouvelle et \u00e9mergente\u00a0: Europe centrale et orientale, Am\u00e9rique du sud, &#8230;<\/p>\n<p>&nbsp;<\/p>\n<p><strong>Communications\u00a0: <\/strong><\/p>\n<p>Les propositions de communications (en fran\u00e7ais et en anglais) doivent \u00eatre adress\u00e9es par voie \u00e9lectronique \u00e0 l\u2019adresse du coordinateur du colloque (<a href=\"&#x6d;a&#x69;&#x6c;t&#x6f;&#58;p&#x68;&#105;l&#x69;p&#x70;&#x65;&#46;&#x76;&#97;l&#x65;&#116;t&#x65;&#64;&#x75;&#x6e;i&#x76;&#x2d;t&#x6c;&#115;e&#x32;&#46;f&#x72;\">p&#x68;il&#x69;pp&#x65;&#46;&#118;&#x61;l&#101;&#x74;t&#101;&#x40;u&#110;&#x69;v&#45;&#x74;l&#115;&#x65;2&#46;&#x66;r<\/a>) ainsi qu\u2019aux membres du comit\u00e9 d\u2019organisation (<a href=\"&#x6d;&#x61;&#105;lto&#x3a;&#x6a;&#x6d;&#99;ar&#x6f;&#x7a;&#x7a;&#97;&#64;y&#x61;&#x68;&#x6f;&#111;&#46;f&#x72;\">j&#x6d;&#x63;a&#x72;&#x6f;z&#x7a;&#x61;&#64;&#x79;&#x61;h&#x6f;&#x6f;&#46;&#x66;&#x72;<\/a>, <a href=\"&#x6d;&#x61;&#x69;&#x6c;&#x74;&#x6f;&#x3a;&#x6d;&#x65;&#x6c;&#x6f;&#100;&#105;&#101;&#46;david&#64;etu&#x2e;&#x75;&#x6e;&#x69;&#x76;&#x2d;&#x74;&#x6c;&#x73;&#x65;&#x32;&#x2e;&#102;&#114;\">m&#x65;l&#111;&#x64;i&#x65;&#46;&#100;&#x61;v&#x69;&#x64;&#64;&#x65;t&#117;&#x2e;u&#x6e;&#x69;v&#x2d;t&#108;&#x73;e&#x32;&#46;&#102;&#x72;<\/a>, &#x63;ol&#x6c;&#111;q&#x75;&#101;_&#x67;&#101;o&#x68;&#105;s&#x74;&#x6f;i&#x72;&#x65;&#64;&#x75;&#x6e;i&#x76;&#x2d;tl&#x73;&#101;2&#x2e;&#102;r).<\/p>\n<p>Date limite de d\u00e9p\u00f4t des propositions\u00a0: <strong>31 mars 2016.<\/strong><\/p>\n<p>Les auteurs seront inform\u00e9s de la d\u00e9cision du comit\u00e9 scientifique \u00e0 partir du <strong>30 juin 2016<\/strong>. Les r\u00e9sum\u00e9s accept\u00e9s ainsi que le programme seront publi\u00e9s sur le site du colloque d\u00e9di\u00e9 et envoy\u00e9 aux auteurs retenus.<\/p>\n<p>Les travaux du colloque seront publi\u00e9s sous deux formes\u00a0: une s\u00e9lection d\u2019articles fera l\u2019objet d\u2019une publication dans une revue sp\u00e9cialis\u00e9e et les actes du colloque feront l\u2019objet d\u2019une publication sp\u00e9cifique.<\/p>","protected":false},"excerpt":{"rendered":"<p>La g\u00e9ohistoire, terme cr\u00e9\u00e9 par Fernand Braudel (Braudel, 1949), s\u2019int\u00e9resse \u00e0 la construction des espaces et des territoires sur la longue dur\u00e9e. Dans le monde anglo-saxon (Angleterre, Etats Unis, Canada,\u2026), le terme recouvre plut\u00f4t celui de g\u00e9ographie historique (historical geography). N\u00e9anmoins, les d\u00e9finitions de ces termes fluctuent sensiblement d\u2019un auteur \u00e0 l\u2019autre et d\u2019un pays [&hellip;]<\/p>\n","protected":false},"author":293,"featured_media":0,"parent":0,"menu_order":0,"comment_status":"closed","ping_status":"closed","template":"","meta":{"footnotes":""},"class_list":["post-10","page","type-page","status-publish","hentry"],"_links":{"self":[{"href":"https:\/\/blogs.univ-tlse2.fr\/colloque-geohistoire\/wp-json\/wp\/v2\/pages\/10","targetHints":{"allow":["GET"]}}],"collection":[{"href":"https:\/\/blogs.univ-tlse2.fr\/colloque-geohistoire\/wp-json\/wp\/v2\/pages"}],"about":[{"href":"https:\/\/blogs.univ-tlse2.fr\/colloque-geohistoire\/wp-json\/wp\/v2\/types\/page"}],"author":[{"embeddable":true,"href":"https:\/\/blogs.univ-tlse2.fr\/colloque-geohistoire\/wp-json\/wp\/v2\/users\/293"}],"replies":[{"embeddable":true,"href":"https:\/\/blogs.univ-tlse2.fr\/colloque-geohistoire\/wp-json\/wp\/v2\/comments?post=10"}],"version-history":[{"count":8,"href":"https:\/\/blogs.univ-tlse2.fr\/colloque-geohistoire\/wp-json\/wp\/v2\/pages\/10\/revisions"}],"predecessor-version":[{"id":107,"href":"https:\/\/blogs.univ-tlse2.fr\/colloque-geohistoire\/wp-json\/wp\/v2\/pages\/10\/revisions\/107"}],"wp:attachment":[{"href":"https:\/\/blogs.univ-tlse2.fr\/colloque-geohistoire\/wp-json\/wp\/v2\/media?parent=10"}],"curies":[{"name":"wp","href":"https:\/\/api.w.org\/{rel}","templated":true}]}}