 {"id":12,"date":"2015-12-11T12:57:39","date_gmt":"2015-12-11T11:57:39","guid":{"rendered":"https:\/\/blogs.univ-tlse2.fr\/colloque-geohistoire\/?page_id=12"},"modified":"2016-09-20T14:26:38","modified_gmt":"2016-09-20T12:26:38","slug":"informations-pratiques","status":"publish","type":"page","link":"https:\/\/blogs.univ-tlse2.fr\/colloque-geohistoire\/informations-pratiques\/","title":{"rendered":"Informations pratiques"},"content":{"rendered":"<p><\/p>\n<p class=\"inter_normal\"><a href=\"https:\/\/blogs.univ-tlse2.fr\/colloque-geohistoire\/files\/2015\/12\/Acces-colloque-Geohistoire.pdf\">Plan<\/a> du Campus :<\/p>\n<p class=\"inter_normal\">Vous trouverez toutes les informations n\u00e9cessaires \u00e0 l\u2019organisation de votre s\u00e9jour \u00e0 Toulouse sur le site de l\u2019<a href=\"http:\/\/www.toulouse-tourisme.com\/offre\/recherche\/Preparer-son-sejour\/Ou-dormir\/Hotels\/%7E%7E%7E\/page-1\">Office du Tourisme de Toulouse<\/a> .<\/p>\n<p class=\"inter_normal\">L\u2019universit\u00e9 se trouvant sur la ligne A du m\u00e9tro, nous vous conseillons de r\u00e9server un h\u00f4tel dans les quartiers \u00ab\u00a0Centre\/ Capitole\u00a0\u00bb (\u00e0 15mn de l\u2019Universit\u00e9 en m\u00e9tro), \u00ab\u00a0Proche Gare\u00a0\u00bb (\u00e0 20mn de l\u2019Universit\u00e9 en m\u00e9tro) ou Compans-Caffarelli-Pierre Baudis (sur la ligne B mais facilement accessible).<\/p>\n<p><\/p>","protected":false},"excerpt":{"rendered":"<p>Plan du Campus : Vous trouverez toutes les informations n\u00e9cessaires \u00e0 l\u2019organisation de votre s\u00e9jour \u00e0 Toulouse sur le site de l\u2019Office du Tourisme de Toulouse . L\u2019universit\u00e9 se trouvant sur la ligne A du m\u00e9tro, nous vous conseillons de r\u00e9server un h\u00f4tel dans les quartiers \u00ab\u00a0Centre\/ Capitole\u00a0\u00bb (\u00e0 15mn de l\u2019Universit\u00e9 en m\u00e9tro), \u00ab\u00a0Proche [&hellip;]<\/p>\n","protected":false},"author":293,"featured_media":0,"parent":0,"menu_order":0,"comment_status":"closed","ping_status":"closed","template":"","meta":{"footnotes":""},"class_list":["post-12","page","type-page","status-publish","hentry"],"_links":{"self":[{"href":"https:\/\/blogs.univ-tlse2.fr\/colloque-geohistoire\/wp-json\/wp\/v2\/pages\/12","targetHints":{"allow":["GET"]}}],"collection":[{"href":"https:\/\/blogs.univ-tlse2.fr\/colloque-geohistoire\/wp-json\/wp\/v2\/pages"}],"about":[{"href":"https:\/\/blogs.univ-tlse2.fr\/colloque-geohistoire\/wp-json\/wp\/v2\/types\/page"}],"author":[{"embeddable":true,"href":"https:\/\/blogs.univ-tlse2.fr\/colloque-geohistoire\/wp-json\/wp\/v2\/users\/293"}],"replies":[{"embeddable":true,"href":"https:\/\/blogs.univ-tlse2.fr\/colloque-geohistoire\/wp-json\/wp\/v2\/comments?post=12"}],"version-history":[{"count":4,"href":"https:\/\/blogs.univ-tlse2.fr\/colloque-geohistoire\/wp-json\/wp\/v2\/pages\/12\/revisions"}],"predecessor-version":[{"id":127,"href":"https:\/\/blogs.univ-tlse2.fr\/colloque-geohistoire\/wp-json\/wp\/v2\/pages\/12\/revisions\/127"}],"wp:attachment":[{"href":"https:\/\/blogs.univ-tlse2.fr\/colloque-geohistoire\/wp-json\/wp\/v2\/media?parent=12"}],"curies":[{"name":"wp","href":"https:\/\/api.w.org\/{rel}","templated":true}]}}