 {"id":25,"date":"2016-01-05T16:43:43","date_gmt":"2016-01-05T15:43:43","guid":{"rendered":"https:\/\/blogs.univ-tlse2.fr\/colloque-geohistoire\/?page_id=25"},"modified":"2016-09-05T14:17:28","modified_gmt":"2016-09-05T12:17:28","slug":"inscription","status":"publish","type":"page","link":"https:\/\/blogs.univ-tlse2.fr\/colloque-geohistoire\/inscription\/","title":{"rendered":"Inscription"},"content":{"rendered":"<p>Les frais d\u2019inscription s\u2019\u00e9l\u00e8vent \u00e0 180 euros (110 euros pour les \u00e9tudiants).<\/p>\n<p>Ils incluent :<\/p>\n<ul>\n<li>les repas<\/li>\n<li>les pauses-caf\u00e9<\/li>\n<li>les diff\u00e9rents mat\u00e9riaux li\u00e9s au colloque (malette,\u2026).<\/li>\n<\/ul>\n<p>Le logement et les transports restent \u00e0 la charge des participants.<\/p>\n<p><strong>Le lien pour les inscriptions :\u00a0<a class=\"moz-txt-link-freetext\" href=\"http:\/\/w3.colloquescprs.univ-tlse2.fr\/spip.php?rubrique96&amp;lang=fr\">http:\/\/w3.colloquescprs.univ-tlse2.fr\/spip.php?rubrique96&amp;lang=fr<\/a><\/strong><\/p>","protected":false},"excerpt":{"rendered":"<p>Les frais d\u2019inscription s\u2019\u00e9l\u00e8vent \u00e0 180 euros (110 euros pour les \u00e9tudiants). Ils incluent : les repas les pauses-caf\u00e9 les diff\u00e9rents mat\u00e9riaux li\u00e9s au colloque (malette,\u2026). Le logement et les transports restent \u00e0 la charge des participants. Le lien pour les inscriptions :\u00a0http:\/\/w3.colloquescprs.univ-tlse2.fr\/spip.php?rubrique96&amp;lang=fr<\/p>\n","protected":false},"author":293,"featured_media":0,"parent":0,"menu_order":0,"comment_status":"closed","ping_status":"closed","template":"","meta":{"footnotes":""},"class_list":["post-25","page","type-page","status-publish","hentry"],"_links":{"self":[{"href":"https:\/\/blogs.univ-tlse2.fr\/colloque-geohistoire\/wp-json\/wp\/v2\/pages\/25","targetHints":{"allow":["GET"]}}],"collection":[{"href":"https:\/\/blogs.univ-tlse2.fr\/colloque-geohistoire\/wp-json\/wp\/v2\/pages"}],"about":[{"href":"https:\/\/blogs.univ-tlse2.fr\/colloque-geohistoire\/wp-json\/wp\/v2\/types\/page"}],"author":[{"embeddable":true,"href":"https:\/\/blogs.univ-tlse2.fr\/colloque-geohistoire\/wp-json\/wp\/v2\/users\/293"}],"replies":[{"embeddable":true,"href":"https:\/\/blogs.univ-tlse2.fr\/colloque-geohistoire\/wp-json\/wp\/v2\/comments?post=25"}],"version-history":[{"count":13,"href":"https:\/\/blogs.univ-tlse2.fr\/colloque-geohistoire\/wp-json\/wp\/v2\/pages\/25\/revisions"}],"predecessor-version":[{"id":116,"href":"https:\/\/blogs.univ-tlse2.fr\/colloque-geohistoire\/wp-json\/wp\/v2\/pages\/25\/revisions\/116"}],"wp:attachment":[{"href":"https:\/\/blogs.univ-tlse2.fr\/colloque-geohistoire\/wp-json\/wp\/v2\/media?parent=25"}],"curies":[{"name":"wp","href":"https:\/\/api.w.org\/{rel}","templated":true}]}}