 {"id":2,"date":"2025-06-05T12:01:11","date_gmt":"2025-06-05T10:01:11","guid":{"rendered":"https:\/\/blogs.univ-tlse2.fr\/colloque-sms-2025\/?page_id=2"},"modified":"2025-07-23T08:38:03","modified_gmt":"2025-07-23T06:38:03","slug":"colloque-sms-mondes-passes","status":"publish","type":"page","link":"https:\/\/blogs.univ-tlse2.fr\/colloque-sms-2025\/","title":{"rendered":"Colloque du LabEx SMS 2025"},"content":{"rendered":"<div class=\"wpb-content-wrapper\"><p>[vc_row full_width=\u00a0\u00bbstretch_row_content_no_spaces\u00a0\u00bb][vc_column][vc_single_image image=\u00a0\u00bb393&Prime; img_size=\u00a0\u00bbfull\u00a0\u00bb css=\u00a0\u00bb\u00a0\u00bb][\/vc_column][\/vc_row][vc_row][vc_column][\/vc_column][\/vc_row][vc_row content_placement=\u00a0\u00bbmiddle\u00a0\u00bb][vc_column][vc_column_text css=\u00a0\u00bb\u00a0\u00bb]\u00ab Des mondes pass\u00e9s aux futurs \u00e9mergents : r\u00e9seaux, conflits, solidarit\u00e9s \u00bb propose d\u2019analyser les transformations des mondes sociaux \u00e0 travers les crises sociales, environnementales,\u00e9conomiques et politiques, pass\u00e9es ou actuelles. Il s\u2019int\u00e9resse aux trajectoires de ces changements \u2013 des bifurcations individuelles aux transitions soci\u00e9tales \u2013 en \u00e9tudiant l\u2019\u00e9mergence de d\u00e9s\u00e9quilibres, d\u2019in\u00e9galit\u00e9s, de conflits et de formes de solidarit\u00e9. Les mondes sociaux y sont abord\u00e9s comme des structurations relationnelles, en partie organis\u00e9es et r\u00e9gul\u00e9es, toujours situ\u00e9es spatialement et susceptibles d&rsquo;\u00eatre reconfigur\u00e9es face aux al\u00e9as.<\/p>\n<p>Trois axes orientent la r\u00e9flexion commune : le r\u00f4le des \u00e9v\u00e9nements dans les bifurcations et les changements sociaux ; les conflits, \u00e0 la fois r\u00e9v\u00e9lateurs et vecteurs de contraintes ou de recompositions des structures sociales ; les processus par lesquels les activit\u00e9s sociales et les actions collectives favorisent l\u2019\u00e9mergence de nouvelles organisations sociales. L\u2019ensemble vise \u00e0 approfondir la compr\u00e9hension des dynamiques qui fa\u00e7onnent les mondes sociaux, \u00e0 court comme \u00e0 long terme.[\/vc_column_text][vc_btn title=\u00a0\u00bbS&rsquo;inscrire\u00a0\u00bb color=\u00a0\u00bbpurple\u00a0\u00bb align=\u00a0\u00bbcenter\u00a0\u00bb css=\u00a0\u00bb\u00a0\u00bb link=\u00a0\u00bburl:https%3A%2F%2Fenquetes.univ-tlse2.fr%2Findex.php%2F838741%3Flang%3Dfr|target:_blank\u00a0\u00bb][\/vc_column][\/vc_row][vc_row][vc_column][vc_single_image image=\u00a0\u00bb710&Prime; img_size=\u00a0\u00bblarge\u00a0\u00bb alignment=\u00a0\u00bbcenter\u00a0\u00bb css=\u00a0\u00bb\u00a0\u00bb][\/vc_column][\/vc_row]<\/p>\n<\/div>","protected":false},"excerpt":{"rendered":"<p>[vc_row full_width=\u00a0\u00bbstretch_row_content_no_spaces\u00a0\u00bb][vc_column][vc_single_image image=\u00a0\u00bb393&Prime; img_size=\u00a0\u00bbfull\u00a0\u00bb css=\u00a0\u00bb\u00a0\u00bb][\/vc_column][\/vc_row][vc_row][vc_column][\/vc_column][\/vc_row][vc_row content_placement=\u00a0\u00bbmiddle\u00a0\u00bb][vc_column][vc_column_text css=\u00a0\u00bb\u00a0\u00bb]\u00ab Des mondes pass\u00e9s aux futurs \u00e9mergents : r\u00e9seaux, conflits, solidarit\u00e9s \u00bb propose d\u2019analyser les transformations des mondes sociaux \u00e0 travers les crises sociales, [&hellip;]<\/p>\n","protected":false},"author":1530,"featured_media":0,"parent":0,"menu_order":0,"comment_status":"closed","ping_status":"open","template":"","meta":{"_EventAllDay":false,"_EventTimezone":"","_EventStartDate":"","_EventEndDate":"","_EventStartDateUTC":"","_EventEndDateUTC":"","_EventShowMap":false,"_EventShowMapLink":false,"_EventURL":"","_EventCost":"","_EventCostDescription":"","_EventCurrencySymbol":"","_EventCurrencyCode":"","_EventCurrencyPosition":"","_EventDateTimeSeparator":"","_EventTimeRangeSeparator":"","_EventOrganizerID":[],"_EventVenueID":[],"_OrganizerEmail":"","_OrganizerPhone":"","_OrganizerWebsite":"","_VenueAddress":"","_VenueCity":"","_VenueCountry":"","_VenueProvince":"","_VenueState":"","_VenueZip":"","_VenuePhone":"","_VenueURL":"","_VenueStateProvince":"","_VenueLat":"","_VenueLng":"","_VenueShowMap":false,"_VenueShowMapLink":false,"footnotes":""},"class_list":["post-2","page","type-page","status-publish","hentry"],"_links":{"self":[{"href":"https:\/\/blogs.univ-tlse2.fr\/colloque-sms-2025\/wp-json\/wp\/v2\/pages\/2","targetHints":{"allow":["GET"]}}],"collection":[{"href":"https:\/\/blogs.univ-tlse2.fr\/colloque-sms-2025\/wp-json\/wp\/v2\/pages"}],"about":[{"href":"https:\/\/blogs.univ-tlse2.fr\/colloque-sms-2025\/wp-json\/wp\/v2\/types\/page"}],"author":[{"embeddable":true,"href":"https:\/\/blogs.univ-tlse2.fr\/colloque-sms-2025\/wp-json\/wp\/v2\/users\/1530"}],"replies":[{"embeddable":true,"href":"https:\/\/blogs.univ-tlse2.fr\/colloque-sms-2025\/wp-json\/wp\/v2\/comments?post=2"}],"version-history":[{"count":29,"href":"https:\/\/blogs.univ-tlse2.fr\/colloque-sms-2025\/wp-json\/wp\/v2\/pages\/2\/revisions"}],"predecessor-version":[{"id":700,"href":"https:\/\/blogs.univ-tlse2.fr\/colloque-sms-2025\/wp-json\/wp\/v2\/pages\/2\/revisions\/700"}],"wp:attachment":[{"href":"https:\/\/blogs.univ-tlse2.fr\/colloque-sms-2025\/wp-json\/wp\/v2\/media?parent=2"}],"curies":[{"name":"wp","href":"https:\/\/api.w.org\/{rel}","templated":true}]}}