 {"id":635,"date":"2025-07-08T10:17:54","date_gmt":"2025-07-08T08:17:54","guid":{"rendered":"https:\/\/blogs.univ-tlse2.fr\/colloque-sms-2025\/?page_id=635"},"modified":"2025-07-08T10:17:54","modified_gmt":"2025-07-08T08:17:54","slug":"participant%c2%b7es","status":"publish","type":"page","link":"https:\/\/blogs.univ-tlse2.fr\/colloque-sms-2025\/participant%c2%b7es\/","title":{"rendered":"Participant\u00b7es"},"content":{"rendered":"\n<div class=\"wp-block-columns is-layout-flex wp-container-core-columns-is-layout-9d6595d7 wp-block-columns-is-layout-flex\">\n<div class=\"wp-block-column is-layout-flow wp-block-column-is-layout-flow\">\n<p>AKIMOWICZ Mikael<br>ANNES Alexis<br>ARNAUD Lionel<br>BABE Josiane Apo Achille<br>BAL Marie-Claude<br>BARTHE Laurence<br>BESSIERE Jacinthe<br>BLANCHARD Marianne<br>BONNET Val\u00e9rie<br>BORIES Beno\u00eet<br>BORIES Olivier<br>BOURG Adrien<br>BOUSQUET Franck<br>BRAILLY Julien<br>BROSSARD Olivier<br>CABANAC Guillaume<br>CARBOU Guillaume<br>CARRARO Flavia<br>CASSAYRE Laurent<br>CAZENAVE Jean-Michel<br>CHARLAP C\u00e9cile<br>CHARLIER ZEINEDDINE Laurence<br>CHATELET Claire<br>CHATIRICHVILI Odile<br>CHAUVEL Brian<br>CHAUVIN Emmanuel<br>CHRISTOPHE Thibault<br>CLARA Ana\u00efs<br>CLAUSSE Alexandre<br>COCHOY Franck<br>CRESPY C\u00e9cile<br>DATCHARY Caroline<br>DELA\u00ceTRE Anouk<br>DIALLO Mamadou Habib<br>DIL\u00c9-TOUSTOU Jules<br>DOR\u00c9 Antoine<br>DUFAU Magali<br>DUMEZ Richard<br>FAVRAUD Georges<br>FAVRE Guillaume<br>FIGEAC Julien<br>FISCHER Charlotte<br><\/p>\n<\/div>\n\n\n\n<div class=\"wp-block-column is-layout-flow wp-block-column-is-layout-flow\">\n<p>FONQUERNE Leslie<br>FRAISIER-VANNIER Oph\u00e9lie<br>GABAIL Laurent<br>GALLIANO Danielle<br>GAMBINO M\u00e9lanie<br>GARNIER Emmanuelle<br>GAUDIN Guillaume<br>GIRAUD Anne-Sophie<br>GOLOVTCHENKO Nicolas<br>GONCALVES Am\u00e9lie<br>GOUARD David<br>GROSSETTI Michel<br>GUIBERT Martine<br>GUILLAUME Romain<br>HADNA-BREMAND Saliha<br>HAGIMONT Steve<br>HUANG Jin<br>HUMBLET Marg<br>HUP\u00c9 Jean-Michel<br>ILLANES Isabelle<br>JACQUEMIN M\u00e9lanie<br>JONCHERAY Mathilde<br>JOUENNE No\u00ebl<br>JUDDE DE LARIVI\u00c8RE Claire<br>KELBEL Camille<br>K\u00dcNSTLER Rapha\u00ebl<br>LABROUCHE Geoffroy<br>LARIVE Jean<br>LAUNAY Lydie<br>LE FORESTIER M\u00e9lanie<br>LECROSNIER-JURAVER Zo\u00e9<br>LEFEBVRE Muriel<br>LEGRAIN Laurent<br>LENORMAND Pauline<br>LEOBAL Cl\u00e9mence<br>LOMBARD Meredith<br>LUCIEN Ysanne<br>MACOUIN M\u00e9lina<br>MAGRINI Marie-Beno\u00eet<br>MA\u00ceTRE R\u00e9mi<br>SAINTE-MARIE Micheline<br>MARSHALL Ana\u00efs<br><br><\/p>\n<\/div>\n\n\n\n<div class=\"wp-block-column is-layout-flow wp-block-column-is-layout-flow\">\n<p>MARTIAL Agn\u00e8s<br>MIGNOT Pierre<br>MILARD B\u00e9atrice<br>MINOVEZ Jean-Michel<br>MOLINIER Pierre<br>MORALES Yves<br>OLIVIER Jean-Marc<br>OROZCO Luis<br>PERRIN Edgar<br>PLUMECOCQ Ga\u00ebl<br>POTIER Victor<br>PRIMERANO Adrien<br>QUINQUETON Nils<br>RATINAUD Pierre<br>RAYSSAC S\u00e9bastien<br>REDON Laurence<br>RESSIA Nad\u00e8ge<br>RIVOAL Sol\u00e8ne<br>ROUBERTIE SOLIMAN Lorraine<br>ROUCH Marine<br>ROUG\u00c9 Lionel<br>RUEDA Amanda<br>SACCOMANO Benjamin<br>SAHUT Gilles<br>S\u00c9BASTIEN L\u00e9a<br>SEBBAH Brigitte<br>SIBERTIN-BLANC Mariette<br>TAULELLE Fran\u00e7ois<br>TEULIERES Laure<br>THOEMMES Jens<br>TOPLIS Michael<br>TORDJMAN Simon<br>TRIBOULET Pierre<br>TRIPIER-MONDANCIN Odile<br>VAL Thierry<br>VALETTE H\u00e9lo\u00efse<br>VALETTE Philippe<br>VERCRUYSSEN-EVRARD Oihana<br>VICENTE J\u00e9r\u00f4me<br>ZEGHMAR Lydia<br>ZELLER Justine<br>ZHANG Jingling<\/p>\n<\/div>\n<\/div>\n","protected":false},"excerpt":{"rendered":"<p>AKIMOWICZ MikaelANNES AlexisARNAUD LionelBABE Josiane Apo AchilleBAL Marie-ClaudeBARTHE LaurenceBESSIERE JacintheBLANCHARD MarianneBONNET Val\u00e9rieBORIES Beno\u00eetBORIES OlivierBOURG AdrienBOUSQUET FranckBRAILLY JulienBROSSARD OlivierCABANAC GuillaumeCARBOU GuillaumeCARRARO FlaviaCASSAYRE LaurentCAZENAVE Jean-MichelCHARLAP C\u00e9cileCHARLIER ZEINEDDINE LaurenceCHATELET ClaireCHATIRICHVILI OdileCHAUVEL BrianCHAUVIN EmmanuelCHRISTOPHE [&hellip;]<\/p>\n","protected":false},"author":1530,"featured_media":0,"parent":0,"menu_order":0,"comment_status":"closed","ping_status":"closed","template":"","meta":{"_EventAllDay":false,"_EventTimezone":"","_EventStartDate":"","_EventEndDate":"","_EventStartDateUTC":"","_EventEndDateUTC":"","_EventShowMap":false,"_EventShowMapLink":false,"_EventURL":"","_EventCost":"","_EventCostDescription":"","_EventCurrencySymbol":"","_EventCurrencyCode":"","_EventCurrencyPosition":"","_EventDateTimeSeparator":"","_EventTimeRangeSeparator":"","_EventOrganizerID":[],"_EventVenueID":[],"_OrganizerEmail":"","_OrganizerPhone":"","_OrganizerWebsite":"","_VenueAddress":"","_VenueCity":"","_VenueCountry":"","_VenueProvince":"","_VenueState":"","_VenueZip":"","_VenuePhone":"","_VenueURL":"","_VenueStateProvince":"","_VenueLat":"","_VenueLng":"","_VenueShowMap":false,"_VenueShowMapLink":false,"footnotes":""},"class_list":["post-635","page","type-page","status-publish","hentry"],"_links":{"self":[{"href":"https:\/\/blogs.univ-tlse2.fr\/colloque-sms-2025\/wp-json\/wp\/v2\/pages\/635","targetHints":{"allow":["GET"]}}],"collection":[{"href":"https:\/\/blogs.univ-tlse2.fr\/colloque-sms-2025\/wp-json\/wp\/v2\/pages"}],"about":[{"href":"https:\/\/blogs.univ-tlse2.fr\/colloque-sms-2025\/wp-json\/wp\/v2\/types\/page"}],"author":[{"embeddable":true,"href":"https:\/\/blogs.univ-tlse2.fr\/colloque-sms-2025\/wp-json\/wp\/v2\/users\/1530"}],"replies":[{"embeddable":true,"href":"https:\/\/blogs.univ-tlse2.fr\/colloque-sms-2025\/wp-json\/wp\/v2\/comments?post=635"}],"version-history":[{"count":2,"href":"https:\/\/blogs.univ-tlse2.fr\/colloque-sms-2025\/wp-json\/wp\/v2\/pages\/635\/revisions"}],"predecessor-version":[{"id":652,"href":"https:\/\/blogs.univ-tlse2.fr\/colloque-sms-2025\/wp-json\/wp\/v2\/pages\/635\/revisions\/652"}],"wp:attachment":[{"href":"https:\/\/blogs.univ-tlse2.fr\/colloque-sms-2025\/wp-json\/wp\/v2\/media?parent=635"}],"curies":[{"name":"wp","href":"https:\/\/api.w.org\/{rel}","templated":true}]}}