 {"id":637,"date":"2025-07-08T10:02:42","date_gmt":"2025-07-08T08:02:42","guid":{"rendered":"https:\/\/blogs.univ-tlse2.fr\/colloque-sms-2025\/?page_id=637"},"modified":"2025-08-28T14:15:57","modified_gmt":"2025-08-28T12:15:57","slug":"informations-pratiques","status":"publish","type":"page","link":"https:\/\/blogs.univ-tlse2.fr\/colloque-sms-2025\/informations-pratiques\/","title":{"rendered":"Informations pratiques et inscription"},"content":{"rendered":"<div class=\"wpb-content-wrapper\"><p>[vc_row][vc_column][vc_row_inner][vc_column_inner width=\u00a0\u00bb1\/2&Prime;][vc_column_text css=\u00a0\u00bb\u00a0\u00bb]<strong>Dates :<\/strong> du 10 au 12 septembre 2025<br \/>\nOuvert \u00e0 tous et toutes<br \/>\nGratuit[\/vc_column_text][\/vc_column_inner][vc_column_inner width=\u00a0\u00bb1\/2&Prime;][vc_column_text css=\u00a0\u00bb\u00a0\u00bb]<\/p>\n<h1>S&rsquo;inscrire<\/h1>\n<p>Le colloque est accessible <a href=\"https:\/\/enquetes.univ-tlse2.fr\/index.php\/838741?lang=fr\" target=\"_blank\" rel=\"noopener\">sur inscription<\/a>[\/vc_column_text][vc_column_text css=\u00a0\u00bb\u00a0\u00bb][\/vc_column_text][\/vc_column_inner][\/vc_row_inner][\/vc_column][\/vc_row][vc_row][vc_column][vc_column_text css=\u00a0\u00bb\u00a0\u00bb]<\/p>\n<h1>\u00c9quipe organisatrice :<\/h1>\n<ul>\n<li>B\u00e9atrice Milard : directrice du LabEx SMS<\/li>\n<li>Cl\u00e9mentine Souchaud : cheffe de projet<\/li>\n<li>Fanny Seffusatti : coordinatrice de projets<\/li>\n<li>S\u00e9verine Theme : charg\u00e9e de communication<\/li>\n<\/ul>\n<p>Avec la collaboration de Laura Tarriet, Assistante de direction \u00e0 la MSHS-T et \u00c9lo\u00efse Gransagne, secr\u00e9taire g\u00e9n\u00e9rale \u00e0 la MSHS-T<\/p>\n<p>&nbsp;<\/p>\n<p>Contact : <a href=\"mai&#108;&#116;&#x6f;&#x3a;&#x6c;&#x61;&#x62;exs&#109;&#115;&#x40;&#x75;&#x6e;&#x69;&#x76;-to&#117;&#108;&#x6f;&#x75;&#x73;&#x65;&#x2e;fr\">l&#x61;&#x62;e&#x78;&#x73;m&#x73;&#x40;u&#x6e;&#x69;v&#x2d;&#x74;o&#x75;&#x6c;o&#x75;&#x73;e&#x2e;&#x66;r<\/a>[\/vc_column_text][vc_column_inner][\/vc_column_inner][vc_column_text css=\u00a0\u00bb\u00a0\u00bb]<\/p>\n<h1>Venir au colloque<\/h1>\n<p>[vc_column_text css=\u00a0\u00bb\u00a0\u00bb]Maison de la recherche,<br \/>\n5 All. Antonio Machado,<br \/>\n31100 Toulouse[\/vc_column_text][\/vc_column][\/vc_row][vc_row][vc_column width=\u00a0\u00bb1\/2&Prime;][vc_gmaps link=\u00a0\u00bb#E-8_JTNDaWZyYW1lJTIwc3JjJTNEJTIyaHR0cHMlM0ElMkYlMkZ3d3cuZ29vZ2xlLmNvbSUyRm1hcHMlMkZlbWJlZCUzRnBiJTNEJTIxMW0xOCUyMTFtMTIlMjExbTMlMjExZDIzMTE5LjIwMTUxMzI1MTU1NSUyMTJkMS4zNjM5Nzk3MzQ3NjU2MTA0JTIxM2Q0My41ODc3OTUyNzg1NDAzNTUlMjEybTMlMjExZjAlMjEyZjAlMjEzZjAlMjEzbTIlMjExaTEwMjQlMjEyaTc2OCUyMTRmMTMuMSUyMTNtMyUyMTFtMiUyMTFzMHgxMmFlYmE0Y2IyNDBlZGYxJTI1M0EweDlhNTkxYmVhMDdlNThhZmUlMjEyc01haXNvbiUyNTIwZGUlMjUyMGxhJTI1MjBSZWNoZXJjaGUlMjE1ZTAlMjEzbTIlMjExc2ZyJTIxMnNmciUyMTR2MTc1MTk2MDcxMzg2MSUyMTVtMiUyMTFzZnIlMjEyc2ZyJTIyJTIwd2lkdGglM0QlMjI2MDAlMjIlMjBoZWlnaHQlM0QlMjI0NTAlMjIlMjBzdHlsZSUzRCUyMmJvcmRlciUzQTAlM0IlMjIlMjBhbGxvd2Z1bGxzY3JlZW4lM0QlMjIlMjIlMjBsb2FkaW5nJTNEJTIybGF6eSUyMiUyMHJlZmVycmVycG9saWN5JTNEJTIybm8tcmVmZXJyZXItd2hlbi1kb3duZ3JhZGUlMjIlM0UlM0MlMkZpZnJhbWUlM0U=\u00a0\u00bb css=\u00a0\u00bb\u00a0\u00bb][\/vc_column][vc_column width=\u00a0\u00bb1\/2&Prime;][vc_column_text css=\u00a0\u00bb\u00a0\u00bb]<strong>En m\u00e9tro<br \/>\n<\/strong>M\u00e9tro A : arr\u00eat Mirail-Universit\u00e9<\/p>\n<p><strong>En bus :<\/strong><br \/>\nL14 : arr\u00eat Mirail-Universit\u00e9<\/p>\n<p><strong>En v\u00e9lo :<br \/>\n<\/strong>Station n\u00b0220, 3 rue de l&rsquo;universit\u00e9<strong><br \/>\n<\/strong>[\/vc_column_text][\/vc_column][\/vc_row]<\/p>\n<\/div>","protected":false},"excerpt":{"rendered":"<p>[vc_row][vc_column][vc_row_inner][vc_column_inner width=\u00a0\u00bb1\/2&Prime;][vc_column_text css=\u00a0\u00bb\u00a0\u00bb]Dates : du 10 au 12 septembre 2025 Ouvert \u00e0 tous et toutes Gratuit[\/vc_column_text][\/vc_column_inner][vc_column_inner width=\u00a0\u00bb1\/2&Prime;][vc_column_text css=\u00a0\u00bb\u00a0\u00bb] S&rsquo;inscrire Le colloque est accessible sur inscription[\/vc_column_text][vc_column_text css=\u00a0\u00bb\u00a0\u00bb][\/vc_column_text][\/vc_column_inner][\/vc_row_inner][\/vc_column][\/vc_row][vc_row][vc_column][vc_column_text css=\u00a0\u00bb\u00a0\u00bb] \u00c9quipe organisatrice : [&hellip;]<\/p>\n","protected":false},"author":1530,"featured_media":0,"parent":0,"menu_order":0,"comment_status":"closed","ping_status":"closed","template":"","meta":{"_EventAllDay":false,"_EventTimezone":"","_EventStartDate":"","_EventEndDate":"","_EventStartDateUTC":"","_EventEndDateUTC":"","_EventShowMap":false,"_EventShowMapLink":false,"_EventURL":"","_EventCost":"","_EventCostDescription":"","_EventCurrencySymbol":"","_EventCurrencyCode":"","_EventCurrencyPosition":"","_EventDateTimeSeparator":"","_EventTimeRangeSeparator":"","_EventOrganizerID":[],"_EventVenueID":[],"_OrganizerEmail":"","_OrganizerPhone":"","_OrganizerWebsite":"","_VenueAddress":"","_VenueCity":"","_VenueCountry":"","_VenueProvince":"","_VenueState":"","_VenueZip":"","_VenuePhone":"","_VenueURL":"","_VenueStateProvince":"","_VenueLat":"","_VenueLng":"","_VenueShowMap":false,"_VenueShowMapLink":false,"footnotes":""},"class_list":["post-637","page","type-page","status-publish","hentry"],"_links":{"self":[{"href":"https:\/\/blogs.univ-tlse2.fr\/colloque-sms-2025\/wp-json\/wp\/v2\/pages\/637","targetHints":{"allow":["GET"]}}],"collection":[{"href":"https:\/\/blogs.univ-tlse2.fr\/colloque-sms-2025\/wp-json\/wp\/v2\/pages"}],"about":[{"href":"https:\/\/blogs.univ-tlse2.fr\/colloque-sms-2025\/wp-json\/wp\/v2\/types\/page"}],"author":[{"embeddable":true,"href":"https:\/\/blogs.univ-tlse2.fr\/colloque-sms-2025\/wp-json\/wp\/v2\/users\/1530"}],"replies":[{"embeddable":true,"href":"https:\/\/blogs.univ-tlse2.fr\/colloque-sms-2025\/wp-json\/wp\/v2\/comments?post=637"}],"version-history":[{"count":23,"href":"https:\/\/blogs.univ-tlse2.fr\/colloque-sms-2025\/wp-json\/wp\/v2\/pages\/637\/revisions"}],"predecessor-version":[{"id":730,"href":"https:\/\/blogs.univ-tlse2.fr\/colloque-sms-2025\/wp-json\/wp\/v2\/pages\/637\/revisions\/730"}],"wp:attachment":[{"href":"https:\/\/blogs.univ-tlse2.fr\/colloque-sms-2025\/wp-json\/wp\/v2\/media?parent=637"}],"curies":[{"name":"wp","href":"https:\/\/api.w.org\/{rel}","templated":true}]}}