 {"id":654,"date":"2025-07-08T10:28:23","date_gmt":"2025-07-08T08:28:23","guid":{"rendered":"https:\/\/blogs.univ-tlse2.fr\/colloque-sms-2025\/?page_id=654"},"modified":"2025-07-08T10:28:24","modified_gmt":"2025-07-08T08:28:24","slug":"le-labex-sms","status":"publish","type":"page","link":"https:\/\/blogs.univ-tlse2.fr\/colloque-sms-2025\/le-labex-sms\/","title":{"rendered":"Le LabEx SMS"},"content":{"rendered":"\n<p>Le Laboratoire d&rsquo;Excellence Structurations des Mondes Sociaux (LabEx SMS) est une structure collaborative de recherche en sciences humaines et sociales sous forme de consortium. Il a \u00e9t\u00e9 cr\u00e9\u00e9 en 2012 dans le cadre du Programme d\u2019Investissements d\u2019Avenir pour une p\u00e9riode de 7 ans et a \u00e9t\u00e9 renouvel\u00e9 en 2020 pour 7 ans.<br><br>Il r\u00e9unit 12 laboratoires toulousains et plus de 600 chercheurs et chercheuses autour d\u2019un projet scientifique commun : l\u2019analyse des Structurations des Mondes Sociaux.<\/p>\n\n\n\n<h2 class=\"wp-block-heading\">Les laboratoires du LabEx SMS<\/h2>\n\n\n\n<div class=\"wp-block-columns is-layout-flex wp-container-core-columns-is-layout-9d6595d7 wp-block-columns-is-layout-flex\">\n<div class=\"wp-block-column is-vertically-aligned-center is-layout-flow wp-block-column-is-layout-flow\"><div class=\"wp-block-image\">\n<figure class=\"aligncenter size-full is-resized\"><img loading=\"lazy\" decoding=\"async\" width=\"401\" height=\"186\" src=\"https:\/\/blogs.univ-tlse2.fr\/colloque-sms-2025\/files\/2025\/07\/LISST_logo.png\" alt=\"\" class=\"wp-image-655\" style=\"width:179px;height:auto\" srcset=\"https:\/\/blogs.univ-tlse2.fr\/colloque-sms-2025\/files\/2025\/07\/LISST_logo.png 401w, https:\/\/blogs.univ-tlse2.fr\/colloque-sms-2025\/files\/2025\/07\/LISST_logo-300x139.png 300w\" sizes=\"auto, (max-width: 401px) 100vw, 401px\" \/><\/figure>\n<\/div><\/div>\n\n\n\n<div class=\"wp-block-column is-vertically-aligned-center is-layout-flow wp-block-column-is-layout-flow\"><div class=\"wp-block-image\">\n<figure class=\"aligncenter size-full is-resized\"><img loading=\"lazy\" decoding=\"async\" width=\"418\" height=\"420\" src=\"https:\/\/blogs.univ-tlse2.fr\/colloque-sms-2025\/files\/2025\/07\/FRAMESPA_logo_carre.png\" alt=\"\" class=\"wp-image-656\" style=\"width:111px;height:auto\" srcset=\"https:\/\/blogs.univ-tlse2.fr\/colloque-sms-2025\/files\/2025\/07\/FRAMESPA_logo_carre.png 418w, https:\/\/blogs.univ-tlse2.fr\/colloque-sms-2025\/files\/2025\/07\/FRAMESPA_logo_carre-300x300.png 300w, https:\/\/blogs.univ-tlse2.fr\/colloque-sms-2025\/files\/2025\/07\/FRAMESPA_logo_carre-150x150.png 150w\" sizes=\"auto, (max-width: 418px) 100vw, 418px\" \/><\/figure>\n<\/div><\/div>\n\n\n\n<div class=\"wp-block-column is-vertically-aligned-center is-layout-flow wp-block-column-is-layout-flow\"><div class=\"wp-block-image\">\n<figure class=\"aligncenter size-full is-resized\"><img loading=\"lazy\" decoding=\"async\" width=\"300\" height=\"294\" src=\"https:\/\/blogs.univ-tlse2.fr\/colloque-sms-2025\/files\/2025\/07\/CERTOP_logo.jpg\" alt=\"\" class=\"wp-image-657\" style=\"width:122px;height:auto\" \/><\/figure>\n<\/div><\/div>\n\n\n\n<div class=\"wp-block-column is-vertically-aligned-center is-layout-flow wp-block-column-is-layout-flow\"><div class=\"wp-block-image\">\n<figure class=\"aligncenter size-full is-resized\"><img loading=\"lazy\" decoding=\"async\" width=\"113\" height=\"146\" src=\"https:\/\/blogs.univ-tlse2.fr\/colloque-sms-2025\/files\/2025\/07\/Lereps_logo2.png\" alt=\"\" class=\"wp-image-659\" style=\"width:91px;height:auto\" \/><\/figure>\n<\/div><\/div>\n<\/div>\n\n\n\n<div class=\"wp-block-columns is-layout-flex wp-container-core-columns-is-layout-9d6595d7 wp-block-columns-is-layout-flex\">\n<div class=\"wp-block-column is-vertically-aligned-center is-layout-flow wp-block-column-is-layout-flow\"><div class=\"wp-block-image\">\n<figure class=\"aligncenter size-full is-resized\"><img loading=\"lazy\" decoding=\"async\" width=\"500\" height=\"194\" src=\"https:\/\/blogs.univ-tlse2.fr\/colloque-sms-2025\/files\/2025\/07\/Logo_AGIR_inrae.jpg\" alt=\"\" class=\"wp-image-660\" style=\"width:183px;height:auto\" srcset=\"https:\/\/blogs.univ-tlse2.fr\/colloque-sms-2025\/files\/2025\/07\/Logo_AGIR_inrae.jpg 500w, https:\/\/blogs.univ-tlse2.fr\/colloque-sms-2025\/files\/2025\/07\/Logo_AGIR_inrae-300x116.jpg 300w\" sizes=\"auto, (max-width: 500px) 100vw, 500px\" \/><\/figure>\n<\/div><\/div>\n\n\n\n<div class=\"wp-block-column is-vertically-aligned-center is-layout-flow wp-block-column-is-layout-flow\"><div class=\"wp-block-image\">\n<figure class=\"aligncenter size-full is-resized\"><img loading=\"lazy\" decoding=\"async\" width=\"133\" height=\"146\" src=\"https:\/\/blogs.univ-tlse2.fr\/colloque-sms-2025\/files\/2025\/07\/Lassp_logo.gif\" alt=\"\" class=\"wp-image-662\" style=\"width:85px;height:auto\" \/><\/figure>\n<\/div><\/div>\n\n\n\n<div class=\"wp-block-column is-vertically-aligned-center is-layout-flow wp-block-column-is-layout-flow\"><div class=\"wp-block-image\">\n<figure class=\"aligncenter size-full\"><img loading=\"lazy\" decoding=\"async\" width=\"170\" height=\"106\" src=\"https:\/\/blogs.univ-tlse2.fr\/colloque-sms-2025\/files\/2025\/07\/PLH_logo.png\" alt=\"\" class=\"wp-image-663\" \/><\/figure>\n<\/div><\/div>\n\n\n\n<div class=\"wp-block-column is-vertically-aligned-center is-layout-flow wp-block-column-is-layout-flow\"><div class=\"wp-block-image\">\n<figure class=\"aligncenter size-full is-resized\"><img loading=\"lazy\" decoding=\"async\" width=\"741\" height=\"513\" src=\"https:\/\/blogs.univ-tlse2.fr\/colloque-sms-2025\/files\/2025\/07\/LERASS_logo.png\" alt=\"\" class=\"wp-image-664\" style=\"width:169px;height:auto\" srcset=\"https:\/\/blogs.univ-tlse2.fr\/colloque-sms-2025\/files\/2025\/07\/LERASS_logo.png 741w, https:\/\/blogs.univ-tlse2.fr\/colloque-sms-2025\/files\/2025\/07\/LERASS_logo-300x208.png 300w\" sizes=\"auto, (max-width: 741px) 100vw, 741px\" \/><\/figure>\n<\/div><\/div>\n<\/div>\n\n\n\n<div class=\"wp-block-columns is-layout-flex wp-container-core-columns-is-layout-9d6595d7 wp-block-columns-is-layout-flex\">\n<div class=\"wp-block-column is-vertically-aligned-center is-layout-flow wp-block-column-is-layout-flow\"><div class=\"wp-block-image\">\n<figure class=\"aligncenter size-full is-resized\"><img loading=\"lazy\" decoding=\"async\" width=\"463\" height=\"146\" src=\"https:\/\/blogs.univ-tlse2.fr\/colloque-sms-2025\/files\/2025\/07\/logo_Cresco.png\" alt=\"\" class=\"wp-image-667\" style=\"width:179px;height:auto\" srcset=\"https:\/\/blogs.univ-tlse2.fr\/colloque-sms-2025\/files\/2025\/07\/logo_Cresco.png 463w, https:\/\/blogs.univ-tlse2.fr\/colloque-sms-2025\/files\/2025\/07\/logo_Cresco-300x95.png 300w\" sizes=\"auto, (max-width: 463px) 100vw, 463px\" \/><\/figure>\n<\/div><\/div>\n\n\n\n<div class=\"wp-block-column is-vertically-aligned-center is-layout-flow wp-block-column-is-layout-flow\"><div class=\"wp-block-image\">\n<figure class=\"aligncenter size-full is-resized\"><img loading=\"lazy\" decoding=\"async\" width=\"905\" height=\"644\" src=\"https:\/\/blogs.univ-tlse2.fr\/colloque-sms-2025\/files\/2025\/07\/logo_TRACES_complet.jpg\" alt=\"\" class=\"wp-image-668\" style=\"width:131px;height:auto\" srcset=\"https:\/\/blogs.univ-tlse2.fr\/colloque-sms-2025\/files\/2025\/07\/logo_TRACES_complet.jpg 905w, https:\/\/blogs.univ-tlse2.fr\/colloque-sms-2025\/files\/2025\/07\/logo_TRACES_complet-300x213.jpg 300w, https:\/\/blogs.univ-tlse2.fr\/colloque-sms-2025\/files\/2025\/07\/logo_TRACES_complet-768x547.jpg 768w\" sizes=\"auto, (max-width: 905px) 100vw, 905px\" \/><\/figure>\n<\/div><\/div>\n\n\n\n<div class=\"wp-block-column is-vertically-aligned-center is-layout-flow wp-block-column-is-layout-flow\"><div class=\"wp-block-image\">\n<figure class=\"aligncenter size-full is-resized\"><img loading=\"lazy\" decoding=\"async\" width=\"400\" height=\"282\" src=\"https:\/\/blogs.univ-tlse2.fr\/colloque-sms-2025\/files\/2025\/07\/GEODE_logo.png\" alt=\"\" class=\"wp-image-669\" style=\"width:115px;height:auto\" srcset=\"https:\/\/blogs.univ-tlse2.fr\/colloque-sms-2025\/files\/2025\/07\/GEODE_logo.png 400w, https:\/\/blogs.univ-tlse2.fr\/colloque-sms-2025\/files\/2025\/07\/GEODE_logo-300x212.png 300w\" sizes=\"auto, (max-width: 400px) 100vw, 400px\" \/><\/figure>\n<\/div><\/div>\n\n\n\n<div class=\"wp-block-column is-vertically-aligned-center is-layout-flow wp-block-column-is-layout-flow\"><div class=\"wp-block-image\">\n<figure class=\"aligncenter size-large is-resized\"><img loading=\"lazy\" decoding=\"async\" width=\"1024\" height=\"648\" src=\"https:\/\/blogs.univ-tlse2.fr\/colloque-sms-2025\/files\/2025\/07\/ENSAT_LRA_Logo_large-1024x648.png\" alt=\"\" class=\"wp-image-670\" style=\"width:145px;height:auto\" srcset=\"https:\/\/blogs.univ-tlse2.fr\/colloque-sms-2025\/files\/2025\/07\/ENSAT_LRA_Logo_large-1024x648.png 1024w, https:\/\/blogs.univ-tlse2.fr\/colloque-sms-2025\/files\/2025\/07\/ENSAT_LRA_Logo_large-300x190.png 300w, https:\/\/blogs.univ-tlse2.fr\/colloque-sms-2025\/files\/2025\/07\/ENSAT_LRA_Logo_large-768x486.png 768w, https:\/\/blogs.univ-tlse2.fr\/colloque-sms-2025\/files\/2025\/07\/ENSAT_LRA_Logo_large-1536x973.png 1536w, https:\/\/blogs.univ-tlse2.fr\/colloque-sms-2025\/files\/2025\/07\/ENSAT_LRA_Logo_large-2048x1297.png 2048w\" sizes=\"auto, (max-width: 1024px) 100vw, 1024px\" \/><\/figure>\n<\/div><\/div>\n<\/div>\n\n\n\n<p><\/p>\n","protected":false},"excerpt":{"rendered":"<p>Le Laboratoire d&rsquo;Excellence Structurations des Mondes Sociaux (LabEx SMS) est une structure collaborative de recherche en sciences humaines et sociales sous forme de consortium. Il a \u00e9t\u00e9 cr\u00e9\u00e9 en 2012 [&hellip;]<\/p>\n","protected":false},"author":1530,"featured_media":0,"parent":0,"menu_order":0,"comment_status":"closed","ping_status":"closed","template":"","meta":{"_EventAllDay":false,"_EventTimezone":"","_EventStartDate":"","_EventEndDate":"","_EventStartDateUTC":"","_EventEndDateUTC":"","_EventShowMap":false,"_EventShowMapLink":false,"_EventURL":"","_EventCost":"","_EventCostDescription":"","_EventCurrencySymbol":"","_EventCurrencyCode":"","_EventCurrencyPosition":"","_EventDateTimeSeparator":"","_EventTimeRangeSeparator":"","_EventOrganizerID":[],"_EventVenueID":[],"_OrganizerEmail":"","_OrganizerPhone":"","_OrganizerWebsite":"","_VenueAddress":"","_VenueCity":"","_VenueCountry":"","_VenueProvince":"","_VenueState":"","_VenueZip":"","_VenuePhone":"","_VenueURL":"","_VenueStateProvince":"","_VenueLat":"","_VenueLng":"","_VenueShowMap":false,"_VenueShowMapLink":false,"footnotes":""},"class_list":["post-654","page","type-page","status-publish","hentry"],"_links":{"self":[{"href":"https:\/\/blogs.univ-tlse2.fr\/colloque-sms-2025\/wp-json\/wp\/v2\/pages\/654","targetHints":{"allow":["GET"]}}],"collection":[{"href":"https:\/\/blogs.univ-tlse2.fr\/colloque-sms-2025\/wp-json\/wp\/v2\/pages"}],"about":[{"href":"https:\/\/blogs.univ-tlse2.fr\/colloque-sms-2025\/wp-json\/wp\/v2\/types\/page"}],"author":[{"embeddable":true,"href":"https:\/\/blogs.univ-tlse2.fr\/colloque-sms-2025\/wp-json\/wp\/v2\/users\/1530"}],"replies":[{"embeddable":true,"href":"https:\/\/blogs.univ-tlse2.fr\/colloque-sms-2025\/wp-json\/wp\/v2\/comments?post=654"}],"version-history":[{"count":8,"href":"https:\/\/blogs.univ-tlse2.fr\/colloque-sms-2025\/wp-json\/wp\/v2\/pages\/654\/revisions"}],"predecessor-version":[{"id":674,"href":"https:\/\/blogs.univ-tlse2.fr\/colloque-sms-2025\/wp-json\/wp\/v2\/pages\/654\/revisions\/674"}],"wp:attachment":[{"href":"https:\/\/blogs.univ-tlse2.fr\/colloque-sms-2025\/wp-json\/wp\/v2\/media?parent=654"}],"curies":[{"name":"wp","href":"https:\/\/api.w.org\/{rel}","templated":true}]}}