 {"id":16,"date":"2013-06-06T15:00:59","date_gmt":"2013-06-06T14:00:59","guid":{"rendered":"https:\/\/blogs.univ-tlse2.fr\/colloquetransporttoulouse2013\/?page_id=16"},"modified":"2013-06-06T15:01:23","modified_gmt":"2013-06-06T14:01:23","slug":"comite-scientifique","status":"publish","type":"page","link":"https:\/\/blogs.univ-tlse2.fr\/colloquetransporttoulouse2013\/comite-scientifique\/","title":{"rendered":"Comit\u00e9 Scientifique"},"content":{"rendered":"<p><strong>Laurent Chapelon<\/strong><br \/>\n(Universit\u00e9 Paul Val\u00e9ry, Montpellier)<\/p>\n<p><strong>Christophe Bazzo<\/strong><br \/>\n(R\u00e9gion Midi-Pyr\u00e9n\u00e9es)<\/p>\n<p><strong>Philippe Dugot<\/strong><br \/>\n(Universit\u00e9 Toulouse-le-Mirail)<\/p>\n<p><strong>Christophe Doucet<\/strong><br \/>\n(SMTC-TISSEO Toulouse<\/p>\n<p><strong>Denis Eckert<br \/>\n<\/strong>(LISST UTM)<\/p>\n<p><strong>Vincent Kaufmann <\/strong><br \/>\n(EPFL Lausanne),<\/p>\n<p><strong>S\u00e9bastien Le Corre<\/strong><br \/>\n(Universit\u00e9 de Toulouse-Le Mirail)<\/p>\n<p><strong>Robert Marconis<\/strong><br \/>\n(Universit\u00e9 Toulouse-le-Mirail)<\/p>\n<p><strong>Bernard Marqui\u00e9<\/strong><br \/>\n(Toulouse M\u00e9tropole)<\/p>\n<p><strong>Charles Marziani<\/strong><br \/>\n(Conseil r\u00e9gional Midi-Pyr\u00e9n\u00e9es)<\/p>\n<p><strong>Angel Pueyo <\/strong><br \/>\n(Universidad de Zaragoza)<\/p>\n<p><strong>Benjamin Steck <\/strong><br \/>\n(Universit\u00e9 Le Havre)<\/p>\n<p><strong>Fr\u00e9d\u00e9ric Toupin<\/strong><br \/>\n(Agence d\u2019Urbanisme Toulouse)<\/p>\n<p><strong>Jean Varlet <\/strong><br \/>\n(Universit\u00e9 de Savoie)<\/p>\n<p><strong>Jean-Pierre Wolff<\/strong><br \/>\n(Universit\u00e9 Toulouse-le-Mirail)<\/p>\n<p><strong>Pierre Zembri<\/strong><b><br \/>\n<\/b>(Universit\u00e9 Cergy-Pontoise)<\/p>\n<p align=\"center\"><b>\u00a0<\/b><\/p>\n<p align=\"center\"><strong>COMIT\u00c9 D\u2019ORGANISATION<\/strong><b><br \/>\n<\/b><\/p>\n<p>Joseph Buosi, Fabienne Denuc, Philippe Dugot, J\u00e9r\u00f4me Grapy , R\u00e9gis Guillaume, Laurent J\u00e9gou, Marie-Agn\u00e8s Lanneaux, Florence Laumi\u00e8re , Robert Marconis, Jean-Pierre Wolff.<\/p>\n","protected":false},"excerpt":{"rendered":"<p>Laurent Chapelon (Universit\u00e9 Paul Val\u00e9ry, Montpellier) Christophe Bazzo (R\u00e9gion Midi-Pyr\u00e9n\u00e9es) Philippe Dugot (Universit\u00e9 Toulouse-le-Mirail) Christophe Doucet (SMTC-TISSEO Toulouse Denis Eckert (LISST UTM) Vincent Kaufmann (EPFL Lausanne), S\u00e9bastien Le Corre (Universit\u00e9 de Toulouse-Le Mirail) Robert Marconis (Universit\u00e9 Toulouse-le-Mirail) Bernard Marqui\u00e9 (Toulouse &hellip; <a href=\"https:\/\/blogs.univ-tlse2.fr\/colloquetransporttoulouse2013\/comite-scientifique\/\">Continuer la lecture <span class=\"meta-nav\">&rarr;<\/span><\/a><\/p>\n","protected":false},"author":114,"featured_media":0,"parent":0,"menu_order":0,"comment_status":"closed","ping_status":"closed","template":"","meta":{"footnotes":""},"class_list":["post-16","page","type-page","status-publish","hentry"],"_links":{"self":[{"href":"https:\/\/blogs.univ-tlse2.fr\/colloquetransporttoulouse2013\/wp-json\/wp\/v2\/pages\/16","targetHints":{"allow":["GET"]}}],"collection":[{"href":"https:\/\/blogs.univ-tlse2.fr\/colloquetransporttoulouse2013\/wp-json\/wp\/v2\/pages"}],"about":[{"href":"https:\/\/blogs.univ-tlse2.fr\/colloquetransporttoulouse2013\/wp-json\/wp\/v2\/types\/page"}],"author":[{"embeddable":true,"href":"https:\/\/blogs.univ-tlse2.fr\/colloquetransporttoulouse2013\/wp-json\/wp\/v2\/users\/114"}],"replies":[{"embeddable":true,"href":"https:\/\/blogs.univ-tlse2.fr\/colloquetransporttoulouse2013\/wp-json\/wp\/v2\/comments?post=16"}],"version-history":[{"count":3,"href":"https:\/\/blogs.univ-tlse2.fr\/colloquetransporttoulouse2013\/wp-json\/wp\/v2\/pages\/16\/revisions"}],"predecessor-version":[{"id":152,"href":"https:\/\/blogs.univ-tlse2.fr\/colloquetransporttoulouse2013\/wp-json\/wp\/v2\/pages\/16\/revisions\/152"}],"wp:attachment":[{"href":"https:\/\/blogs.univ-tlse2.fr\/colloquetransporttoulouse2013\/wp-json\/wp\/v2\/media?parent=16"}],"curies":[{"name":"wp","href":"https:\/\/api.w.org\/{rel}","templated":true}]}}