 {"id":20,"date":"2013-06-06T15:17:28","date_gmt":"2013-06-06T14:17:28","guid":{"rendered":"https:\/\/blogs.univ-tlse2.fr\/colloquetransporttoulouse2013\/?page_id=20"},"modified":"2013-06-18T14:23:33","modified_gmt":"2013-06-18T13:23:33","slug":"appel-a-communication","status":"publish","type":"page","link":"https:\/\/blogs.univ-tlse2.fr\/colloquetransporttoulouse2013\/appel-a-communication\/","title":{"rendered":"Appel \u00e0 communication"},"content":{"rendered":"<p align=\"center\"><strong>CALENDRIER<\/strong><\/p>\n<p style=\"text-align: left\" align=\"center\"><strong>Avant le 25 janvier 2013<\/strong><b>\u00a0 <\/b>envoi des <b>propositions de communication<\/b> \u00e0 <a href=\"m&#x61;&#x69;l&#116;&#x6f;:m&#x61;&#x72;c&#111;&#x6e;is&#x40;&#x75;n&#105;&#x76;-t&#x6c;&#x73;e&#50;&#x2e;f&#114;\"><b>&#x6d;&#x61;&#114;&#99;on&#x69;&#x73;&#x40;&#117;niv&#x2d;&#x74;&#x6c;&#115;e2&#x2e;&#x66;&#x72;<\/b><\/a><\/p>\n<p>Sur une page A4, Times New Roman 12\u00a0:<br \/>\n&#8211; titre, auteur(s), fonction(s), affiliation(s),<br \/>\n&#8211; mots-cl\u00e9s (maximum cinq),<br \/>\n&#8211; r\u00e9sum\u00e9 (probl\u00e9matique, m\u00e9thodologie)<\/p>\n<p><strong>\u00a0F\u00e9vrier-mars 2013<\/strong><b> : <\/b>examen par le comit\u00e9 scientifique<br \/>\n<strong>Fin mars 2013<\/strong><b> : <\/b>annonce des <b>communications retenues<\/b><br \/>\n<strong>Juin 2013<\/strong> : inscriptions au colloque<br \/>\n<strong> 30 juin 2013<\/strong><b> : <\/b><b>Envoi d\u2019une <\/b><b>premi\u00e8re version du texte des communications<\/b> qui sera remise aux participants du colloque sur un support cl\u00e9 USB (textes de 30\u00a0000 signes accompagn\u00e9s de deux illustrations maximum)<br \/>\n<strong> 10-12 septembre 2013<\/strong><b> : <\/b>colloque \u00e0 Toulouse \u00a0(communications, tables rondes, visites de terrain)<br \/>\n<strong> Avant le 30 Octobre 2013<\/strong><b> : <\/b>remise des <b>textes d\u00e9finitifs<\/b> par les auteurs. Apr\u00e8s s\u00e9lection par le conseil scientifique, les communications seront reprises dans un ouvrage diffus\u00e9 en librairie<\/p>\n<p><a title=\"AXE 1. Transports et processus de m\u00e9tropolisation\" href=\"https:\/\/blogs.univ-tlse2.fr\/colloquetransporttoulouse2013\/appel-a-communication\/axe-1-transports-et-processus-de-metropolisation\/\"><strong>AXE 1. Transports et processus de m\u00e9tropolisation<\/strong><\/a><\/p>\n<p><a title=\"AXE 2. L\u2019organisation des transports au sein des m\u00e9tropoles\" href=\"https:\/\/blogs.univ-tlse2.fr\/colloquetransporttoulouse2013\/appel-a-communication\/axe-2-lorganisation-des-transports-au-sein-des-metropoles\/\"><strong>AXE 2. L\u2019organisation des transports au sein des m\u00e9tropoles<\/strong><\/a><\/p>\n<p style=\"text-align: justify\">Cet appel \u00e0 communications prend en compte \u00e0 la fois les diff\u00e9rentes \u00e9chelles et les dimensions voyageurs et marchandises. Il est ouvert aux divers champs disciplinaires des sciences humaines et sociales susceptibles de contribuer \u00e0 l\u2019enrichissement de la connaissance de cette th\u00e9matique, en particulier les dimensions \u00e9conomiques et sociales \u00e0 articuler avec la dimension g\u00e9ographique.<\/p>\n","protected":false},"excerpt":{"rendered":"<p>CALENDRIER Avant le 25 janvier 2013\u00a0 envoi des propositions de communication \u00e0 &#109;&#x61;&#114;&#x63;&#111;&#x6e;i&#x73;&#64;&#x75;n&#x69;v&#x2d;t&#x6c;s&#x65;2&#x2e;f&#x72; Sur une page A4, Times New Roman 12\u00a0: &#8211; titre, auteur(s), fonction(s), affiliation(s), &#8211; mots-cl\u00e9s (maximum cinq), &#8211; r\u00e9sum\u00e9 (probl\u00e9matique, m\u00e9thodologie) \u00a0F\u00e9vrier-mars 2013 : examen par le &hellip; <a href=\"https:\/\/blogs.univ-tlse2.fr\/colloquetransporttoulouse2013\/appel-a-communication\/\">Continuer la lecture <span class=\"meta-nav\">&rarr;<\/span><\/a><\/p>\n","protected":false},"author":114,"featured_media":0,"parent":0,"menu_order":0,"comment_status":"closed","ping_status":"closed","template":"sidebar-page.php","meta":{"footnotes":""},"class_list":["post-20","page","type-page","status-publish","hentry"],"_links":{"self":[{"href":"https:\/\/blogs.univ-tlse2.fr\/colloquetransporttoulouse2013\/wp-json\/wp\/v2\/pages\/20","targetHints":{"allow":["GET"]}}],"collection":[{"href":"https:\/\/blogs.univ-tlse2.fr\/colloquetransporttoulouse2013\/wp-json\/wp\/v2\/pages"}],"about":[{"href":"https:\/\/blogs.univ-tlse2.fr\/colloquetransporttoulouse2013\/wp-json\/wp\/v2\/types\/page"}],"author":[{"embeddable":true,"href":"https:\/\/blogs.univ-tlse2.fr\/colloquetransporttoulouse2013\/wp-json\/wp\/v2\/users\/114"}],"replies":[{"embeddable":true,"href":"https:\/\/blogs.univ-tlse2.fr\/colloquetransporttoulouse2013\/wp-json\/wp\/v2\/comments?post=20"}],"version-history":[{"count":9,"href":"https:\/\/blogs.univ-tlse2.fr\/colloquetransporttoulouse2013\/wp-json\/wp\/v2\/pages\/20\/revisions"}],"predecessor-version":[{"id":22,"href":"https:\/\/blogs.univ-tlse2.fr\/colloquetransporttoulouse2013\/wp-json\/wp\/v2\/pages\/20\/revisions\/22"}],"wp:attachment":[{"href":"https:\/\/blogs.univ-tlse2.fr\/colloquetransporttoulouse2013\/wp-json\/wp\/v2\/media?parent=20"}],"curies":[{"name":"wp","href":"https:\/\/api.w.org\/{rel}","templated":true}]}}