 {"id":40,"date":"2013-06-07T10:58:46","date_gmt":"2013-06-07T09:58:46","guid":{"rendered":"https:\/\/blogs.univ-tlse2.fr\/colloquetransporttoulouse2013\/?page_id=40"},"modified":"2013-06-07T13:59:03","modified_gmt":"2013-06-07T12:59:03","slug":"partenaires","status":"publish","type":"page","link":"https:\/\/blogs.univ-tlse2.fr\/colloquetransporttoulouse2013\/partenaires\/","title":{"rendered":"Partenaires"},"content":{"rendered":"<p><strong>Avec le soutien de :<\/strong><\/p>\n<p><a href=\"http:\/\/www.midipyrenees.fr\/\">R\u00e9gion Midi-Pyr\u00e9n\u00e9es<\/a><br \/>\n<a href=\"http:\/www.rff.fr\/\">R\u00e9seau Ferr\u00e9 de France<\/a> (RFF)<br \/>\n<a href=\"http:\/\/www.sncf.com\/\u200e\">SNCF<\/a><br \/>\n<a href=\"http:\/\/www.tisseo.fr\/\u200e\">TISS\u00c9O <\/a><\/p>\n<p><strong>En partenariat avec :<\/strong><\/p>\n<p><a href=\"http:\/\/www.cnfg.fr\/\">Comit\u00e9 National Fran\u00e7ais de G\u00e9ographie<\/a> &#8211; CNFG &#8211; Commission des transports<br \/>\n<a href=\"http:\/\/w3.lisst.univ-tlse2.fr\/lisst_cieu.htm\">Laboratoire LISST-CIEU<\/a> &#8211; UTM<br \/>\n<a href=\"http:\/\/geo.univ-tlse2.fr\/\">D\u00e9partement de G\u00e9ographie<\/a> &#8211; UTM<\/p>\n","protected":false},"excerpt":{"rendered":"<p>Avec le soutien de : R\u00e9gion Midi-Pyr\u00e9n\u00e9es R\u00e9seau Ferr\u00e9 de France (RFF) SNCF TISS\u00c9O En partenariat avec : Comit\u00e9 National Fran\u00e7ais de G\u00e9ographie &#8211; CNFG &#8211; Commission des transports Laboratoire LISST-CIEU &#8211; UTM D\u00e9partement de G\u00e9ographie &#8211; UTM<\/p>\n","protected":false},"author":114,"featured_media":0,"parent":0,"menu_order":0,"comment_status":"closed","ping_status":"closed","template":"","meta":{"footnotes":""},"class_list":["post-40","page","type-page","status-publish","hentry"],"_links":{"self":[{"href":"https:\/\/blogs.univ-tlse2.fr\/colloquetransporttoulouse2013\/wp-json\/wp\/v2\/pages\/40","targetHints":{"allow":["GET"]}}],"collection":[{"href":"https:\/\/blogs.univ-tlse2.fr\/colloquetransporttoulouse2013\/wp-json\/wp\/v2\/pages"}],"about":[{"href":"https:\/\/blogs.univ-tlse2.fr\/colloquetransporttoulouse2013\/wp-json\/wp\/v2\/types\/page"}],"author":[{"embeddable":true,"href":"https:\/\/blogs.univ-tlse2.fr\/colloquetransporttoulouse2013\/wp-json\/wp\/v2\/users\/114"}],"replies":[{"embeddable":true,"href":"https:\/\/blogs.univ-tlse2.fr\/colloquetransporttoulouse2013\/wp-json\/wp\/v2\/comments?post=40"}],"version-history":[{"count":4,"href":"https:\/\/blogs.univ-tlse2.fr\/colloquetransporttoulouse2013\/wp-json\/wp\/v2\/pages\/40\/revisions"}],"predecessor-version":[{"id":42,"href":"https:\/\/blogs.univ-tlse2.fr\/colloquetransporttoulouse2013\/wp-json\/wp\/v2\/pages\/40\/revisions\/42"}],"wp:attachment":[{"href":"https:\/\/blogs.univ-tlse2.fr\/colloquetransporttoulouse2013\/wp-json\/wp\/v2\/media?parent=40"}],"curies":[{"name":"wp","href":"https:\/\/api.w.org\/{rel}","templated":true}]}}