 {"id":46,"date":"2013-06-11T10:54:11","date_gmt":"2013-06-11T09:54:11","guid":{"rendered":"https:\/\/blogs.univ-tlse2.fr\/colloquetransporttoulouse2013\/?page_id=46"},"modified":"2013-07-09T13:55:33","modified_gmt":"2013-07-09T12:55:33","slug":"inscription","status":"publish","type":"page","link":"https:\/\/blogs.univ-tlse2.fr\/colloquetransporttoulouse2013\/inscription\/","title":{"rendered":"Inscription"},"content":{"rendered":"<p><strong>Tarifs\u00a0: <\/strong><\/p>\n<p><b>Comprennent l\u2019inscription aux trois journ\u00e9es du colloque (documentation, copie des communications sur cl\u00e9 USB, pass transports urbains pour la dur\u00e9e du colloque<b>,<\/b> buffets-d\u00e9jeuners du 10 et 11 septembre),<br \/>\n<\/b><strong>N.B. : ils ne tiennent pas compte de l\u2019h\u00e9bergement.<\/strong> (reportez-vous dans la rubriques informations pratiques)<b><br \/>\n<\/b><\/p>\n<ul>\n<li>Inscription : <strong>80 \u20ac TTC <\/strong>(TVA 19,60%)<\/li>\n<\/ul>\n<ul>\n<li>Inscription \u00e9tudiant <b>:\u00a0<\/b><strong> 40 \u20ac TTC (<\/strong>TVA 19,60%)<\/li>\n<\/ul>\n<ul>\n<li>Option repas du colloque (Mercredi 11 septembre 20h) suppl\u00e9ment\u00a0: \u00a0 <strong>35 \u20ac\u00a0\u00a0TTC<\/strong><\/li>\n<\/ul>\n<p><strong>Deux modes de paiement<\/strong> :<\/p>\n<ul>\n<li><strong>Paiement par ch\u00e8que, \u00e0 l\u2019ordre de l\u2019<b>ADERGES, <\/b><\/strong>Association pour le d\u00e9veloppement de la recherche g\u00e9ographique, \u00e9conomique et sociale \u00e0 Toulouse<\/li>\n<li><strong>R\u00e8glement par bon de commande<br \/>\n<\/strong><\/li>\n<\/ul>\n<p>Pour vous inscrire, veuillez renseigner le formulaire d\u2019inscription en ligne \u00e0 l&rsquo;adresse suivante :<a href=\"http:\/\/w3.colloquescprs.univ-tlse2.fr\/spip.php?rubrique67&amp;lang=fr\" target=\"_blank\">http:\/\/w3.colloquescprs.univ-tlse2.fr\/spip.php?rubrique67&amp;lang=fr<\/a><\/p>\n<p><b>Retourner votre fiche d\u2019inscription et votre r\u00e8glement <\/b><strong><span style=\"text-decoration: underline\">avant le 20 juillet 2013<\/span><\/strong><b> \u00e0\u00a0:<\/b><\/p>\n<p><b>\u00a0J\u00e9r\u00f4me GRAPY<\/b> \u00a0\u00a0\u00a0\u00a0\u00a0\u00a0\u00a0\u00a0\u00a0\u00a0\u00a0\u00a0\u00a0\u00a0\u00a0\u00a0\u00a0\u00a0\u00a0\u00a0\u00a0\u00a0\u00a0\u00a0\u00a0\u00a0\u00a0\u00a0\u00a0 \u00a0\u00a0\u00a0\u00a0\u00a0\u00a0\u00a0\u00a0\u00a0\u00a0 T\u00e9l.\u00a0: 05 61 50 44 42<br \/>\nUniversit\u00e9 de Toulouse-le Mirail\u00a0\u00a0\u00a0\u00a0\u00a0\u00a0 \u00a0\u00a0\u00a0\u00a0\u00a0\u00a0\u00a0\u00a0\u00a0\u00a0\u00a0 Fax\u00a0: 05 61 50 42 67<br \/>\nD\u00e9partement de G\u00e9ographie\u00a0\u00a0\u00a0\u00a0\u00a0\u00a0\u00a0\u00a0\u00a0\u00a0\u00a0\u00a0\u00a0 \u00a0\u00a0\u00a0\u00a0\u00a0\u00a0\u00a0\u00a0 <a href=\"&#x6d;&#x61;&#x69;&#x6c;&#x74;&#x6f;&#x3a;&#x67;&#x72;&#x61;&#x70;&#x79;&#x40;&#x75;&#x6e;&#x69;&#x76;&#x2d;&#x74;&#x6c;&#x73;&#x65;&#x32;&#x2e;&#x66;&#x72;\">&#x67;&#x72;&#97;py&#x40;&#x75;&#x6e;iv-&#x74;&#x6c;&#115;e2&#x2e;&#x66;&#x72;<\/a><br \/>\n5 all\u00e9e Antonio Machado<br \/>\n31 058 TOULOUSE Cedex 9<\/p>\n<p>&nbsp;<\/p>\n","protected":false},"excerpt":{"rendered":"<p>Tarifs\u00a0: Comprennent l\u2019inscription aux trois journ\u00e9es du colloque (documentation, copie des communications sur cl\u00e9 USB, pass transports urbains pour la dur\u00e9e du colloque, buffets-d\u00e9jeuners du 10 et 11 septembre), N.B. : ils ne tiennent pas compte de l\u2019h\u00e9bergement. (reportez-vous dans &hellip; <a href=\"https:\/\/blogs.univ-tlse2.fr\/colloquetransporttoulouse2013\/inscription\/\">Continuer la lecture <span class=\"meta-nav\">&rarr;<\/span><\/a><\/p>\n","protected":false},"author":114,"featured_media":0,"parent":0,"menu_order":0,"comment_status":"closed","ping_status":"closed","template":"","meta":{"footnotes":""},"class_list":["post-46","page","type-page","status-publish","hentry"],"_links":{"self":[{"href":"https:\/\/blogs.univ-tlse2.fr\/colloquetransporttoulouse2013\/wp-json\/wp\/v2\/pages\/46","targetHints":{"allow":["GET"]}}],"collection":[{"href":"https:\/\/blogs.univ-tlse2.fr\/colloquetransporttoulouse2013\/wp-json\/wp\/v2\/pages"}],"about":[{"href":"https:\/\/blogs.univ-tlse2.fr\/colloquetransporttoulouse2013\/wp-json\/wp\/v2\/types\/page"}],"author":[{"embeddable":true,"href":"https:\/\/blogs.univ-tlse2.fr\/colloquetransporttoulouse2013\/wp-json\/wp\/v2\/users\/114"}],"replies":[{"embeddable":true,"href":"https:\/\/blogs.univ-tlse2.fr\/colloquetransporttoulouse2013\/wp-json\/wp\/v2\/comments?post=46"}],"version-history":[{"count":7,"href":"https:\/\/blogs.univ-tlse2.fr\/colloquetransporttoulouse2013\/wp-json\/wp\/v2\/pages\/46\/revisions"}],"predecessor-version":[{"id":173,"href":"https:\/\/blogs.univ-tlse2.fr\/colloquetransporttoulouse2013\/wp-json\/wp\/v2\/pages\/46\/revisions\/173"}],"wp:attachment":[{"href":"https:\/\/blogs.univ-tlse2.fr\/colloquetransporttoulouse2013\/wp-json\/wp\/v2\/media?parent=46"}],"curies":[{"name":"wp","href":"https:\/\/api.w.org\/{rel}","templated":true}]}}