 {"id":55,"date":"2013-06-11T13:48:04","date_gmt":"2013-06-11T12:48:04","guid":{"rendered":"https:\/\/blogs.univ-tlse2.fr\/colloquetransporttoulouse2013\/?page_id=55"},"modified":"2013-06-20T12:45:09","modified_gmt":"2013-06-20T11:45:09","slug":"acces","status":"publish","type":"page","link":"https:\/\/blogs.univ-tlse2.fr\/colloquetransporttoulouse2013\/informations-pratiques\/acces\/","title":{"rendered":"Acc\u00e8s"},"content":{"rendered":"<div>\n<p><strong>Venir \u00e0 Toulouse<\/strong><\/p>\n<\/div>\n<div>\n<p><strong>L\u2019ARRIV\u00c9E A TOULOUSE<\/strong><\/p>\n<p style=\"text-align: justify\"><strong>Par avion<\/strong>\u00a0: \u00e0 l\u2019a\u00e9roport de Toulouse-Blagnac, navette autocar et taxis vous conduiront jusqu\u2019\u00e0 votre h\u00f4tel (20 \u00e0 30 mn).<br \/>\nLe terminus de la navette est situ\u00e9 \u00e0 la gare routi\u00e8re tout pr\u00e8s de la Gare Matabiau SNCF et de la station de m\u00e9tro Marengo SNCF.<br \/>\nTarif navette autocar\u00a0: trajet simple 4 euros, trajet aller-retour valable 2 mois 6 euros.<br \/>\nTarif des taxis\u00a0: 25 euros.<\/p>\n<p><strong>Par train<\/strong>\u00a0: la gare de Toulouse-Matabiau est situ\u00e9e au centre ville. Elle est jumel\u00e9e avec la station de m\u00e9tro Marengo-SNCF.<\/p>\n<p><strong>Par route<\/strong>\u00a0: un plan d\u2019acc\u00e8s \u00e0 l\u2019Universit\u00e9 est consultable sur le site Internet de l\u2019Universit\u00e9 (<a href=\"http:\/\/www.univ-tlse2.fr\" rel=\"nofollow\">http:\/\/www.univ-tlse2.fr<\/a>).<\/p>\n<p><strong>L\u2019ACC\u00c8S ET L\u2019ARRIV\u00c9E A L\u2019UNIVERSITE DE TOULOUSE-LE MIRAIL <\/strong><\/p>\n<p style=\"text-align: justify\"><strong>Par le m\u00e9tro<\/strong>, prenez la direction Basso Cambo sur la ligne A du m\u00e9tro toulousain. Vous trouverez des distributeurs de tickets dans chaque station. Prix du ticket\u00a0: aller simple 1,60 euros, aller-retour 2,90 euros, 10 d\u00e9placements 12,90 euros, ticket journalier 5,50 euros. Chaque d\u00e9placement permet 3 correspondances sur 3 lignes diff\u00e9rentes pendant 1 heure \u00e0 partir de la premi\u00e8re validation.<br \/>\nDescendez \u00e0 la station Mirail Universit\u00e9. L\u2019Universit\u00e9 se trouve \u00e0 100 m. face \u00e0 la station. Au bout de la rue se dresse le B\u00e2timent de l\u2019Arche. Lorsque vous arrivez devant ce b\u00e2timent, vous tournez \u00e0 droite. Vous passez devant la Biblioth\u00e8que Universitaire (b\u00e2timent en briques roses) et vous allez tout droit jusqu\u2019au b\u00e2timent suivant\u00a0: la Maison de la Recherche. Un fl\u00e9chage vous aidera \u00e0 vous diriger.<br \/>\nQuand vous regagnerez le centre ville, vous devrez prendre la direction Balma-Gramont.<\/p>\n<p style=\"text-align: justify\">Si vous arrivez en voiture directement \u00e0 l\u2019Universit\u00e9\u00a0:<\/p>\n<p style=\"text-align: justify\">\u2022 Par le nord de Toulouse, A62 (Paris, Bordeaux, Montauban)\u00a0: prenez la direction Tarbes-Foix, puis sortie N\u00b027\u00a0; au sortir de la bretelle, vous contournez le rond-point et prenez la direction Universit\u00e9 (rue Vauquelin). Vous suivez la rue Vauquelin jusqu\u2019au pont du m\u00e9tro. Tout de suite apr\u00e8s le pont, vous tournez \u00e0 droite et vous d\u00e9bouchez sur le grand parking de l\u2019Universit\u00e9. La Maison de la Recherche est sur la gauche du parking.<\/p>\n<p style=\"text-align: justify\">\u2022 Par le sud de Toulouse, A64 (Pau), A61 (Montpellier)\u00a0: prenez la direction Blagnac-A\u00e9roport, puis sortie N\u00b026 La Faourette, allez \u00e0 droite au 1er feu tricolore, puis passez au-dessus du p\u00e9riph\u00e9rique. Apr\u00e8s le 1er feu tricolore, vous tournez imm\u00e9diatement \u00e0 droite et vous suivez la rue jusqu\u2019au pont du m\u00e9tro. Juste avant le pont, vous tournez \u00e0 gauche et vous d\u00e9bouchez sur le grand parking de l\u2019Universit\u00e9. La Maison de la Recherche est sur la gauche du parking.<\/p>\n<p><strong>Attention<\/strong>, la <strong>session du mercredi 11 septembre<\/strong> se d\u00e9roule au Conseil R\u00e9gional de Midi-Pyr\u00e9n\u00e9es. (22 boulevard du Mar\u00e9chal Juin &#8211; 31406 Toulouse Cedex 9)<br \/>\n<strong><\/strong><\/p>\n<p><strong>Acc\u00e8s :<\/strong><br \/>\n<a href=\"https:\/\/blogs.univ-tlse2.fr\/colloquetransporttoulouse2013\/files\/2013\/06\/plan-acces-Conseil-Regional.jpg\"><img loading=\"lazy\" decoding=\"async\" class=\"size-medium wp-image-143 aligncenter\" alt=\"plan-acces-Conseil-Regional\" src=\"https:\/\/blogs.univ-tlse2.fr\/colloquetransporttoulouse2013\/files\/2013\/06\/plan-acces-Conseil-Regional-300x247.jpg\" width=\"300\" height=\"247\" srcset=\"https:\/\/blogs.univ-tlse2.fr\/colloquetransporttoulouse2013\/files\/2013\/06\/plan-acces-Conseil-Regional-300x247.jpg 300w, https:\/\/blogs.univ-tlse2.fr\/colloquetransporttoulouse2013\/files\/2013\/06\/plan-acces-Conseil-Regional-1024x844.jpg 1024w, https:\/\/blogs.univ-tlse2.fr\/colloquetransporttoulouse2013\/files\/2013\/06\/plan-acces-Conseil-Regional-363x300.jpg 363w\" sizes=\"auto, (max-width: 300px) 100vw, 300px\" \/><\/a><\/p>\n<p><strong>Localisation:<\/strong><br \/>\n<a href=\"https:\/\/blogs.univ-tlse2.fr\/colloquetransporttoulouse2013\/files\/2013\/06\/carte-CR-MP2.jpg\"><img loading=\"lazy\" decoding=\"async\" class=\"aligncenter\" alt=\"carte de localisation de l'H\u00f4tel de R\u00e9gion\" src=\"https:\/\/blogs.univ-tlse2.fr\/colloquetransporttoulouse2013\/files\/2013\/06\/carte-CR-MP2-300x198.jpg\" width=\"300\" height=\"198\" \/><\/a><\/p>\n<\/div>\n","protected":false},"excerpt":{"rendered":"<p>Venir \u00e0 Toulouse L\u2019ARRIV\u00c9E A TOULOUSE Par avion\u00a0: \u00e0 l\u2019a\u00e9roport de Toulouse-Blagnac, navette autocar et taxis vous conduiront jusqu\u2019\u00e0 votre h\u00f4tel (20 \u00e0 30 mn). Le terminus de la navette est situ\u00e9 \u00e0 la gare routi\u00e8re tout pr\u00e8s de la &hellip; <a href=\"https:\/\/blogs.univ-tlse2.fr\/colloquetransporttoulouse2013\/informations-pratiques\/acces\/\">Continuer la lecture <span class=\"meta-nav\">&rarr;<\/span><\/a><\/p>\n","protected":false},"author":114,"featured_media":0,"parent":53,"menu_order":0,"comment_status":"closed","ping_status":"closed","template":"","meta":{"footnotes":""},"class_list":["post-55","page","type-page","status-publish","hentry"],"_links":{"self":[{"href":"https:\/\/blogs.univ-tlse2.fr\/colloquetransporttoulouse2013\/wp-json\/wp\/v2\/pages\/55","targetHints":{"allow":["GET"]}}],"collection":[{"href":"https:\/\/blogs.univ-tlse2.fr\/colloquetransporttoulouse2013\/wp-json\/wp\/v2\/pages"}],"about":[{"href":"https:\/\/blogs.univ-tlse2.fr\/colloquetransporttoulouse2013\/wp-json\/wp\/v2\/types\/page"}],"author":[{"embeddable":true,"href":"https:\/\/blogs.univ-tlse2.fr\/colloquetransporttoulouse2013\/wp-json\/wp\/v2\/users\/114"}],"replies":[{"embeddable":true,"href":"https:\/\/blogs.univ-tlse2.fr\/colloquetransporttoulouse2013\/wp-json\/wp\/v2\/comments?post=55"}],"version-history":[{"count":8,"href":"https:\/\/blogs.univ-tlse2.fr\/colloquetransporttoulouse2013\/wp-json\/wp\/v2\/pages\/55\/revisions"}],"predecessor-version":[{"id":64,"href":"https:\/\/blogs.univ-tlse2.fr\/colloquetransporttoulouse2013\/wp-json\/wp\/v2\/pages\/55\/revisions\/64"}],"up":[{"embeddable":true,"href":"https:\/\/blogs.univ-tlse2.fr\/colloquetransporttoulouse2013\/wp-json\/wp\/v2\/pages\/53"}],"wp:attachment":[{"href":"https:\/\/blogs.univ-tlse2.fr\/colloquetransporttoulouse2013\/wp-json\/wp\/v2\/media?parent=55"}],"curies":[{"name":"wp","href":"https:\/\/api.w.org\/{rel}","templated":true}]}}