 {"id":57,"date":"2013-06-11T13:48:32","date_gmt":"2013-06-11T12:48:32","guid":{"rendered":"https:\/\/blogs.univ-tlse2.fr\/colloquetransporttoulouse2013\/?page_id=57"},"modified":"2013-06-12T15:54:13","modified_gmt":"2013-06-12T14:54:13","slug":"hebergement","status":"publish","type":"page","link":"https:\/\/blogs.univ-tlse2.fr\/colloquetransporttoulouse2013\/informations-pratiques\/hebergement\/","title":{"rendered":"H\u00e9bergement"},"content":{"rendered":"<p>Vous trouverez sur le site du Centre de Promotion de la Recherche scientifique de l&rsquo;UTM, <a href=\"http:\/\/w3.colloquescprs.univ-tlse2.fr\/spip.php?rubrique33&amp;lang=fr\" target=\"_blank\">quelques h\u00f4tels propos\u00e9s au centre ville de Toulouse<\/a>.<br \/>\nEt de plus amples informations et choix : confort, prestations, tarifs et coordonn\u00e9es directement\u00a0 sur le site de l&rsquo;Office de Tourisme de Toulouse\u00a0 dans la rubriques<br \/>\n<a href=\"http:\/\/www.toulouse-tourisme.com\/\" target=\"_blank\">\u00ab\u00a0R\u00e9server\u00a0\u00bb de la page d&rsquo;accueil<\/a><\/p>\n<p>&nbsp;<\/p>\n","protected":false},"excerpt":{"rendered":"<p>Vous trouverez sur le site du Centre de Promotion de la Recherche scientifique de l&rsquo;UTM, quelques h\u00f4tels propos\u00e9s au centre ville de Toulouse. Et de plus amples informations et choix : confort, prestations, tarifs et coordonn\u00e9es directement\u00a0 sur le site &hellip; <a href=\"https:\/\/blogs.univ-tlse2.fr\/colloquetransporttoulouse2013\/informations-pratiques\/hebergement\/\">Continuer la lecture <span class=\"meta-nav\">&rarr;<\/span><\/a><\/p>\n","protected":false},"author":114,"featured_media":0,"parent":53,"menu_order":0,"comment_status":"closed","ping_status":"closed","template":"","meta":{"footnotes":""},"class_list":["post-57","page","type-page","status-publish","hentry"],"_links":{"self":[{"href":"https:\/\/blogs.univ-tlse2.fr\/colloquetransporttoulouse2013\/wp-json\/wp\/v2\/pages\/57","targetHints":{"allow":["GET"]}}],"collection":[{"href":"https:\/\/blogs.univ-tlse2.fr\/colloquetransporttoulouse2013\/wp-json\/wp\/v2\/pages"}],"about":[{"href":"https:\/\/blogs.univ-tlse2.fr\/colloquetransporttoulouse2013\/wp-json\/wp\/v2\/types\/page"}],"author":[{"embeddable":true,"href":"https:\/\/blogs.univ-tlse2.fr\/colloquetransporttoulouse2013\/wp-json\/wp\/v2\/users\/114"}],"replies":[{"embeddable":true,"href":"https:\/\/blogs.univ-tlse2.fr\/colloquetransporttoulouse2013\/wp-json\/wp\/v2\/comments?post=57"}],"version-history":[{"count":7,"href":"https:\/\/blogs.univ-tlse2.fr\/colloquetransporttoulouse2013\/wp-json\/wp\/v2\/pages\/57\/revisions"}],"predecessor-version":[{"id":69,"href":"https:\/\/blogs.univ-tlse2.fr\/colloquetransporttoulouse2013\/wp-json\/wp\/v2\/pages\/57\/revisions\/69"}],"up":[{"embeddable":true,"href":"https:\/\/blogs.univ-tlse2.fr\/colloquetransporttoulouse2013\/wp-json\/wp\/v2\/pages\/53"}],"wp:attachment":[{"href":"https:\/\/blogs.univ-tlse2.fr\/colloquetransporttoulouse2013\/wp-json\/wp\/v2\/media?parent=57"}],"curies":[{"name":"wp","href":"https:\/\/api.w.org\/{rel}","templated":true}]}}