 {"id":103,"date":"2013-06-19T09:16:35","date_gmt":"2013-06-19T09:16:35","guid":{"rendered":"https:\/\/blogs.univ-tlse2.fr\/comparaisons-semiotiques\/?page_id=103"},"modified":"2014-03-17T09:56:02","modified_gmt":"2014-03-17T08:56:02","slug":"informations-pratiques","status":"publish","type":"page","link":"https:\/\/blogs.univ-tlse2.fr\/comparaisons-semiotiques\/informations-pratiques\/","title":{"rendered":"Infos pratiques"},"content":{"rendered":"<p>D\u00e9placements<br \/>\n<a href=\"http:\/\/www.univ-tlse2.fr\/accueil-utm\/infos\/pratique\/adresses-et-acces\/moyens-d-acces-au-campus-du-mirail-61511.kjsp?RH=adrloc\" target=\"_blank\">Moyens d&rsquo;acc\u00e8s au campus du Mirail<\/a><br \/>\n<a href=\"http:\/\/www.tisseo.fr\/se-deplacer\/plans\" target=\"_blank\">Plans des r\u00e9seaux m\u00e9tro et bus<\/a><br \/>\n<a href=\"https:\/\/maps.google.com\/\" target=\"_blank\">Google Map Toulouse<\/a><\/p>\n<p>________________<\/p>\n<p>Adresse du Campus du Mirail : 5, all\u00e9es Antonio Machado 31058 TOULOUSE Cedex 9<a href=\"https:\/\/blogs.univ-tlse2.fr\/comparaisons-semiotiques\/files\/2013\/06\/Plan-acces-MdR.png\"><br \/>\nAcc\u00e8s au Campus : parcours m\u00e9tro\u2013Maison de la recherche<br \/>\n<\/a><\/p>\n<p><a href=\"https:\/\/blogs.univ-tlse2.fr\/comparaisons-semiotiques\/files\/2013\/06\/Plan-acces-MdR.png\"><img loading=\"lazy\" decoding=\"async\" class=\"alignnone size-medium wp-image-494\" alt=\"Plan-acces-MdR\" src=\"https:\/\/blogs.univ-tlse2.fr\/comparaisons-semiotiques\/files\/2013\/06\/Plan-acces-MdR-300x212.png\" width=\"300\" height=\"212\" srcset=\"https:\/\/blogs.univ-tlse2.fr\/comparaisons-semiotiques\/files\/2013\/06\/Plan-acces-MdR-300x212.png 300w, https:\/\/blogs.univ-tlse2.fr\/comparaisons-semiotiques\/files\/2013\/06\/Plan-acces-MdR-1024x724.png 1024w, https:\/\/blogs.univ-tlse2.fr\/comparaisons-semiotiques\/files\/2013\/06\/Plan-acces-MdR-424x300.png 424w, https:\/\/blogs.univ-tlse2.fr\/comparaisons-semiotiques\/files\/2013\/06\/Plan-acces-MdR.png 1753w\" sizes=\"auto, (max-width: 300px) 100vw, 300px\" \/><\/a><br \/>\n____________________<\/p>\n<p>HOTELS A TOULOUSE<\/p>\n<p>H\u00f4tel Le Capitole<br \/>\n10 Rue Rivals 31000 TOULOUSE<br \/>\nT\u00e9l : 05 61 23 21 28 &#8211; Fax : 05 61 23 67 48 Mail\u00a0: h&#111;&#x74;&#x65;l&#99;&#x61;&#x70;i&#116;&#x6f;&#x6c;e&#64;&#x77;&#x61;n&#97;&#x64;&#x6f;o&#46;&#x66;&#x72;<br \/>\n<a href=\"http:\/\/www.capitole-hotel.com\/\">http:\/\/www.capitole-hotel.com\/<\/a><br \/>\nChambres \u00e0 partir de 54 \u20ac<\/p>\n<p>H\u00f4tel\u00a0Saint Claire<br \/>\n29 Place Nicolas Bachelier 31000 TOULOUSE<br \/>\nT\u00e9l : 05 34 40 58 88 &#8211; Fax : 05 61 57 85 89 Mail\u00a0: &#x63;&#x6f;&#x6e;&#x74;&#97;&#99;t&#64;s&#x74;&#x63;&#x6c;&#x61;&#x69;&#114;&#101;hot&#x65;&#x6c;&#x2e;&#x63;&#x6f;&#109;<br \/>\n<a href=\"http:\/\/www.stclairehotel.fr\/\">http:\/\/www.stclairehotel.fr\/<\/a><br \/>\nChambres \u00e0 partir de 63 \u20ac<\/p>\n<p>H\u00f4tel\u00a0Albert Ier<br \/>\n8 Rue Rivals 31000 TOULOUSE<br \/>\nT\u00e9l : 05 61 21 17 91 &#8211; Fax : 05 61 21 09 64 Mail\u00a0: to&#117;&#x6c;&#x6f;&#x75;se&#64;&#104;&#x6f;&#x74;&#x65;l-&#97;&#108;&#x62;&#x65;&#x72;t1&#46;&#x63;&#x6f;&#x6d;<br \/>\n<a href=\"http:\/\/www.hotel-albert1.com\/\">http:\/\/www.hotel-albert1.com\/<\/a><br \/>\nChambres \u00e0 partir de 55 \u20ac<\/p>\n<p>H\u00f4tel\u00a0du Taur<br \/>\n2 Rue du Taur 31000 TOULOUSE<br \/>\nT\u00e9l : 05 61 21 17 54 &#8211; Fax : 05 61 13 78 41 Mail\u00a0: ho&#116;&#x65;&#x6c;dut&#97;&#x75;&#x72;&#64;wa&#110;&#x61;&#x64;oo&#46;&#x66;&#x72;<br \/>\n<a href=\"http:\/\/www.hotel-du-taur.com\/\">http:\/\/www.hotel-du-taur.com\/<\/a><br \/>\nChambres \u00e0 partir de 55 \u20ac Petit D\u00e9jeuner 9\u20ac<\/p>\n<p>H\u00f4tel\u00a0Junior<br \/>\n62, rue du Taur 31000 Toulouse<br \/>\nTel\u00a0: 05 61 21 69 67 Fax\u00a0: 05 61 13 66 51<br \/>\n<a href=\"http:\/\/www.hoteljunior.fr\/\">http:\/\/www.hoteljunior.fr<\/a><br \/>\nChambres \u00e0 partir de 65\u20ac Petit d\u00e9jeuner 8\u20ac<\/p>\n<p>H\u00f4tel\u00a0croix Baragnon<br \/>\n17 Rue Croix Baragnon 31000 TOULOUSE<br \/>\nT\u00e9l : 05 61 52 60 10 &#8211; Fax : 05 82 95 07 59 Mail\u00a0: &#x68;o&#x74;&#x65;l&#x63;&#114;o&#x69;&#120;b&#x61;r&#x61;&#x67;n&#x6f;&#110;&#46;&#x74;&#111;u&#x6c;o&#x75;&#x73;e&#x40;&#x6f;r&#x61;&#110;g&#x65;&#46;f&#x72;<br \/>\n<a href=\"http:\/\/www.hotelcroixbaragnon.com\/\">http:\/\/www.hotelcroixbaragnon.com\/<\/a><br \/>\nChambres \u00e0 partir de 56\u20ac Petit d\u00e9jeuner 6\u20ac<\/p>\n<p>H\u00f4tel\u00a0Le President<br \/>\n43-45 Rue Raymond IV 31000 TOULOUSE<br \/>\nT\u00e9l : 05 61 63 46 46 &#8211; Fax : 05 61 62 83 60 Mail\u00a0: h&#111;&#x74;&#x65;l-&#112;&#x72;&#x65;si&#100;&#x65;&#x6e;t&#64;&#x77;&#x61;&#x6e;a&#100;&#x6f;&#x6f;&#46;f&#114;<br \/>\n<a href=\"http:\/\/www.hotel-president.com\/\">http:\/\/www.hotel-president.com\/<\/a><br \/>\nChambres \u00e0 partir de 73\u20ac Petit d\u00e9jeuner 9\u20ac<\/p>\n<p>H\u00f4tel\u00a0Kyriad Toulouse Centre<br \/>\n5-7 Boulevard de la Gare 31500 TOULOUSE<br \/>\nT\u00e9l : 05 61 34 11 71 &#8211; Fax : 05 61 34 12 21 Mail\u00a0: &#x6b;&#x79;ri&#x61;&#x64;&#46;to&#x75;&#x6c;&#111;us&#x65;&#x2e;&#99;en&#x74;&#x72;e&#64;&#x73;&#x68;&#102;ra&#x6e;&#x63;&#101;&#46;c&#x6f;&#x6d;<br \/>\n<a href=\"http:\/\/www.kyriad-toulouse-centre.fr\/fr\/index.aspx\">http:\/\/www.kyriad-toulouse-centre.fr\/<\/a><\/p>\n<p>H\u00f4tel Albion<br \/>\n26-28 Rue Bachelier 31000 TOULOUSE<br \/>\nT\u00e9l : 05 61 63 60 36 &#8211; Fax : 05 61 62 66 95 Mail\u00a0: &#x68;&#x6f;&#116;&#101;l&#46;&#x68;&#x61;&#x6c;&#98;ion&#x40;&#x77;&#x61;&#110;ad&#x6f;&#x6f;&#x2e;&#102;&#114;<br \/>\n<a href=\"http:\/\/www.hotel-albion-toulouse.com\/\">http:\/\/www.hotel-albion-toulouse.com\/<\/a><br \/>\nChambres \u00e0 partir de 60\u20ac Petit d\u00e9jeuner 7\u20ac<\/p>\n<p>H\u00f4tel\u00a0B&amp;B Toulouse Centre<br \/>\n77 Boulevard de l&rsquo;Embouchure 31200 TOULOUSE<br \/>\nT\u00e9l : 08 92 78 81 02 &#8211; Fax : 05 34 40 19 00 Mail\u00a0: &#98;&#x62;_&#x34;&#x31;&#57;&#x34;&#64;&#x68;&#x6f;&#116;&#x65;l&#x62;&#x62;&#46;&#x63;o&#x6d;<br \/>\n<a href=\"http:\/\/www.hotel-bb.com\/fr\/home.htm\">http:\/\/www.hotel-bb.com\/<\/a><br \/>\nChambres \u00e0 partir de 59\u20ac Petit d\u00e9jeuner 6\u20ac<\/p>\n<p>H\u00f4tel Anatole France<br \/>\n46 place anatole France 31000 Toulouse<br \/>\nTel\u00a0: 05 61 23 19 96\u00a0\/ Fax\u00a0: 05 61 21 47 66 Mail\u00a0: &#x68;&#111;t&#x65;&#108;a&#x6e;&#x61;to&#x6c;&#101;f&#x72;&#x61;nc&#x65;&#64;o&#x72;&#x61;ng&#x65;&#46;f&#x72;<br \/>\n<a href=\"http:\/\/www.hotel-anatolefrance.com\/\">http:\/\/www.hotel-anatolefrance.com\/<\/a><br \/>\nChambres \u00e0 partir de 39\u20ac Petit d\u00e9jeuner 6\u20ac<\/p>\n<p>H\u00f4tel\u00a0Beausejour<br \/>\n4 Rue Caffarelli 31000 TOULOUSE<br \/>\nT\u00e9l : 05 61 62 77 59 &#8211; Fax : 05 31 60 58 56 Mail\u00a0: hot&#101;&#108;&#x2e;&#x62;&#x65;&#x61;use&#106;&#111;&#x75;&#x72;&#x40;&#x68;otm&#97;&#105;&#x6c;&#x2e;&#x66;&#x72;<br \/>\n<a href=\"http:\/\/www.hotelbeausejourtoulouse.com\/\">http:\/\/www.hotelbeausejourtoulouse.com\/<\/a><br \/>\nChambres \u00e0 partir de 39\u20ac<\/p>\n<p>H\u00f4tel\u00a0Excelsior<br \/>\n82 Rue Riquet 31000 TOULOUSE<br \/>\nT\u00e9l : 05 61 62 71 25 &#8211; Fax : 05 61 63 89 34 Mail\u00a0: excelsior_toulouse&#64;&#104;&#111;&#116;&#109;&#97;&#105;&#108;&#46;&#x63;&#x6f;&#x6d;<\/p>\n<p>AUBERGES DE JEUNESSE<\/p>\n<p>La petite auberge de Saint-Sernin<br \/>\n17 rue d\u2019Embarthe 31000 Toulouse<br \/>\nTel\u00a0: 09 83 37 17 69<br \/>\nA partir de 22\u20ac<\/p>\n<p>R\u00e9sidence Jolimont<br \/>\n2 avenue Yves Brunaud 31500 Toulouse<br \/>\nTel\u00a0: 05 34 30 42 80 Fax\u00a0: 05 34 30 19 67<br \/>\n<a href=\"http:\/\/www.hifrance.org\/auberge-de-jeunesse\/toulouse.html?page=article\">http:\/\/www.fuaj.org\/Toulouse<\/a><br \/>\nA partir de 17\u20ac<\/p>\n<p>&nbsp;<\/p>\n","protected":false},"excerpt":{"rendered":"<p>D\u00e9placements Moyens d&rsquo;acc\u00e8s au campus du Mirail Plans des r\u00e9seaux m\u00e9tro et bus Google Map Toulouse ________________ Adresse du Campus du Mirail : 5, all\u00e9es Antonio Machado 31058 TOULOUSE Cedex 9 Acc\u00e8s au Campus : parcours m\u00e9tro\u2013Maison de la recherche &hellip; <a href=\"https:\/\/blogs.univ-tlse2.fr\/comparaisons-semiotiques\/informations-pratiques\/\">Continuer la lecture <span class=\"meta-nav\">&rarr;<\/span><\/a><\/p>\n","protected":false},"author":195,"featured_media":0,"parent":0,"menu_order":0,"comment_status":"closed","ping_status":"closed","template":"","meta":{"footnotes":""},"class_list":["post-103","page","type-page","status-publish","hentry"],"_links":{"self":[{"href":"https:\/\/blogs.univ-tlse2.fr\/comparaisons-semiotiques\/wp-json\/wp\/v2\/pages\/103","targetHints":{"allow":["GET"]}}],"collection":[{"href":"https:\/\/blogs.univ-tlse2.fr\/comparaisons-semiotiques\/wp-json\/wp\/v2\/pages"}],"about":[{"href":"https:\/\/blogs.univ-tlse2.fr\/comparaisons-semiotiques\/wp-json\/wp\/v2\/types\/page"}],"author":[{"embeddable":true,"href":"https:\/\/blogs.univ-tlse2.fr\/comparaisons-semiotiques\/wp-json\/wp\/v2\/users\/195"}],"replies":[{"embeddable":true,"href":"https:\/\/blogs.univ-tlse2.fr\/comparaisons-semiotiques\/wp-json\/wp\/v2\/comments?post=103"}],"version-history":[{"count":12,"href":"https:\/\/blogs.univ-tlse2.fr\/comparaisons-semiotiques\/wp-json\/wp\/v2\/pages\/103\/revisions"}],"predecessor-version":[{"id":873,"href":"https:\/\/blogs.univ-tlse2.fr\/comparaisons-semiotiques\/wp-json\/wp\/v2\/pages\/103\/revisions\/873"}],"wp:attachment":[{"href":"https:\/\/blogs.univ-tlse2.fr\/comparaisons-semiotiques\/wp-json\/wp\/v2\/media?parent=103"}],"curies":[{"name":"wp","href":"https:\/\/api.w.org\/{rel}","templated":true}]}}