 {"id":149,"date":"2013-06-19T10:18:59","date_gmt":"2013-06-19T10:18:59","guid":{"rendered":"https:\/\/blogs.univ-tlse2.fr\/comparaisons-semiotiques\/?page_id=149"},"modified":"2014-03-17T09:57:29","modified_gmt":"2014-03-17T08:57:29","slug":"resume-intervenant-12","status":"publish","type":"page","link":"https:\/\/blogs.univ-tlse2.fr\/comparaisons-semiotiques\/resumes\/resume-intervenant-12\/","title":{"rendered":"Laurence Leveneur"},"content":{"rendered":"<p><a href=\"https:\/\/blogs.univ-tlse2.fr\/comparaisons-semiotiques\/files\/2013\/06\/graphique031.png\"><img loading=\"lazy\" decoding=\"async\" class=\"alignnone size-full wp-image-196\" alt=\"graphique03\" src=\"https:\/\/blogs.univ-tlse2.fr\/comparaisons-semiotiques\/files\/2013\/06\/graphique031.png\" width=\"65\" height=\"65\" \/><\/a><\/p>\n<h1><em><strong><\/strong><\/em>Du jeu au jeu t\u00e9l\u00e9visuel. Comparaisons et transpositions d\u2019un genre prot\u00e9iforme<\/h1>\n<p style=\"text-align: justify\">L\u2019\u00e9tude\u00a0 du\u00a0 jeu\u00a0 a\u00a0 souvent\u00a0 donn\u00e9\u00a0 aux\u00a0 th\u00e9oriciens\u00a0 une v\u00e9ritable sensation\u00a0 de\u00a0 vertige\u00a0 qui\u00a0 s\u2019est\u00a0 rapidement\u00a0 mu\u00e9e\u00a0 en\u00a0 une\u00a0 irr\u00e9pressible\u00a0 envie\u00a0 de\u00a0 dresser l\u2019inventaire le plus exhaustif possible de cet objet insaisissable et multiple. Les\u00a0 analyses\u00a0 des\u00a0 formes\u00a0 t\u00e9l\u00e9visuelles\u00a0 du\u00a0 jeu\u00a0 ne\u00a0 d\u00e9rogent\u00a0 pas\u00a0 \u00e0\u00a0 cette\u00a0 r\u00e8gle,\u00a0 d\u2019autant moins que l\u2019anciennet\u00e9\u00a0 de\u00a0 ce\u00a0 genre\u00a0 a favoris\u00e9\u00a0 la\u00a0 multiplication\u00a0 des\u00a0 formules\u00a0 qui,\u00a0 m\u00eame\u00a0 si\u00a0 beaucoup\u00a0 s\u2019accordent\u00a0 sur\u00a0 le\u00a0 fait qu\u2019elles\u00a0 marient\u00a0 g\u00e9n\u00e9ralement\u00a0 des\u00a0 ingr\u00e9dients\u00a0 fixes,\u00a0 n\u00e9cessitent\u00a0 une\u00a0 classification.<!--more--><\/p>\n<p style=\"text-align: justify\">Afin de\u00a0 mettre\u00a0 de l\u2019ordre\u00a0 dans\u00a0 un\u00a0 ensemble\u00a0 qui\u00a0 parait\u00a0 d\u2019embl\u00e9e\u00a0 prot\u00e9iforme, il faut commencer par dresser une cartographie du jeu t\u00e9l\u00e9vis\u00e9. Or il semble que\u00a0 derri\u00e8re\u00a0 l\u2019apparente\u00a0 \u00e9vidence\u00a0 de\u00a0 cette\u00a0 \u00e9tiquette\u00a0 g\u00e9n\u00e9rique\u00a0 essaiment\u00a0 des\u00a0 formats divers, allant des classiques jeux de questions-r\u00e9ponses \u00e0 cet incontournable ph\u00e9nom\u00e8ne qu\u2019est devenu la t\u00e9l\u00e9-r\u00e9alit\u00e9.<\/p>\n<p style=\"text-align: justify\">En outre, l\u2019adaptation t\u00e9l\u00e9visuelle du jeu implique\u00a0 la\u00a0 prise\u00a0 en\u00a0 compte\u00a0 des\u00a0 logiques\u00a0 propres\u00a0 \u00e0\u00a0 ce\u00a0 m\u00e9dia.\u00a0 De\u00a0 quelle\u00a0 nature peuvent\u00a0 \u00eatre\u00a0 les\u00a0 manifestations\u00a0 t\u00e9l\u00e9visuelles\u00a0 du\u00a0 jeu ?\u00a0 Quels\u00a0 sont\u00a0 les\u00a0 liens\u00a0 ou\u00a0 les oppositions\u00a0 qui\u00a0 se\u00a0 dessinent\u00a0 entre\u00a0 le\u00a0 jeu\u00a0 t\u00e9l\u00e9vis\u00e9\u00a0 et\u00a0 les\u00a0 autres\u00a0 genres\u00a0 qui\u00a0 lui\u00a0 sont associ\u00e9s ? Quelles sont les apports et les limites de l\u2019application des d\u00e9finitions et des typologies issues des sciences humaines aux \u00e9missions de jeux propos\u00e9es par la petite lucarne ?<\/p>\n<p style=\"text-align: justify\">Pour\u00a0 r\u00e9pondre \u00e0 ces questions\u00a0 nous\u00a0 avons du\u00a0 nous\u00a0 appuyer\u00a0 \u00e0\u00a0 la\u00a0 fois\u00a0 sur\u00a0 un\u00a0 corpus massif\u00a0 et\u00a0 diversifi\u00e9,\u00a0 et\u00a0 sur\u00a0 une\u00a0 grille\u00a0 d\u2019analyse\u00a0 dont\u00a0 les\u00a0 crit\u00e8res\u00a0 de\u00a0 typologisation devaient \u00eatre coh\u00e9rents et homog\u00e8nes, et principalement articul\u00e9s autour de\u00a0 trois\u00a0 grands\u00a0 axes : \u00e9nonciatif,\u00a0 s\u00e9mantique et syntaxique. Dans le cadre de ce colloque, nous proposons non seulement de revenir sur la m\u00e9thodologie employ\u00e9e dans le cadre de cette analyse s\u00e9mio-pragmatique, mais \u00e9galement de r\u00e9v\u00e9ler quelques-uns r\u00e9sultats les plus symptomatiques de ces comparaisons entre les diverses formes t\u00e9l\u00e9visuelles du jeu et ses parangons extra-m\u00e9diatiques.<\/p>\n<p style=\"text-align: right\"><strong>Laurence Leveneur<\/strong> (&#x4c;&#x61;&#x75;&#x72;&#x65;&#x6e;&#x63;&#x65;&#x2e;&#x4c;&#x65;&#x76;&#x65;&#x6e;&#x65;&#x75;&#x72;&#x2d;&#x6d;&#x61;&#x72;&#x74;&#x65;&#x6c;&#x40;&#x75;&#x74;&#x2d;&#x63;&#x61;&#x70;&#x69;&#x74;&#x6f;&#x6c;&#x65;&#x2e;&#x66;&#x72;)<br \/>\nIDETCOM, Universit\u00e9 de Toulouse 1<\/p>\n<p><strong><br \/>\nR\u00e9f\u00e9rences Bibliographiques<br \/>\n<\/strong>\u2013 Charaudeau P., Maingueneau D. (\u00e9ds. 2002). <i>Dictionnaire d\u2019analyse du discours<\/i>, Paris : Seuil.<br \/>\n\u2013 Esquenazi J.-P., (2003). \u00ab\u00a0El\u00e9ments de sociologie s\u00e9miotique de la t\u00e9l\u00e9vision\u00a0\u00bb, <i>Quaderni<\/i> n\u00b0 50\/51, Paris, pp. 89-115.<br \/>\n\u2013 Jost F. (\u00e9d.), 1997, <i>Le Genre t\u00e9l\u00e9visuel<\/i>, <i>R\u00e9seaux<\/i> n\u00b081, Paris, CNET.<br \/>\n\u2013 Leveneur L. (2009). <i>Les travestissements du jeu t\u00e9l\u00e9vis\u00e9<\/i>, Paris : Presses de la Sorbonne Nouvelle.<br \/>\n\u2013 Lochard G., Boyer H. (1995). <i>Notre \u00e9cran quotidien. Une radiographie du t\u00e9l\u00e9visuel,<\/i> Paris : Dunod.<br \/>\n\u2013 Steimberg O. (1977). \u00ab Des\u00a0 genres\u00a0 populaires\u00a0 \u00e0\u00a0 la\u00a0 t\u00e9l\u00e9vision :\u00a0 \u00e9tude\u00a0 d\u2019une\u00a0 transposition \u00bb, in JOST (\u00e9d. 1977), <i>Le genre t\u00e9l\u00e9visuel<\/i>, pp. 47-59.<\/p>\n","protected":false},"excerpt":{"rendered":"<p>Du jeu au jeu t\u00e9l\u00e9visuel. Comparaisons et transpositions d\u2019un genre prot\u00e9iforme L\u2019\u00e9tude\u00a0 du\u00a0 jeu\u00a0 a\u00a0 souvent\u00a0 donn\u00e9\u00a0 aux\u00a0 th\u00e9oriciens\u00a0 une v\u00e9ritable sensation\u00a0 de\u00a0 vertige\u00a0 qui\u00a0 s\u2019est\u00a0 rapidement\u00a0 mu\u00e9e\u00a0 en\u00a0 une\u00a0 irr\u00e9pressible\u00a0 envie\u00a0 de\u00a0 dresser l\u2019inventaire le plus exhaustif possible de &hellip; <a href=\"https:\/\/blogs.univ-tlse2.fr\/comparaisons-semiotiques\/resumes\/resume-intervenant-12\/\">Continuer la lecture <span class=\"meta-nav\">&rarr;<\/span><\/a><\/p>\n","protected":false},"author":195,"featured_media":0,"parent":159,"menu_order":0,"comment_status":"closed","ping_status":"closed","template":"","meta":{"footnotes":""},"class_list":["post-149","page","type-page","status-publish","hentry"],"_links":{"self":[{"href":"https:\/\/blogs.univ-tlse2.fr\/comparaisons-semiotiques\/wp-json\/wp\/v2\/pages\/149","targetHints":{"allow":["GET"]}}],"collection":[{"href":"https:\/\/blogs.univ-tlse2.fr\/comparaisons-semiotiques\/wp-json\/wp\/v2\/pages"}],"about":[{"href":"https:\/\/blogs.univ-tlse2.fr\/comparaisons-semiotiques\/wp-json\/wp\/v2\/types\/page"}],"author":[{"embeddable":true,"href":"https:\/\/blogs.univ-tlse2.fr\/comparaisons-semiotiques\/wp-json\/wp\/v2\/users\/195"}],"replies":[{"embeddable":true,"href":"https:\/\/blogs.univ-tlse2.fr\/comparaisons-semiotiques\/wp-json\/wp\/v2\/comments?post=149"}],"version-history":[{"count":13,"href":"https:\/\/blogs.univ-tlse2.fr\/comparaisons-semiotiques\/wp-json\/wp\/v2\/pages\/149\/revisions"}],"predecessor-version":[{"id":903,"href":"https:\/\/blogs.univ-tlse2.fr\/comparaisons-semiotiques\/wp-json\/wp\/v2\/pages\/149\/revisions\/903"}],"up":[{"embeddable":true,"href":"https:\/\/blogs.univ-tlse2.fr\/comparaisons-semiotiques\/wp-json\/wp\/v2\/pages\/159"}],"wp:attachment":[{"href":"https:\/\/blogs.univ-tlse2.fr\/comparaisons-semiotiques\/wp-json\/wp\/v2\/media?parent=149"}],"curies":[{"name":"wp","href":"https:\/\/api.w.org\/{rel}","templated":true}]}}