 {"id":390,"date":"2013-06-25T22:08:52","date_gmt":"2013-06-25T20:08:52","guid":{"rendered":"https:\/\/blogs.univ-tlse2.fr\/comparaisons-semiotiques\/?page_id=390"},"modified":"2014-03-17T09:56:02","modified_gmt":"2014-03-17T08:56:02","slug":"bertincourt","status":"publish","type":"page","link":"https:\/\/blogs.univ-tlse2.fr\/comparaisons-semiotiques\/intervenants\/bertincourt\/","title":{"rendered":"Bertincourt"},"content":{"rendered":"<p><strong>St\u00e9phanie Bertincourt<\/strong> (<a href=\"&#x6d;&#97;i&#x6c;&#116;o&#x3a;&#x73;be&#x72;&#116;i&#x6e;&#x63;ou&#x72;&#116;&#64;&#x67;&#x6d;ai&#x6c;&#46;c&#x6f;&#x6d;\">&#115;&#x62;&#101;&#x72;&#116;&#x69;&#110;&#x63;&#111;&#x75;&#114;&#x74;&#64;&#x67;&#109;&#x61;&#105;&#x6c;&#46;&#x63;&#111;&#x6d;<\/a>),\u00a0CPST, Universit\u00e9 de Toulouse<\/p>\n<p><em>Analyse s\u00e9miotique d&rsquo;une adaptation filmique. Le Pays sans \u00e9toiles de Pierre V\u00e9ry<\/em><\/p>\n","protected":false},"excerpt":{"rendered":"<p>St\u00e9phanie Bertincourt (sbe&#114;&#x74;&#x69;&#x6e;&#x63;our&#116;&#x40;&#x67;&#x6d;&#x61;il&#46;&#99;&#111;&#x6d;),\u00a0CPST, Universit\u00e9 de Toulouse Analyse s\u00e9miotique d&rsquo;une adaptation filmique. Le Pays sans \u00e9toiles de Pierre V\u00e9ry<\/p>\n","protected":false},"author":195,"featured_media":0,"parent":419,"menu_order":0,"comment_status":"closed","ping_status":"closed","template":"","meta":{"footnotes":""},"class_list":["post-390","page","type-page","status-publish","hentry"],"_links":{"self":[{"href":"https:\/\/blogs.univ-tlse2.fr\/comparaisons-semiotiques\/wp-json\/wp\/v2\/pages\/390","targetHints":{"allow":["GET"]}}],"collection":[{"href":"https:\/\/blogs.univ-tlse2.fr\/comparaisons-semiotiques\/wp-json\/wp\/v2\/pages"}],"about":[{"href":"https:\/\/blogs.univ-tlse2.fr\/comparaisons-semiotiques\/wp-json\/wp\/v2\/types\/page"}],"author":[{"embeddable":true,"href":"https:\/\/blogs.univ-tlse2.fr\/comparaisons-semiotiques\/wp-json\/wp\/v2\/users\/195"}],"replies":[{"embeddable":true,"href":"https:\/\/blogs.univ-tlse2.fr\/comparaisons-semiotiques\/wp-json\/wp\/v2\/comments?post=390"}],"version-history":[{"count":8,"href":"https:\/\/blogs.univ-tlse2.fr\/comparaisons-semiotiques\/wp-json\/wp\/v2\/pages\/390\/revisions"}],"predecessor-version":[{"id":875,"href":"https:\/\/blogs.univ-tlse2.fr\/comparaisons-semiotiques\/wp-json\/wp\/v2\/pages\/390\/revisions\/875"}],"up":[{"embeddable":true,"href":"https:\/\/blogs.univ-tlse2.fr\/comparaisons-semiotiques\/wp-json\/wp\/v2\/pages\/419"}],"wp:attachment":[{"href":"https:\/\/blogs.univ-tlse2.fr\/comparaisons-semiotiques\/wp-json\/wp\/v2\/media?parent=390"}],"curies":[{"name":"wp","href":"https:\/\/api.w.org\/{rel}","templated":true}]}}