 {"id":399,"date":"2013-06-25T22:14:04","date_gmt":"2013-06-25T20:14:04","guid":{"rendered":"https:\/\/blogs.univ-tlse2.fr\/comparaisons-semiotiques\/?page_id=399"},"modified":"2014-03-17T09:56:02","modified_gmt":"2014-03-17T08:56:02","slug":"galarreta","status":"publish","type":"page","link":"https:\/\/blogs.univ-tlse2.fr\/comparaisons-semiotiques\/intervenants\/galarreta\/","title":{"rendered":"Galarreta"},"content":{"rendered":"<p><strong>Daniel Galarreta<\/strong> (<a href=\"&#x6d;&#97;il&#x74;&#x6f;:D&#x61;&#x6e;ie&#x6c;&#x2e;&#71;a&#x6c;&#x61;&#114;r&#x65;&#x74;&#97;&#64;&#x63;&#x6e;&#101;s&#46;&#x66;&#x72;\">&#x44;&#x61;&#x6e;&#105;&#101;l&#46;G&#x61;&#x6c;&#x61;&#x72;&#114;eta&#x40;&#x63;&#x6e;&#x65;&#115;&#46;fr<\/a>),\u00a0CNES<\/p>\n<p><em>Comparaisons linguistiques vs s\u00e9miotiques. D\u00e9tecter les \u00e9volutions de connaissances<\/em><\/p>\n","protected":false},"excerpt":{"rendered":"<p>Daniel Galarreta (D&#97;&#x6e;&#x69;e&#108;&#x2e;&#x47;a&#108;&#x61;&#x72;r&#101;&#x74;&#x61;&#64;&#99;&#x6e;&#x65;s&#46;&#x66;&#x72;),\u00a0CNES Comparaisons linguistiques vs s\u00e9miotiques. D\u00e9tecter les \u00e9volutions de connaissances<\/p>\n","protected":false},"author":195,"featured_media":0,"parent":419,"menu_order":0,"comment_status":"closed","ping_status":"closed","template":"","meta":{"footnotes":""},"class_list":["post-399","page","type-page","status-publish","hentry"],"_links":{"self":[{"href":"https:\/\/blogs.univ-tlse2.fr\/comparaisons-semiotiques\/wp-json\/wp\/v2\/pages\/399","targetHints":{"allow":["GET"]}}],"collection":[{"href":"https:\/\/blogs.univ-tlse2.fr\/comparaisons-semiotiques\/wp-json\/wp\/v2\/pages"}],"about":[{"href":"https:\/\/blogs.univ-tlse2.fr\/comparaisons-semiotiques\/wp-json\/wp\/v2\/types\/page"}],"author":[{"embeddable":true,"href":"https:\/\/blogs.univ-tlse2.fr\/comparaisons-semiotiques\/wp-json\/wp\/v2\/users\/195"}],"replies":[{"embeddable":true,"href":"https:\/\/blogs.univ-tlse2.fr\/comparaisons-semiotiques\/wp-json\/wp\/v2\/comments?post=399"}],"version-history":[{"count":8,"href":"https:\/\/blogs.univ-tlse2.fr\/comparaisons-semiotiques\/wp-json\/wp\/v2\/pages\/399\/revisions"}],"predecessor-version":[{"id":879,"href":"https:\/\/blogs.univ-tlse2.fr\/comparaisons-semiotiques\/wp-json\/wp\/v2\/pages\/399\/revisions\/879"}],"up":[{"embeddable":true,"href":"https:\/\/blogs.univ-tlse2.fr\/comparaisons-semiotiques\/wp-json\/wp\/v2\/pages\/419"}],"wp:attachment":[{"href":"https:\/\/blogs.univ-tlse2.fr\/comparaisons-semiotiques\/wp-json\/wp\/v2\/media?parent=399"}],"curies":[{"name":"wp","href":"https:\/\/api.w.org\/{rel}","templated":true}]}}