 {"id":405,"date":"2013-06-25T22:17:42","date_gmt":"2013-06-25T20:17:42","guid":{"rendered":"https:\/\/blogs.univ-tlse2.fr\/comparaisons-semiotiques\/?page_id=405"},"modified":"2014-03-17T09:56:02","modified_gmt":"2014-03-17T08:56:02","slug":"harir","status":"publish","type":"page","link":"https:\/\/blogs.univ-tlse2.fr\/comparaisons-semiotiques\/intervenants\/harir\/","title":{"rendered":"Harir"},"content":{"rendered":"<p><strong>Dalila Harir<\/strong> (h&#95;&#x64;al&#x69;&#x65;&#64;h&#x6f;&#x74;ma&#x69;&#x6c;&#46;&#99;&#x6f;&#x6d;),\u00a0Universit\u00e9 Paris 8 Vincennes Saint-Denis<\/p>\n<p><em>Confrontation s\u00e9miotique : de la litt\u00e9rature classique au manga<\/em><\/p>\n","protected":false},"excerpt":{"rendered":"<p>Dalila Harir (&#x68;_&#x64;a&#x6c;&#105;&#x65;&#x40;h&#x6f;t&#x6d;&#97;&#x69;&#108;&#46;&#x63;o&#x6d;),\u00a0Universit\u00e9 Paris 8 Vincennes Saint-Denis Confrontation s\u00e9miotique : de la litt\u00e9rature classique au manga<\/p>\n","protected":false},"author":195,"featured_media":0,"parent":419,"menu_order":0,"comment_status":"closed","ping_status":"closed","template":"","meta":{"footnotes":""},"class_list":["post-405","page","type-page","status-publish","hentry"],"_links":{"self":[{"href":"https:\/\/blogs.univ-tlse2.fr\/comparaisons-semiotiques\/wp-json\/wp\/v2\/pages\/405","targetHints":{"allow":["GET"]}}],"collection":[{"href":"https:\/\/blogs.univ-tlse2.fr\/comparaisons-semiotiques\/wp-json\/wp\/v2\/pages"}],"about":[{"href":"https:\/\/blogs.univ-tlse2.fr\/comparaisons-semiotiques\/wp-json\/wp\/v2\/types\/page"}],"author":[{"embeddable":true,"href":"https:\/\/blogs.univ-tlse2.fr\/comparaisons-semiotiques\/wp-json\/wp\/v2\/users\/195"}],"replies":[{"embeddable":true,"href":"https:\/\/blogs.univ-tlse2.fr\/comparaisons-semiotiques\/wp-json\/wp\/v2\/comments?post=405"}],"version-history":[{"count":7,"href":"https:\/\/blogs.univ-tlse2.fr\/comparaisons-semiotiques\/wp-json\/wp\/v2\/pages\/405\/revisions"}],"predecessor-version":[{"id":881,"href":"https:\/\/blogs.univ-tlse2.fr\/comparaisons-semiotiques\/wp-json\/wp\/v2\/pages\/405\/revisions\/881"}],"up":[{"embeddable":true,"href":"https:\/\/blogs.univ-tlse2.fr\/comparaisons-semiotiques\/wp-json\/wp\/v2\/pages\/419"}],"wp:attachment":[{"href":"https:\/\/blogs.univ-tlse2.fr\/comparaisons-semiotiques\/wp-json\/wp\/v2\/media?parent=405"}],"curies":[{"name":"wp","href":"https:\/\/api.w.org\/{rel}","templated":true}]}}