 {"id":408,"date":"2013-06-25T22:18:44","date_gmt":"2013-06-25T20:18:44","guid":{"rendered":"https:\/\/blogs.univ-tlse2.fr\/comparaisons-semiotiques\/?page_id=408"},"modified":"2014-03-17T09:57:02","modified_gmt":"2014-03-17T08:57:02","slug":"leone","status":"publish","type":"page","link":"https:\/\/blogs.univ-tlse2.fr\/comparaisons-semiotiques\/intervenants\/leone\/","title":{"rendered":"Leone"},"content":{"rendered":"<p><strong>Massimo Leone <\/strong>(<a href=\"&#x6d;&#x61;&#x69;&#108;&#116;o:m&#x61;&#x73;&#x73;&#x69;&#109;o&#46;l&#x65;&#x6f;&#x6e;&#x65;&#64;uni&#x74;&#x6f;&#x2e;&#x69;&#116;\">ma&#x73;&#x73;&#x69;mo&#46;&#x6c;&#x65;on&#101;&#x40;&#x75;ni&#116;&#x6f;&#x2e;&#x69;t<\/a>),\u00a0Universit\u00e0 di Torino<\/p>\n<p><em>S\u00e9miotique de la vacuit\u00e9<\/em><\/p>\n","protected":false},"excerpt":{"rendered":"<p>Massimo Leone (&#x6d;a&#x73;s&#x69;m&#x6f;&#46;l&#x65;o&#x6e;e&#x40;&#117;&#x6e;&#105;t&#x6f;&#46;&#x69;t),\u00a0Universit\u00e0 di Torino S\u00e9miotique de la vacuit\u00e9<\/p>\n","protected":false},"author":195,"featured_media":0,"parent":419,"menu_order":0,"comment_status":"closed","ping_status":"closed","template":"","meta":{"footnotes":""},"class_list":["post-408","page","type-page","status-publish","hentry"],"_links":{"self":[{"href":"https:\/\/blogs.univ-tlse2.fr\/comparaisons-semiotiques\/wp-json\/wp\/v2\/pages\/408","targetHints":{"allow":["GET"]}}],"collection":[{"href":"https:\/\/blogs.univ-tlse2.fr\/comparaisons-semiotiques\/wp-json\/wp\/v2\/pages"}],"about":[{"href":"https:\/\/blogs.univ-tlse2.fr\/comparaisons-semiotiques\/wp-json\/wp\/v2\/types\/page"}],"author":[{"embeddable":true,"href":"https:\/\/blogs.univ-tlse2.fr\/comparaisons-semiotiques\/wp-json\/wp\/v2\/users\/195"}],"replies":[{"embeddable":true,"href":"https:\/\/blogs.univ-tlse2.fr\/comparaisons-semiotiques\/wp-json\/wp\/v2\/comments?post=408"}],"version-history":[{"count":7,"href":"https:\/\/blogs.univ-tlse2.fr\/comparaisons-semiotiques\/wp-json\/wp\/v2\/pages\/408\/revisions"}],"predecessor-version":[{"id":882,"href":"https:\/\/blogs.univ-tlse2.fr\/comparaisons-semiotiques\/wp-json\/wp\/v2\/pages\/408\/revisions\/882"}],"up":[{"embeddable":true,"href":"https:\/\/blogs.univ-tlse2.fr\/comparaisons-semiotiques\/wp-json\/wp\/v2\/pages\/419"}],"wp:attachment":[{"href":"https:\/\/blogs.univ-tlse2.fr\/comparaisons-semiotiques\/wp-json\/wp\/v2\/media?parent=408"}],"curies":[{"name":"wp","href":"https:\/\/api.w.org\/{rel}","templated":true}]}}