 {"id":415,"date":"2013-06-25T22:21:13","date_gmt":"2013-06-25T20:21:13","guid":{"rendered":"https:\/\/blogs.univ-tlse2.fr\/comparaisons-semiotiques\/?page_id=415"},"modified":"2014-03-17T09:57:02","modified_gmt":"2014-03-17T08:57:02","slug":"leveneur","status":"publish","type":"page","link":"https:\/\/blogs.univ-tlse2.fr\/comparaisons-semiotiques\/intervenants\/leveneur\/","title":{"rendered":"Leveneur"},"content":{"rendered":"<p><strong>Laurence Leveneur<\/strong> (<a href=\"m&#97;&#x69;&#x6c;t&#111;&#x3a;&#x4c;a&#117;&#x72;&#x65;n&#99;&#x65;&#x2e;L&#101;&#x76;&#x65;n&#101;&#x75;&#x72;-&#109;&#x61;&#x72;t&#101;&#x6c;&#x40;u&#116;&#x2d;&#x63;a&#112;&#x69;&#x74;o&#108;&#x65;&#x2e;f&#114;\">Lauren&#99;&#101;&#46;&#x4c;&#x65;&#x76;&#x65;&#x6e;&#x65;&#x75;r-marte&#108;&#64;&#x75;&#x74;&#x2d;&#x63;&#x61;&#x70;&#x69;&#x74;ole&#46;fr<\/a>),\u00a0IDETCOM, Universit\u00e9 de Toulouse 1<\/p>\n<p><em>Du jeu au jeu t\u00e9l\u00e9visuel. Comparaisons et transpositions d\u2019un genre prot\u00e9iforme<\/em><\/p>\n","protected":false},"excerpt":{"rendered":"<p>Laurence Leveneur (&#x4c;&#x61;&#117;r&#x65;&#x6e;&#x63;&#101;&#46;&#x4c;&#x65;&#x76;&#101;n&#x65;&#x75;&#x72;&#45;m&#x61;&#x72;&#x74;&#101;l&#x40;&#x75;&#x74;&#45;c&#x61;&#x70;&#x69;&#116;o&#x6c;&#x65;&#x2e;&#102;r),\u00a0IDETCOM, Universit\u00e9 de Toulouse 1 Du jeu au jeu t\u00e9l\u00e9visuel. Comparaisons et transpositions d\u2019un genre prot\u00e9iforme<\/p>\n","protected":false},"author":195,"featured_media":0,"parent":419,"menu_order":0,"comment_status":"closed","ping_status":"closed","template":"","meta":{"footnotes":""},"class_list":["post-415","page","type-page","status-publish","hentry"],"_links":{"self":[{"href":"https:\/\/blogs.univ-tlse2.fr\/comparaisons-semiotiques\/wp-json\/wp\/v2\/pages\/415","targetHints":{"allow":["GET"]}}],"collection":[{"href":"https:\/\/blogs.univ-tlse2.fr\/comparaisons-semiotiques\/wp-json\/wp\/v2\/pages"}],"about":[{"href":"https:\/\/blogs.univ-tlse2.fr\/comparaisons-semiotiques\/wp-json\/wp\/v2\/types\/page"}],"author":[{"embeddable":true,"href":"https:\/\/blogs.univ-tlse2.fr\/comparaisons-semiotiques\/wp-json\/wp\/v2\/users\/195"}],"replies":[{"embeddable":true,"href":"https:\/\/blogs.univ-tlse2.fr\/comparaisons-semiotiques\/wp-json\/wp\/v2\/comments?post=415"}],"version-history":[{"count":7,"href":"https:\/\/blogs.univ-tlse2.fr\/comparaisons-semiotiques\/wp-json\/wp\/v2\/pages\/415\/revisions"}],"predecessor-version":[{"id":883,"href":"https:\/\/blogs.univ-tlse2.fr\/comparaisons-semiotiques\/wp-json\/wp\/v2\/pages\/415\/revisions\/883"}],"up":[{"embeddable":true,"href":"https:\/\/blogs.univ-tlse2.fr\/comparaisons-semiotiques\/wp-json\/wp\/v2\/pages\/419"}],"wp:attachment":[{"href":"https:\/\/blogs.univ-tlse2.fr\/comparaisons-semiotiques\/wp-json\/wp\/v2\/media?parent=415"}],"curies":[{"name":"wp","href":"https:\/\/api.w.org\/{rel}","templated":true}]}}