 {"id":435,"date":"2013-06-25T22:27:37","date_gmt":"2013-06-25T20:27:37","guid":{"rendered":"https:\/\/blogs.univ-tlse2.fr\/comparaisons-semiotiques\/?page_id=435"},"modified":"2014-03-17T09:57:02","modified_gmt":"2014-03-17T08:57:02","slug":"perineau","status":"publish","type":"page","link":"https:\/\/blogs.univ-tlse2.fr\/comparaisons-semiotiques\/intervenants\/perineau\/","title":{"rendered":"P\u00e9rineau"},"content":{"rendered":"<p><strong>Sylvie P\u00e9rineau<\/strong>, (<a href=\"&#x6d;&#97;i&#x6c;&#x74;&#111;:&#x73;&#x79;&#108;v&#x69;&#x65;&#46;p&#x65;&#x72;&#105;n&#x65;&#x61;&#117;&#64;&#x75;&#x6e;&#105;l&#x69;&#x6d;&#46;f&#x72;\">&#x73;&#121;lv&#x69;&#x65;&#46;p&#x65;&#x72;&#105;ne&#x61;&#117;&#64;u&#x6e;&#x69;&#108;i&#x6d;&#x2e;&#102;r<\/a>),\u00a0Universit\u00e9 de Limoges, CeReS<\/p>\n<p><em>Quels principes de pr\u00e9caution pour un usage s\u00e9miotique de la comparaison ?<\/em><\/p>\n","protected":false},"excerpt":{"rendered":"<p>Sylvie P\u00e9rineau, (sylvie&#46;&#112;&#101;&#114;&#105;&#x6e;&#x65;&#x61;&#x75;&#x40;&#x75;&#x6e;&#x69;&#x6c;im&#46;fr),\u00a0Universit\u00e9 de Limoges, CeReS Quels principes de pr\u00e9caution pour un usage s\u00e9miotique de la comparaison ?<\/p>\n","protected":false},"author":195,"featured_media":0,"parent":419,"menu_order":0,"comment_status":"closed","ping_status":"open","template":"","meta":{"footnotes":""},"class_list":["post-435","page","type-page","status-publish","hentry"],"_links":{"self":[{"href":"https:\/\/blogs.univ-tlse2.fr\/comparaisons-semiotiques\/wp-json\/wp\/v2\/pages\/435","targetHints":{"allow":["GET"]}}],"collection":[{"href":"https:\/\/blogs.univ-tlse2.fr\/comparaisons-semiotiques\/wp-json\/wp\/v2\/pages"}],"about":[{"href":"https:\/\/blogs.univ-tlse2.fr\/comparaisons-semiotiques\/wp-json\/wp\/v2\/types\/page"}],"author":[{"embeddable":true,"href":"https:\/\/blogs.univ-tlse2.fr\/comparaisons-semiotiques\/wp-json\/wp\/v2\/users\/195"}],"replies":[{"embeddable":true,"href":"https:\/\/blogs.univ-tlse2.fr\/comparaisons-semiotiques\/wp-json\/wp\/v2\/comments?post=435"}],"version-history":[{"count":5,"href":"https:\/\/blogs.univ-tlse2.fr\/comparaisons-semiotiques\/wp-json\/wp\/v2\/pages\/435\/revisions"}],"predecessor-version":[{"id":885,"href":"https:\/\/blogs.univ-tlse2.fr\/comparaisons-semiotiques\/wp-json\/wp\/v2\/pages\/435\/revisions\/885"}],"up":[{"embeddable":true,"href":"https:\/\/blogs.univ-tlse2.fr\/comparaisons-semiotiques\/wp-json\/wp\/v2\/pages\/419"}],"wp:attachment":[{"href":"https:\/\/blogs.univ-tlse2.fr\/comparaisons-semiotiques\/wp-json\/wp\/v2\/media?parent=435"}],"curies":[{"name":"wp","href":"https:\/\/api.w.org\/{rel}","templated":true}]}}