 {"id":511,"date":"2013-06-28T12:53:11","date_gmt":"2013-06-28T10:53:11","guid":{"rendered":"https:\/\/blogs.univ-tlse2.fr\/comparaisons-semiotiques\/?page_id=511"},"modified":"2014-03-17T09:56:02","modified_gmt":"2014-03-17T08:56:02","slug":"deplacements","status":"publish","type":"page","link":"https:\/\/blogs.univ-tlse2.fr\/comparaisons-semiotiques\/informations-pratiques\/deplacements\/","title":{"rendered":"D\u00e9placements"},"content":{"rendered":"<p><a href=\"http:\/\/www.univ-tlse2.fr\/accueil-utm\/infos\/pratique\/adresses-et-acces\/moyens-d-acces-au-campus-du-mirail-61511.kjsp?RH=adrloc\" target=\"_blank\">Moyens d&rsquo;acc\u00e8s au campus du Mirail<\/a><br \/>\n<a href=\"http:\/\/www.tisseo.fr\/se-deplacer\/plans\" target=\"_blank\">Plans des r\u00e9seaux m\u00e9tro et bus<\/a><br \/>\n<a href=\"https:\/\/maps.google.com\/\" target=\"_blank\">Google Map<\/a><\/p>\n","protected":false},"excerpt":{"rendered":"<p>Moyens d&rsquo;acc\u00e8s au campus du Mirail Plans des r\u00e9seaux m\u00e9tro et bus Google Map<\/p>\n","protected":false},"author":195,"featured_media":0,"parent":103,"menu_order":0,"comment_status":"closed","ping_status":"open","template":"","meta":{"footnotes":""},"class_list":["post-511","page","type-page","status-publish","hentry"],"_links":{"self":[{"href":"https:\/\/blogs.univ-tlse2.fr\/comparaisons-semiotiques\/wp-json\/wp\/v2\/pages\/511","targetHints":{"allow":["GET"]}}],"collection":[{"href":"https:\/\/blogs.univ-tlse2.fr\/comparaisons-semiotiques\/wp-json\/wp\/v2\/pages"}],"about":[{"href":"https:\/\/blogs.univ-tlse2.fr\/comparaisons-semiotiques\/wp-json\/wp\/v2\/types\/page"}],"author":[{"embeddable":true,"href":"https:\/\/blogs.univ-tlse2.fr\/comparaisons-semiotiques\/wp-json\/wp\/v2\/users\/195"}],"replies":[{"embeddable":true,"href":"https:\/\/blogs.univ-tlse2.fr\/comparaisons-semiotiques\/wp-json\/wp\/v2\/comments?post=511"}],"version-history":[{"count":5,"href":"https:\/\/blogs.univ-tlse2.fr\/comparaisons-semiotiques\/wp-json\/wp\/v2\/pages\/511\/revisions"}],"predecessor-version":[{"id":609,"href":"https:\/\/blogs.univ-tlse2.fr\/comparaisons-semiotiques\/wp-json\/wp\/v2\/pages\/511\/revisions\/609"}],"up":[{"embeddable":true,"href":"https:\/\/blogs.univ-tlse2.fr\/comparaisons-semiotiques\/wp-json\/wp\/v2\/pages\/103"}],"wp:attachment":[{"href":"https:\/\/blogs.univ-tlse2.fr\/comparaisons-semiotiques\/wp-json\/wp\/v2\/media?parent=511"}],"curies":[{"name":"wp","href":"https:\/\/api.w.org\/{rel}","templated":true}]}}