 {"id":610,"date":"2013-06-29T12:53:51","date_gmt":"2013-06-29T10:53:51","guid":{"rendered":"https:\/\/blogs.univ-tlse2.fr\/comparaisons-semiotiques\/?page_id=610"},"modified":"2014-03-17T09:56:02","modified_gmt":"2014-03-17T08:56:02","slug":"610-2","status":"publish","type":"page","link":"https:\/\/blogs.univ-tlse2.fr\/comparaisons-semiotiques\/conferences\/610-2\/","title":{"rendered":"D\u00e9sveaux"},"content":{"rendered":"<p><strong>Emmanuel D\u00e9sveaux<\/strong>, Directeur d&rsquo;Etudes \u00e0 l&rsquo;EHESS,<br \/>\nAdjunct Professor, University of Indiana, Bloomington<\/p>\n<p style=\"text-align: center\"><em>Comparer, mais \u00e0 quelle \u00e9chelle ? le cas de l&rsquo;architecture alpine<br \/>\n<\/em><\/p>\n","protected":false},"excerpt":{"rendered":"<p>Emmanuel D\u00e9sveaux, Directeur d&rsquo;Etudes \u00e0 l&rsquo;EHESS, Adjunct Professor, University of Indiana, Bloomington Comparer, mais \u00e0 quelle \u00e9chelle ? le cas de l&rsquo;architecture alpine<\/p>\n","protected":false},"author":195,"featured_media":0,"parent":462,"menu_order":0,"comment_status":"closed","ping_status":"open","template":"","meta":{"footnotes":""},"class_list":["post-610","page","type-page","status-publish","hentry"],"_links":{"self":[{"href":"https:\/\/blogs.univ-tlse2.fr\/comparaisons-semiotiques\/wp-json\/wp\/v2\/pages\/610","targetHints":{"allow":["GET"]}}],"collection":[{"href":"https:\/\/blogs.univ-tlse2.fr\/comparaisons-semiotiques\/wp-json\/wp\/v2\/pages"}],"about":[{"href":"https:\/\/blogs.univ-tlse2.fr\/comparaisons-semiotiques\/wp-json\/wp\/v2\/types\/page"}],"author":[{"embeddable":true,"href":"https:\/\/blogs.univ-tlse2.fr\/comparaisons-semiotiques\/wp-json\/wp\/v2\/users\/195"}],"replies":[{"embeddable":true,"href":"https:\/\/blogs.univ-tlse2.fr\/comparaisons-semiotiques\/wp-json\/wp\/v2\/comments?post=610"}],"version-history":[{"count":22,"href":"https:\/\/blogs.univ-tlse2.fr\/comparaisons-semiotiques\/wp-json\/wp\/v2\/pages\/610\/revisions"}],"predecessor-version":[{"id":871,"href":"https:\/\/blogs.univ-tlse2.fr\/comparaisons-semiotiques\/wp-json\/wp\/v2\/pages\/610\/revisions\/871"}],"up":[{"embeddable":true,"href":"https:\/\/blogs.univ-tlse2.fr\/comparaisons-semiotiques\/wp-json\/wp\/v2\/pages\/462"}],"wp:attachment":[{"href":"https:\/\/blogs.univ-tlse2.fr\/comparaisons-semiotiques\/wp-json\/wp\/v2\/media?parent=610"}],"curies":[{"name":"wp","href":"https:\/\/api.w.org\/{rel}","templated":true}]}}