 {"id":614,"date":"2013-06-29T12:58:07","date_gmt":"2013-06-29T10:58:07","guid":{"rendered":"https:\/\/blogs.univ-tlse2.fr\/comparaisons-semiotiques\/?page_id=614"},"modified":"2014-03-17T09:56:02","modified_gmt":"2014-03-17T08:56:02","slug":"ivan-darrault-harris","status":"publish","type":"page","link":"https:\/\/blogs.univ-tlse2.fr\/comparaisons-semiotiques\/conferences\/ivan-darrault-harris\/","title":{"rendered":"Darrault-Harris"},"content":{"rendered":"<p><strong>Ivan Darrault-Harris<\/strong>,<strong> <\/strong>EHESS (\u00c9pist\u00e9mologie des Mod\u00e8les S\u00e9miotiques et Cognitifs)<strong><br \/>\n<\/strong>Secr\u00e9taire de l&rsquo;Association Fran\u00e7aise de S\u00e9miotique<strong><br \/>\n<\/strong><\/p>\n<p style=\"text-align: center\"><em>Au carrefour fusionnant discours, objets et pratiques, les d\u00e9fis de la psychoth\u00e9rapie<\/em><\/p>\n","protected":false},"excerpt":{"rendered":"<p>Ivan Darrault-Harris, EHESS (\u00c9pist\u00e9mologie des Mod\u00e8les S\u00e9miotiques et Cognitifs) Secr\u00e9taire de l&rsquo;Association Fran\u00e7aise de S\u00e9miotique Au carrefour fusionnant discours, objets et pratiques, les d\u00e9fis de la psychoth\u00e9rapie<\/p>\n","protected":false},"author":195,"featured_media":0,"parent":462,"menu_order":0,"comment_status":"closed","ping_status":"open","template":"","meta":{"footnotes":""},"class_list":["post-614","page","type-page","status-publish","hentry"],"_links":{"self":[{"href":"https:\/\/blogs.univ-tlse2.fr\/comparaisons-semiotiques\/wp-json\/wp\/v2\/pages\/614","targetHints":{"allow":["GET"]}}],"collection":[{"href":"https:\/\/blogs.univ-tlse2.fr\/comparaisons-semiotiques\/wp-json\/wp\/v2\/pages"}],"about":[{"href":"https:\/\/blogs.univ-tlse2.fr\/comparaisons-semiotiques\/wp-json\/wp\/v2\/types\/page"}],"author":[{"embeddable":true,"href":"https:\/\/blogs.univ-tlse2.fr\/comparaisons-semiotiques\/wp-json\/wp\/v2\/users\/195"}],"replies":[{"embeddable":true,"href":"https:\/\/blogs.univ-tlse2.fr\/comparaisons-semiotiques\/wp-json\/wp\/v2\/comments?post=614"}],"version-history":[{"count":8,"href":"https:\/\/blogs.univ-tlse2.fr\/comparaisons-semiotiques\/wp-json\/wp\/v2\/pages\/614\/revisions"}],"predecessor-version":[{"id":870,"href":"https:\/\/blogs.univ-tlse2.fr\/comparaisons-semiotiques\/wp-json\/wp\/v2\/pages\/614\/revisions\/870"}],"up":[{"embeddable":true,"href":"https:\/\/blogs.univ-tlse2.fr\/comparaisons-semiotiques\/wp-json\/wp\/v2\/pages\/462"}],"wp:attachment":[{"href":"https:\/\/blogs.univ-tlse2.fr\/comparaisons-semiotiques\/wp-json\/wp\/v2\/media?parent=614"}],"curies":[{"name":"wp","href":"https:\/\/api.w.org\/{rel}","templated":true}]}}